{"id":16602,"date":"2019-06-18T10:25:05","date_gmt":"2019-06-18T09:25:05","guid":{"rendered":"https:\/\/promatmedical.com\/?post_type=product&#038;p=16602"},"modified":"2025-03-08T08:42:56","modified_gmt":"2025-03-08T07:42:56","slug":"table-dexamen-gynecologique-basic-9lv0015","status":"publish","type":"product","link":"https:\/\/promatmedical.com\/en\/product\/table-dexamen-gynecologique-basic-9lv0015\/","title":{"rendered":"Table d&#8217;examen gyn\u00e9cologique BASIC &#8211; 9LV0015"},"content":{"rendered":"<h2>Table d&#8217;examen gyn\u00e9cologique BASIC &#8211; 9LV0015<\/h2>\n<div class=\"kvgmc6g5 cxmmr5t8 oygrvhab hcukyx3x c1et5uql ii04i59q\">\n<div dir=\"auto\">Table d&#8217;examen gyn\u00e9cologique<\/div>\n<div dir=\"auto\">Mod\u00e8le BASIC &#8211; 9LV0015<\/div>\n<div dir=\"auto\">Manuelle, A hauteur fixe, Trois plans..<\/div>\n<\/div>\n<div class=\"o9v6fnle cxmmr5t8 oygrvhab hcukyx3x c1et5uql ii04i59q\">\n<div dir=\"auto\">Cadre et pieds interm\u00e9diaires en tube d&#8217;acier chrom\u00e9. Dossier et repose-jambes r\u00e9glables avec friction semi-automatique. Plateau coulissant amovible en acier inoxydable. Les surfaces sont en mousse de polyur\u00e9thane souple ignifuge recouverte d&#8217;un rev\u00eatement de similicuir ignifuge et lavable.<\/div>\n<\/div>","protected":false},"excerpt":{"rendered":"<ul class=\"ul-style check\">\n<li>Manuelle<\/li>\n<li>A hauteur fixe<\/li>\n<li>A hauteur fixe<\/li>\n<\/ul>","protected":false},"featured_media":17697,"comment_status":"open","ping_status":"closed","template":"","meta":[],"product_brand":[],"product_cat":[155,33,160],"product_tag":[],"class_list":{"0":"post-16602","1":"product","2":"type-product","3":"status-publish","4":"has-post-thumbnail","6":"product_cat-divans-et-tables-d-examen","7":"product_cat-mobilier-et-fournitures","8":"product_cat-tables-et-fauteuils-specialises","10":"first","11":"onbackorder","12":"sale","13":"purchasable","14":"product-type-simple"},"_links":{"self":[{"href":"https:\/\/promatmedical.com\/en\/wp-json\/wp\/v2\/product\/16602","targetHints":{"allow":["GET"]}}],"collection":[{"href":"https:\/\/promatmedical.com\/en\/wp-json\/wp\/v2\/product"}],"about":[{"href":"https:\/\/promatmedical.com\/en\/wp-json\/wp\/v2\/types\/product"}],"replies":[{"embeddable":true,"href":"https:\/\/promatmedical.com\/en\/wp-json\/wp\/v2\/comments?post=16602"}],"wp:featuredmedia":[{"embeddable":true,"href":"https:\/\/promatmedical.com\/en\/wp-json\/wp\/v2\/media\/17697"}],"wp:attachment":[{"href":"https:\/\/promatmedical.com\/en\/wp-json\/wp\/v2\/media?parent=16602"}],"wp:term":[{"taxonomy":"product_brand","embeddable":true,"href":"https:\/\/promatmedical.com\/en\/wp-json\/wp\/v2\/product_brand?post=16602"},{"taxonomy":"product_cat","embeddable":true,"href":"https:\/\/promatmedical.com\/en\/wp-json\/wp\/v2\/product_cat?post=16602"},{"taxonomy":"product_tag","embeddable":true,"href":"https:\/\/promatmedical.com\/en\/wp-json\/wp\/v2\/product_tag?post=16602"}],"curies":[{"name":"wp","href":"https:\/\/api.w.org\/{rel}","templated":true}]}}