{"id":17109,"date":"2020-09-03T10:20:04","date_gmt":"2020-09-03T09:20:04","guid":{"rendered":"https:\/\/promatmedical.com\/?post_type=product&#038;p=17109"},"modified":"2025-10-15T11:32:15","modified_gmt":"2025-10-15T10:32:15","slug":"nebuliseur-innospire-essence","status":"publish","type":"product","link":"https:\/\/promatmedical.com\/en\/product\/nebuliseur-innospire-essence\/","title":{"rendered":"Nebulizer InnoSpire Essence Philips"},"content":{"rendered":"<h2 class=\"p-heading-03 p-heading-light\"><span class=\"\">Syst\u00e8me de n\u00e9bulisation Innospire Essence<\/span><\/h2>\n<p><span class=\"\">Essence fait partie de la famille InnoSpire de syst\u00e8mes de n\u00e9bulisation \u00e0 compresseur de Philips Respironics.\u00a0<\/span>Il fournit une administration de m\u00e9dicament en a\u00e9rosol rapide et efficace dans un syst\u00e8me de n\u00e9bulisation \u00e0 compresseur \u00e0 un prix correct.\u00a0Avec la technologie SideStream \u00e9prouv\u00e9e.<\/p>\n<ul>\n<li class=\"p-heading-02 p-heading-bold\"><strong>features<\/strong><\/li>\n<\/ul>\n<div class=\"p-feature-contents\">\n<div class=\"HCFEA0001849 tc-p53-feature-tile component-base\">\n<div class=\"p-grid-item p-l-one-half p-m-one-half p-l-clear p-m-clear\">\n<div class=\"p-feature-tile p-content-bottom\">\n<div class=\"p-feature p-image-description p-no-description\">\n<p class=\"p-heading-03 p-heading-bold p-desc p-description-left\">-Syst\u00e8me Venturi actif pour une livraison plus rapide<\/p>\n<\/div>\n<\/div>\n<\/div>\n<\/div>\n<div class=\"HCFEA0001911 tc-p53-feature-tile component-base\">\n<div class=\"p-grid-item p-l-one-half p-m-one-half\">\n<div class=\"p-feature-tile p-content-bottom\">\n<div class=\"p-feature p-image-description p-no-description\">\n<p class=\"p-heading-03 p-heading-bold p-desc p-description-left\">-Compact et \u00e9l\u00e9gant pour se fondre dans la maison<\/p>\n<ul>\n<li><strong>features<\/strong><\/li>\n<\/ul>\n<\/div>\n<\/div>\n<\/div>\n<\/div>\n<\/div>\n<table>\n<tbody>\n<tr>\n<th>D\u00e9bit de fonctionnement<\/th>\n<td>\u00a07 LPM \u00e0 10 psi<\/td>\n<\/tr>\n<tr>\n<th>D\u00e9bit maximum<\/th>\n<td>9.4 l\/min<\/td>\n<\/tr>\n<tr>\n<th>Temps de traitement<\/th>\n<td>5 \u00e0 7 minute (s)<\/td>\n<\/tr>\n<tr>\n<th>Pression maximum\u00a044 PSI<\/th>\n<td><\/td>\n<\/tr>\n<tr>\n<th>Mode de fonctionnement<\/th>\n<td>30 minutes. marche \/ 30 min. d\u00e9sactiv\u00e9<\/td>\n<\/tr>\n<\/tbody>\n<\/table>","protected":false},"excerpt":{"rendered":"<ul class=\"ul-style check\">\n<li>D\u00e9bit: 9,4l\/min<\/li>\n<li>Traitement: 5 \u00e0 7min<\/li>\n<li>Pression maximum: 44 PSI<\/li>\n<\/ul>","protected":false},"featured_media":17667,"comment_status":"open","ping_status":"closed","template":"","meta":[],"product_brand":[],"product_cat":[154,158,37,53,148,152,164,83],"product_tag":[132],"class_list":{"0":"post-17109","1":"product","2":"type-product","3":"status-publish","4":"has-post-thumbnail","6":"product_cat-autres-fournitures-d-urgences","7":"product_cat-autres-fournitures-de-soins","8":"product_cat-consommables-medicaux","9":"product_cat-equipement-de-specialites","10":"product_cat-reanimation","11":"product_cat-surveillance-et-reanimation","12":"product_cat-traitements-specialises","13":"product_cat-urgences-secours","14":"product_tag-appareil-medicaux","15":"ts_product_brand-phlips","17":"first","18":"instock","19":"sale","20":"featured","21":"purchasable","22":"product-type-simple"},"_links":{"self":[{"href":"https:\/\/promatmedical.com\/en\/wp-json\/wp\/v2\/product\/17109","targetHints":{"allow":["GET"]}}],"collection":[{"href":"https:\/\/promatmedical.com\/en\/wp-json\/wp\/v2\/product"}],"about":[{"href":"https:\/\/promatmedical.com\/en\/wp-json\/wp\/v2\/types\/product"}],"replies":[{"embeddable":true,"href":"https:\/\/promatmedical.com\/en\/wp-json\/wp\/v2\/comments?post=17109"}],"wp:featuredmedia":[{"embeddable":true,"href":"https:\/\/promatmedical.com\/en\/wp-json\/wp\/v2\/media\/17667"}],"wp:attachment":[{"href":"https:\/\/promatmedical.com\/en\/wp-json\/wp\/v2\/media?parent=17109"}],"wp:term":[{"taxonomy":"product_brand","embeddable":true,"href":"https:\/\/promatmedical.com\/en\/wp-json\/wp\/v2\/product_brand?post=17109"},{"taxonomy":"product_cat","embeddable":true,"href":"https:\/\/promatmedical.com\/en\/wp-json\/wp\/v2\/product_cat?post=17109"},{"taxonomy":"product_tag","embeddable":true,"href":"https:\/\/promatmedical.com\/en\/wp-json\/wp\/v2\/product_tag?post=17109"}],"curies":[{"name":"wp","href":"https:\/\/api.w.org\/{rel}","templated":true}]}}