{"id":17792,"date":"2021-04-13T12:22:35","date_gmt":"2021-04-13T11:22:35","guid":{"rendered":"https:\/\/promatmedical.com\/bj\/?post_type=product&#038;p=17792"},"modified":"2025-10-15T11:21:06","modified_gmt":"2025-10-15T10:21:06","slug":"pousse-seringue-electrique-kellymed-kl-602","status":"publish","type":"product","link":"https:\/\/promatmedical.com\/en\/product\/pousse-seringue-electrique-kellymed-kl-602\/","title":{"rendered":"Kellymed KL-602 Electric Syringe Shoe"},"content":{"rendered":"<h2>Kellymed KL-602 Electric Syringe Shoe<\/h2>\n<table style=\"height: 1869px;\" border=\"1\" width=\"973\" cellspacing=\"0\" cellpadding=\"0\">\n<tbody>\n<tr>\n<td>Mod\u00e8le<\/td>\n<td>KL-602<\/td>\n<\/tr>\n<tr>\n<td>Taille de la seringue<\/td>\n<td>10, 20, 30, 50 ml<\/td>\n<\/tr>\n<tr>\n<td>Seringue applicable<\/td>\n<td>2 marques int\u00e9gr\u00e9es (BD, B.Braun), 10 marques pour<\/td>\n<\/tr>\n<tr>\n<td>Volume<\/td>\n<td>0.1~999 ml<\/p>\n<p>1000 ml par incr\u00e9ments de 0,1 ml<\/p>\n<p>\u22651000 ml par incr\u00e9ments de 1 ml<\/td>\n<\/tr>\n<tr>\n<td>D\u00e9bit<\/td>\n<td>Seringue 10 ml: 0,1 ~ 400 ml \/ h<\/p>\n<p>Seringue 20 ml: 0,1 ~ 600 ml \/ h<\/p>\n<p>Seringue 30 ml: 0,1 ~ 900 ml \/ h<\/p>\n<p>Seringue 50 ml: 0,1 ~ 1300 ml \/ h<\/p>\n<p>100 ml \/ h par incr\u00e9ments ou d\u00e9cr\u00e9ments de 0,1 ml \/ h<\/p>\n<p>\u2265100 ml \/ h par incr\u00e9ments ou d\u00e9cr\u00e9ments de 1 ml \/ h<\/td>\n<\/tr>\n<tr>\n<td>Taux de bolus<\/td>\n<td>Seringue 10 ml: 400 ml \/ h<\/p>\n<p>Seringue 20 ml: 600 ml \/ h<\/p>\n<p>Seringue 30 ml: 900 ml \/ h<\/p>\n<p>Seringue 50 ml: 1300 ml \/ h<\/td>\n<\/tr>\n<tr>\n<td>Pr\u00e9cision<\/td>\n<td>\u00b12%<\/td>\n<\/tr>\n<tr>\n<td>Infusion Mode<\/td>\n<td>D\u00e9bit: ml \/ min, ml \/ h<\/p>\n<p>Bas\u00e9 sur le temps<\/p>\n<p>Poids corporel: mg \/ kg \/ min, mg \/ kg \/ h et \/ kg \/ min et \/ kg \/ h<\/td>\n<\/tr>\n<tr>\n<td>Taux KVO<\/td>\n<td>0,1-1 ml \/ h par incr\u00e9ments ou d\u00e9cr\u00e9ments de 0,1 ml \/ h, r\u00e9glable<\/td>\n<\/tr>\n<tr>\n<td>Alarmes<\/td>\n<td>Occlusion, chute de la seringue, presque vide, programme de fin, basse pression, batterie de fin, mise hors tension CA, dysfonctionnement du moteur, pompe sans surveillance, seringue d\u00e9plac\u00e9e accidentellement, erreur du capteur de pression<\/td>\n<\/tr>\n<tr>\n<td>Caract\u00e9ristiques suppl\u00e9mentaires<\/td>\n<td>Identification de la seringue, bolus, totaux de d\u00e9calage en temps r\u00e9el, rel\u00e2chement de la pression d&#8217;occlusion, coupure du son, commutation automatique de l&#8217;alimentation, rappel de r\u00e9sidus, m\u00e9moire syst\u00e8me, syst\u00e8me anti-bolus<\/td>\n<\/tr>\n<tr>\n<td>Sensibilit\u00e9 d&#8217;occlusion<\/td>\n<td>Haut: 0,02 ~ 0,06 Mpa<\/p>\n<p>Moyen: 0,06 ~ 0,09 Mpa<\/p>\n<p>Faible: 0,09 ~ 0,12 Mpa<\/td>\n<\/tr>\n<tr>\n<td>Alimentation, AC<\/td>\n<td>110\/230 VAC, 50\/60 Hz, 20 VA<\/td>\n<\/tr>\n<tr>\n<td>La batterie<\/td>\n<td>9.6V\u00b11.6V, Rechargeable<\/td>\n<\/tr>\n<tr>\n<td>Vie de la batterie<\/td>\n<td>5 heures \u00e0 5 ml \/ h<\/td>\n<\/tr>\n<tr>\n<td>Operating temperature<\/td>\n<td>5-40<\/td>\n<\/tr>\n<tr>\n<td>Humidit\u00e9 relative<\/td>\n<td>20-90%<\/td>\n<\/tr>\n<tr>\n<td>Pression atmosph\u00e9rique<\/td>\n<td>860 \u00e0 1060 hpa<\/td>\n<\/tr>\n<tr>\n<td>Taille<\/td>\n<td>314*167*140 mm<\/td>\n<\/tr>\n<tr>\n<td>weight<\/td>\n<td>2.5 kg<\/td>\n<\/tr>\n<tr>\n<td>Classification de s\u00e9curit\u00e9<\/td>\n<td>Classe, type CF<\/td>\n<\/tr>\n<\/tbody>\n<\/table>\n<p>&nbsp;<\/p>","protected":false},"excerpt":{"rendered":"<ul>\n<li><span class=\"JLqJ4b ChMk0b\" data-language-for-alternatives=\"fr\" data-language-to-translate-into=\"en\" data-phrase-index=\"2\">Anti-bolus automatique<\/span><\/li>\n<li>Etalonnage automatique<\/li>\n<li>D\u00e9tection automatique de taille de seringue<\/li>\n<\/ul>","protected":false},"featured_media":17794,"comment_status":"open","ping_status":"closed","template":"","meta":[],"product_brand":[],"product_cat":[147,53,90,164],"product_tag":[132],"class_list":{"0":"post-17792","1":"product","2":"type-product","3":"status-publish","4":"has-post-thumbnail","6":"product_cat-bloc-operatoire","7":"product_cat-equipement-de-specialites","8":"product_cat-materiel-de-diagnostic-medical","9":"product_cat-traitements-specialises","10":"product_tag-appareil-medicaux","11":"ts_product_brand-kellymed","13":"first","14":"onbackorder","15":"sale","16":"shipping-taxable","17":"purchasable","18":"product-type-simple"},"_links":{"self":[{"href":"https:\/\/promatmedical.com\/en\/wp-json\/wp\/v2\/product\/17792","targetHints":{"allow":["GET"]}}],"collection":[{"href":"https:\/\/promatmedical.com\/en\/wp-json\/wp\/v2\/product"}],"about":[{"href":"https:\/\/promatmedical.com\/en\/wp-json\/wp\/v2\/types\/product"}],"replies":[{"embeddable":true,"href":"https:\/\/promatmedical.com\/en\/wp-json\/wp\/v2\/comments?post=17792"}],"wp:featuredmedia":[{"embeddable":true,"href":"https:\/\/promatmedical.com\/en\/wp-json\/wp\/v2\/media\/17794"}],"wp:attachment":[{"href":"https:\/\/promatmedical.com\/en\/wp-json\/wp\/v2\/media?parent=17792"}],"wp:term":[{"taxonomy":"product_brand","embeddable":true,"href":"https:\/\/promatmedical.com\/en\/wp-json\/wp\/v2\/product_brand?post=17792"},{"taxonomy":"product_cat","embeddable":true,"href":"https:\/\/promatmedical.com\/en\/wp-json\/wp\/v2\/product_cat?post=17792"},{"taxonomy":"product_tag","embeddable":true,"href":"https:\/\/promatmedical.com\/en\/wp-json\/wp\/v2\/product_tag?post=17792"}],"curies":[{"name":"wp","href":"https:\/\/api.w.org\/{rel}","templated":true}]}}