{"id":17799,"date":"2021-04-13T16:58:19","date_gmt":"2021-04-13T15:58:19","guid":{"rendered":"https:\/\/promatmedical.com\/bj\/?post_type=product&#038;p=17799"},"modified":"2025-03-08T08:01:06","modified_gmt":"2025-03-08T07:01:06","slug":"tympanometre-at-235","status":"publish","type":"product","link":"https:\/\/promatmedical.com\/en\/product\/tympanometre-at-235\/","title":{"rendered":"Tympanom\u00e8tre AT-235"},"content":{"rendered":"<h2>Tympanom\u00e8tre\/imp\u00e9dancem\u00e8tre AT235<\/h2>\n<ul>\n<li><strong>Description<\/strong><\/li>\n<\/ul>\n<p>Automatique<br \/>\n\u00c9cran couleur<br \/>\nRecherche compliance-r\u00e9flexe stap\u00e9dien en ipsi et contro-lat\u00e9ral 500-1000-2000-4000 hz<br \/>\nImprimante en option<br \/>\nMontage mural possible<br \/>\nDim. 38 x 29 x 7,5 cm<br \/>\nPoids 2,5 kg.<\/p>","protected":false},"excerpt":{"rendered":"<ul>\n<li>Automatique<\/li>\n<li>\u00c9cran couleur<\/li>\n<li>Imprimante en option<\/li>\n<\/ul>","protected":false},"featured_media":17801,"comment_status":"open","ping_status":"closed","template":"","meta":[],"product_brand":[],"product_cat":[137,53,90,141],"product_tag":[132],"class_list":{"0":"post-17799","1":"product","2":"type-product","3":"status-publish","4":"has-post-thumbnail","6":"product_cat-diagnostic-specialises","7":"product_cat-equipement-de-specialites","8":"product_cat-materiel-de-diagnostic-medical","9":"product_cat-orl","10":"product_tag-appareil-medicaux","11":"ts_product_brand-pouret-medical","13":"first","14":"outofstock","15":"shipping-taxable","16":"purchasable","17":"product-type-simple"},"_links":{"self":[{"href":"https:\/\/promatmedical.com\/en\/wp-json\/wp\/v2\/product\/17799","targetHints":{"allow":["GET"]}}],"collection":[{"href":"https:\/\/promatmedical.com\/en\/wp-json\/wp\/v2\/product"}],"about":[{"href":"https:\/\/promatmedical.com\/en\/wp-json\/wp\/v2\/types\/product"}],"replies":[{"embeddable":true,"href":"https:\/\/promatmedical.com\/en\/wp-json\/wp\/v2\/comments?post=17799"}],"wp:featuredmedia":[{"embeddable":true,"href":"https:\/\/promatmedical.com\/en\/wp-json\/wp\/v2\/media\/17801"}],"wp:attachment":[{"href":"https:\/\/promatmedical.com\/en\/wp-json\/wp\/v2\/media?parent=17799"}],"wp:term":[{"taxonomy":"product_brand","embeddable":true,"href":"https:\/\/promatmedical.com\/en\/wp-json\/wp\/v2\/product_brand?post=17799"},{"taxonomy":"product_cat","embeddable":true,"href":"https:\/\/promatmedical.com\/en\/wp-json\/wp\/v2\/product_cat?post=17799"},{"taxonomy":"product_tag","embeddable":true,"href":"https:\/\/promatmedical.com\/en\/wp-json\/wp\/v2\/product_tag?post=17799"}],"curies":[{"name":"wp","href":"https:\/\/api.w.org\/{rel}","templated":true}]}}