{"id":17832,"date":"2021-04-30T09:56:58","date_gmt":"2021-04-30T08:56:58","guid":{"rendered":"https:\/\/promatmedical.com\/bj\/?post_type=product&#038;p=17832"},"modified":"2025-04-26T10:28:28","modified_gmt":"2025-04-26T09:28:28","slug":"pese-personne-kern-mfb-150k100","status":"publish","type":"product","link":"https:\/\/promatmedical.com\/en\/product\/pese-personne-kern-mfb-150k100\/","title":{"rendered":"P\u00e8se personne KERN MFB 150K100 (Balance d&#8217;analyse corporelle)"},"content":{"rendered":"<h2>P\u00e8se personne KERN MFB 150K100 (Balance d&#8217;analyse corporelle)<\/h2>\n<p>Pour usage personnel ou professionnel.<\/p>\n<p>Il permet de d\u00e9terminer le poids, la masse graisseuse, la masse d&#8217;eau, la masse musculaire, la masse osseuse, l&#8217;IMC, le BMR\/AMR..<\/p>\n<ul>\n<li><strong>features<\/strong><\/li>\n<\/ul>\n<p>+ Affichage des calories n\u00e9cessaires pour le maintien du poids actuel en fonction du niveau d&#8217;activit\u00e9 et du sexe<br \/>\n+ Design \u00e9l\u00e9gant<br \/>\n+ Plateau en verre stable avec 4 grandes surfaces de contact pour une pr\u00e9cision maximale<br \/>\n+ Hygi\u00e9nique et facile \u00e0 nettoyer<br \/>\n+ Construction particuli\u00e8rement plate pour faciliter l&#8217;acc\u00e8s<br \/>\n+ Stable et antid\u00e9rapante gr\u00e2ce \u00e0 ses larges pieds en caoutchouc<br \/>\n+ Grande simplicit\u00e9 d&#8217;utilisation: Toucher &#8211; monter dessus &#8211; lire le poids<br \/>\n+ M\u00e9morise jusqu&#8217;\u00e0 10 personnes (sexe, \u00e2ge, taille)<br \/>\n+ Fonction AUTO-OFF int\u00e9gr\u00e9e pour \u00e9conomiser les piles<br \/>\n+ Conversion d&#8217;unit\u00e9s possible entre kg et lb<br \/>\n+ Grand \u00e9cran LCD contrast\u00e9 pour une lecture ais\u00e9e<\/p>\n<ul>\n<li><strong>Sp\u00e9cifications techniques<\/strong><br \/>\n+ Port\u00e9e 182 Kg<br \/>\n+ Lecture 0,1 Kg<br \/>\n+ Ecran LCD, Hauteur de chiffres 35 mm<br \/>\n+ Dimensions totales L x P x H 300 x 300 x 25mm<br \/>\n+ Piles incluses 2 * 3V CR2032<br \/>\n+ Poids net env 2Kg<\/li>\n<\/ul>","protected":false},"excerpt":{"rendered":"<ul>\n<li>Il permet de d\u00e9terminer le poids, la masse graisseuse, la masse d&#8217;eau, la masse musculaire, la masse osseuse, l&#8217;IMC, le BMR\/AMR..<\/li>\n<li>M\u00e9morise jusqu&#8217;\u00e0 10 personnes (sexe, \u00e2ge, taille)<\/li>\n<li>Grand \u00e9cran LCD contrast\u00e9 pour une lecture ais\u00e9e<\/li>\n<li>Port\u00e9e 182 Kg<\/li>\n<\/ul>","protected":false},"featured_media":17839,"comment_status":"open","ping_status":"closed","template":"","meta":[],"product_brand":[],"product_cat":[136,90],"product_tag":[135],"class_list":{"0":"post-17832","1":"product","2":"type-product","3":"status-publish","4":"has-post-thumbnail","6":"product_cat-diagnostic-general","7":"product_cat-materiel-de-diagnostic-medical","8":"product_tag-instruments-accessoires","9":"ts_product_brand-kern","11":"first","12":"instock","13":"shipping-taxable","14":"purchasable","15":"product-type-simple"},"_links":{"self":[{"href":"https:\/\/promatmedical.com\/en\/wp-json\/wp\/v2\/product\/17832","targetHints":{"allow":["GET"]}}],"collection":[{"href":"https:\/\/promatmedical.com\/en\/wp-json\/wp\/v2\/product"}],"about":[{"href":"https:\/\/promatmedical.com\/en\/wp-json\/wp\/v2\/types\/product"}],"replies":[{"embeddable":true,"href":"https:\/\/promatmedical.com\/en\/wp-json\/wp\/v2\/comments?post=17832"}],"wp:featuredmedia":[{"embeddable":true,"href":"https:\/\/promatmedical.com\/en\/wp-json\/wp\/v2\/media\/17839"}],"wp:attachment":[{"href":"https:\/\/promatmedical.com\/en\/wp-json\/wp\/v2\/media?parent=17832"}],"wp:term":[{"taxonomy":"product_brand","embeddable":true,"href":"https:\/\/promatmedical.com\/en\/wp-json\/wp\/v2\/product_brand?post=17832"},{"taxonomy":"product_cat","embeddable":true,"href":"https:\/\/promatmedical.com\/en\/wp-json\/wp\/v2\/product_cat?post=17832"},{"taxonomy":"product_tag","embeddable":true,"href":"https:\/\/promatmedical.com\/en\/wp-json\/wp\/v2\/product_tag?post=17832"}],"curies":[{"name":"wp","href":"https:\/\/api.w.org\/{rel}","templated":true}]}}