{"id":17842,"date":"2021-04-30T10:50:24","date_gmt":"2021-04-30T09:50:24","guid":{"rendered":"https:\/\/promatmedical.com\/bj\/?post_type=product&#038;p=17842"},"modified":"2025-03-08T07:28:41","modified_gmt":"2025-03-08T06:28:41","slug":"sondes-d-aspiration-bronchique","status":"publish","type":"product","link":"https:\/\/promatmedical.com\/en\/product\/sondes-d-aspiration-bronchique\/","title":{"rendered":"Sondes d&#8217;aspiration bronchique"},"content":{"rendered":"<h2>Sondes d&#8217;aspiration bronchique<\/h2>\n<p>Id\u00e9ales pour aspirer les s\u00e9cr\u00e9tions.<\/p>\n<ul>\n<li>Sondes d&#8217;aspiration bronchique id\u00e9ales pour aspirer les s\u00e9cr\u00e9tions qui encombrent l&#8217;arbre bronchique, le pharynx ou la bouche.<\/li>\n<li>Pr\u00e9vient une \u00e9ventuelle formation de bouchons muqueux.<\/li>\n<li>Diff\u00e9rents mod\u00e8les disponibles : Charri\u00e8re (CH) 8, 10, 12, 14, 16, 18.<\/li>\n<\/ul>","protected":false},"excerpt":{"rendered":"<ul>\n<li>Id\u00e9ales pour aspirer les s\u00e9cr\u00e9tions les s\u00e9cr\u00e9tions qui encombrent l&#8217;arbre bronchique, le pharynx ou la bouche.<\/li>\n<li>Pr\u00e9vient une \u00e9ventuelle formation de bouchons muqueux.<\/li>\n<li>Diff\u00e9rents mod\u00e8les disponibles : Charri\u00e8re (CH) 8, 10, 12, 14, 16, 18.<\/li>\n<\/ul>","protected":false},"featured_media":17856,"comment_status":"open","ping_status":"closed","template":"","meta":[],"product_brand":[],"product_cat":[158,37,141,164],"product_tag":[135],"class_list":{"0":"post-17842","1":"product","2":"type-product","3":"status-publish","4":"has-post-thumbnail","6":"product_cat-autres-fournitures-de-soins","7":"product_cat-consommables-medicaux","8":"product_cat-orl","9":"product_cat-traitements-specialises","10":"product_tag-instruments-accessoires","12":"first","13":"instock","14":"shipping-taxable","15":"purchasable","16":"product-type-simple"},"_links":{"self":[{"href":"https:\/\/promatmedical.com\/en\/wp-json\/wp\/v2\/product\/17842","targetHints":{"allow":["GET"]}}],"collection":[{"href":"https:\/\/promatmedical.com\/en\/wp-json\/wp\/v2\/product"}],"about":[{"href":"https:\/\/promatmedical.com\/en\/wp-json\/wp\/v2\/types\/product"}],"replies":[{"embeddable":true,"href":"https:\/\/promatmedical.com\/en\/wp-json\/wp\/v2\/comments?post=17842"}],"wp:featuredmedia":[{"embeddable":true,"href":"https:\/\/promatmedical.com\/en\/wp-json\/wp\/v2\/media\/17856"}],"wp:attachment":[{"href":"https:\/\/promatmedical.com\/en\/wp-json\/wp\/v2\/media?parent=17842"}],"wp:term":[{"taxonomy":"product_brand","embeddable":true,"href":"https:\/\/promatmedical.com\/en\/wp-json\/wp\/v2\/product_brand?post=17842"},{"taxonomy":"product_cat","embeddable":true,"href":"https:\/\/promatmedical.com\/en\/wp-json\/wp\/v2\/product_cat?post=17842"},{"taxonomy":"product_tag","embeddable":true,"href":"https:\/\/promatmedical.com\/en\/wp-json\/wp\/v2\/product_tag?post=17842"}],"curies":[{"name":"wp","href":"https:\/\/api.w.org\/{rel}","templated":true}]}}