{"id":17843,"date":"2021-04-30T10:39:18","date_gmt":"2021-04-30T09:39:18","guid":{"rendered":"https:\/\/promatmedical.com\/bj\/?post_type=product&#038;p=17843"},"modified":"2025-03-08T07:31:31","modified_gmt":"2025-03-08T06:31:31","slug":"oxymetre-de-pouls","status":"publish","type":"product","link":"https:\/\/promatmedical.com\/en\/product\/oxymetre-de-pouls\/","title":{"rendered":"Pulse oximeter (pulse oximeter)"},"content":{"rendered":"<h2>Pulse oximeter (pulse oximeter)<\/h2>\n<p><strong>Avantages<\/strong><\/p>\n<ul>\n<li>Mesure confortable, la pr\u00e9cision pr\u00e9cise.<\/li>\n<li>Protectionnez la s\u00e9curit\u00e9 des patients souffrant de ronflement.<\/li>\n<li>Assurer la s\u00e9curit\u00e9 du tourisme de plateau.<\/li>\n<li>Fournir une r\u00e9f\u00e9rence scientifique pour le mouvement de la sant\u00e9.<\/li>\n<li>L&#8217;op\u00e9ration est simple, facile \u00e0 transporter.<\/li>\n<\/ul>\n<p><strong>Sp\u00e9cifications techniques<\/strong><\/p>\n<ul>\n<li>\u00c9cran LCD: couleur LCD OLED de 1,1 pouce<\/li>\n<li>Fr\u00e9quence d&#8217;impulsion: \u00b1 2%<\/li>\n<li>Indice de perfusion sanguine: 0,1%<\/li>\n<li>Saturation en oxyg\u00e8ne du sang: \u00b1 2% (75% \u00e0 100%)<\/li>\n<li>Affichage de la forme d&#8217;onde: forme d&#8217;onde du volume d&#8217;oxyg\u00e8ne dans le sang, forme d&#8217;onde respiratoire, histogramme de l&#8217;intensit\u00e9 du pouls<\/li>\n<li>Sc\u00e8ne: affichage \u00e0 deux voies<\/li>\n<li>Param\u00e8tres de test: SpO2 \/ PR \/ PI<\/li>\n<li>Taille: 33 (L) X 30 (P) X 60 (H) mm<\/li>\n<li>Poids net: 60g<\/li>\n<li>Alimentation: DC 3V (2 piles AAA)<\/li>\n<\/ul>\n<p>&#8211; Remarques: Pile AAA non comprise<\/p>","protected":false},"excerpt":{"rendered":"<ul>\n<li>\u00c9cran LCD: couleur LCD OLED de 1,1 pouce<\/li>\n<li>Fr\u00e9quence d&#8217;impulsion: \u00b1 2%<\/li>\n<li>Indice de perfusion sanguine: 0,1%<\/li>\n<li>Saturation en oxyg\u00e8ne du sang: \u00b1 2% (75% \u00e0 100%)<\/li>\n<li>Param\u00e8tres de test: SpO2 \/ PR \/ PI<\/li>\n<\/ul>","protected":false},"featured_media":17844,"comment_status":"open","ping_status":"closed","template":"","meta":[],"product_brand":[],"product_cat":[158,156,37,136,90,152,164],"product_tag":[132],"class_list":{"0":"post-17843","1":"product","2":"type-product","3":"status-publish","4":"has-post-thumbnail","6":"product_cat-autres-fournitures-de-soins","7":"product_cat-consommables-de-soins","8":"product_cat-consommables-medicaux","9":"product_cat-diagnostic-general","10":"product_cat-materiel-de-diagnostic-medical","11":"product_cat-surveillance-et-reanimation","12":"product_cat-traitements-specialises","13":"product_tag-appareil-medicaux","15":"first","16":"instock","17":"shipping-taxable","18":"purchasable","19":"product-type-simple"},"_links":{"self":[{"href":"https:\/\/promatmedical.com\/en\/wp-json\/wp\/v2\/product\/17843","targetHints":{"allow":["GET"]}}],"collection":[{"href":"https:\/\/promatmedical.com\/en\/wp-json\/wp\/v2\/product"}],"about":[{"href":"https:\/\/promatmedical.com\/en\/wp-json\/wp\/v2\/types\/product"}],"replies":[{"embeddable":true,"href":"https:\/\/promatmedical.com\/en\/wp-json\/wp\/v2\/comments?post=17843"}],"wp:featuredmedia":[{"embeddable":true,"href":"https:\/\/promatmedical.com\/en\/wp-json\/wp\/v2\/media\/17844"}],"wp:attachment":[{"href":"https:\/\/promatmedical.com\/en\/wp-json\/wp\/v2\/media?parent=17843"}],"wp:term":[{"taxonomy":"product_brand","embeddable":true,"href":"https:\/\/promatmedical.com\/en\/wp-json\/wp\/v2\/product_brand?post=17843"},{"taxonomy":"product_cat","embeddable":true,"href":"https:\/\/promatmedical.com\/en\/wp-json\/wp\/v2\/product_cat?post=17843"},{"taxonomy":"product_tag","embeddable":true,"href":"https:\/\/promatmedical.com\/en\/wp-json\/wp\/v2\/product_tag?post=17843"}],"curies":[{"name":"wp","href":"https:\/\/api.w.org\/{rel}","templated":true}]}}