{"id":17850,"date":"2021-04-30T12:56:05","date_gmt":"2021-04-30T11:56:05","guid":{"rendered":"https:\/\/promatmedical.com\/bj\/?post_type=product&#038;p=17850"},"modified":"2025-03-08T07:02:02","modified_gmt":"2025-03-08T06:02:02","slug":"stethoscope-littmann-classic-3","status":"publish","type":"product","link":"https:\/\/promatmedical.com\/en\/product\/stethoscope-littmann-classic-3\/","title":{"rendered":"Littman Classic III Stethoscope"},"content":{"rendered":"<h2>Littman Classic III Stethoscope<\/h2>\n<ul>\n<li><strong>Avantages du St\u00e9thoscope Littmann Classic III<\/strong><\/li>\n<\/ul>\n<p>&#8211; Haute qualit\u00e9 acoustique lors des examens cliniques des patients,<\/p>\n<p>&#8211; Membrane double fr\u00e9quence des deux c\u00f4t\u00e9s du pavillon \u2013 p\u00e9diatrique et adulte,<\/p>\n<p>&#8211; Membrane en une seule pi\u00e8ce, facile \u00e0 fixer et \u00e0 nettoyer gr\u00e2ce \u00e0 sa surface lisse et sans asp\u00e9rit\u00e9,<\/p>\n<p>&#8211; Polyvalence du pavillon permettant de convertir le c\u00f4t\u00e9 p\u00e9diatrique en cloche traditionnelle en rempla\u00e7ant la membrane par une bague anti-froid,<\/p>\n<p>&#8211; Tubulure nouvelle g\u00e9n\u00e9ration plus r\u00e9sistante aux fluides cutan\u00e9s et \u00e0 l\u2019alcool pour une plus longue dur\u00e9e de vie,<\/p>\n<p>&#8211; Pavillon en acier inoxydable fabriqu\u00e9 en forme de calice (nouveau design), moins anguleux, esth\u00e9tiquement plaisant. La tige fait office d\u2019indicateur d\u2019ouverture,<\/p>\n<p>&nbsp;<\/p>\n<ul>\n<li><strong>Caract\u00e9ristiques du Littmann Classic III<\/strong><\/li>\n<\/ul>\n<p>&#8211; La technologie double fr\u00e9quence, permet de passer de l\u2019\u00e9coute des hautes fr\u00e9quences aux basses fr\u00e9quences par simple ajustement de la pression exerc\u00e9e sur le pavillon.<\/p>\n<p>&#8211; Les embouts auriculaires de ce St\u00e9thoscope Littmann sont de taille optimale, conformables et lisses pour plus de confort. Ils assurent une fixation optimale et se clipsent \u00e0 la lyre pour plus de s\u00e9curit\u00e9.<\/p>\n<p>&#8211; La membrane du petit pavillon permet d\u2019emp\u00eacher l\u2019accumulation d\u2019impuret\u00e9s.<\/p>\n<p>&#8211; La lyre l\u00e9g\u00e8re, orient\u00e9e selon l\u2019anatomie auriculaire, se r\u00e8gle facilement selon les besoins en serrant ou en \u00e9cartant les branches.<\/p>\n<p>&#8211; La tubulure est fabriqu\u00e9e sans ajout de latex naturel ni phtalates afin de pr\u00e9server la sant\u00e9 humaine et l\u2019environnement.<\/p>\n<p>&nbsp;<\/p>\n<ul>\n<li><strong>Sp\u00e9cifications du St\u00e9thoscope Littmann Classic III<\/strong><\/li>\n<\/ul>\n<p>&#8211; Longueur : 69 cm,<br \/>\n&#8211; Poids : 150 g,<br \/>\n&#8211; Garantie : 5 ans.<\/p>\n<p><em><strong>PAVILLON :<\/strong><\/em><br \/>\n&#8211; Conception : double pavillon adulte et p\u00e9diatrique,<br \/>\n&#8211; Mat\u00e9riau : acier inoxydable,<br \/>\n&#8211; Membrane : pi\u00e8ce unique, double-fr\u00e9quence,<br \/>\n&#8211; Diam\u00e8tre de la membrane Adulte : 4,3 cm,<br \/>\n&#8211; P\u00e9diatrique : 3,3 cm.<\/p>\n<p><em><strong>TUBULURE :<\/strong><\/em><br \/>\n&#8211; Conception : simple Tubulure (simple conduit dans la tubulure),<br \/>\n&#8211; Mat\u00e9riau : fabriqu\u00e9e sans ajout de latex naturel ni phtalate ajout\u00e9s.<\/p>\n<p><em><strong>LYRE :<\/strong><\/em><br \/>\n&#8211; Mat\u00e9riau : Large diam\u00e8tre d\u2019un alliage type a\u00e9ronautique \/ avec aluminium anodis\u00e9.<\/p>","protected":false},"excerpt":{"rendered":"<ul>\n<li>Haute qualit\u00e9 acoustique<\/li>\n<li>Membrane double fr\u00e9quence en une seule pi\u00e8ce<\/li>\n<li>Double pavillon adulte et p\u00e9diatrique en Acier inoxydable<\/li>\n<li>+de 25 coloris disponibles<\/li>\n<\/ul>","protected":false},"featured_media":17865,"comment_status":"open","ping_status":"closed","template":"","meta":[],"product_brand":[],"product_cat":[136,90],"product_tag":[135],"class_list":{"0":"post-17850","1":"product","2":"type-product","3":"status-publish","4":"has-post-thumbnail","6":"product_cat-diagnostic-general","7":"product_cat-materiel-de-diagnostic-medical","8":"product_tag-instruments-accessoires","10":"first","11":"outofstock","12":"shipping-taxable","13":"purchasable","14":"product-type-simple"},"_links":{"self":[{"href":"https:\/\/promatmedical.com\/en\/wp-json\/wp\/v2\/product\/17850","targetHints":{"allow":["GET"]}}],"collection":[{"href":"https:\/\/promatmedical.com\/en\/wp-json\/wp\/v2\/product"}],"about":[{"href":"https:\/\/promatmedical.com\/en\/wp-json\/wp\/v2\/types\/product"}],"replies":[{"embeddable":true,"href":"https:\/\/promatmedical.com\/en\/wp-json\/wp\/v2\/comments?post=17850"}],"wp:featuredmedia":[{"embeddable":true,"href":"https:\/\/promatmedical.com\/en\/wp-json\/wp\/v2\/media\/17865"}],"wp:attachment":[{"href":"https:\/\/promatmedical.com\/en\/wp-json\/wp\/v2\/media?parent=17850"}],"wp:term":[{"taxonomy":"product_brand","embeddable":true,"href":"https:\/\/promatmedical.com\/en\/wp-json\/wp\/v2\/product_brand?post=17850"},{"taxonomy":"product_cat","embeddable":true,"href":"https:\/\/promatmedical.com\/en\/wp-json\/wp\/v2\/product_cat?post=17850"},{"taxonomy":"product_tag","embeddable":true,"href":"https:\/\/promatmedical.com\/en\/wp-json\/wp\/v2\/product_tag?post=17850"}],"curies":[{"name":"wp","href":"https:\/\/api.w.org\/{rel}","templated":true}]}}