{"id":17885,"date":"2021-05-05T14:41:34","date_gmt":"2021-05-05T13:41:34","guid":{"rendered":"https:\/\/promatmedical.com\/bj\/?post_type=product&#038;p=17885"},"modified":"2025-03-08T06:53:49","modified_gmt":"2025-03-08T05:53:49","slug":"thermometre-a-mercure","status":"publish","type":"product","link":"https:\/\/promatmedical.com\/en\/product\/thermometre-a-mercure\/","title":{"rendered":"Mercury thermometer"},"content":{"rendered":"<h2>Mercury thermometer<\/h2>\n<p>Thermom\u00e8tre en verre de mercure m\u00e9dical en verre de mercure, thermom\u00e8tre, grand \u00e9cran, temp\u00e9rature m\u00e9dicale, transparent.<\/p>\n<ul>\n<li>La pointe flexible garantit un test agr\u00e9able pour votre b\u00e9b\u00e9, enfant, animal &#8211; ou pour vous-m\u00eame<\/li>\n<li>Plage de mesure du thermom\u00e8tre sans mercure : 35-42C.<\/li>\n<li>Mat\u00e9riau du thermom\u00e8tre en verre : verre.<\/li>\n<li>Dimensions du thermom\u00e8tre buccal en verre : 12,7 x 1,4 cm<\/li>\n<\/ul>\n<p><strong>Description :<\/strong><\/p>\n<ul>\n<li>Mat\u00e9riaux : verre<\/li>\n<li>Dimensions : environ 12,7 x 1,4 cm.<\/li>\n<li>Couleur : transparent<\/li>\n<li>Quantit\u00e9 : 1 pi\u00e8ce.<\/li>\n<li>Plage de mesure 35-42 C.<\/li>\n<\/ul>\n<p>&gt; Contenu : 1 thermom\u00e8tre.<\/p>","protected":false},"excerpt":{"rendered":"<ul>\n<li>Mat\u00e9riaux : verre<\/li>\n<li>Couleur : transparent<\/li>\n<li>Quantit\u00e9 : Paquet de 12 pi\u00e8ces.<\/li>\n<li>Plage de mesure 35-42 C.<\/li>\n<\/ul>","protected":false},"featured_media":17870,"comment_status":"open","ping_status":"closed","template":"","meta":[],"product_brand":[],"product_cat":[158,136,90],"product_tag":[135],"class_list":{"0":"post-17885","1":"product","2":"type-product","3":"status-publish","4":"has-post-thumbnail","6":"product_cat-autres-fournitures-de-soins","7":"product_cat-diagnostic-general","8":"product_cat-materiel-de-diagnostic-medical","9":"product_tag-instruments-accessoires","11":"first","12":"outofstock","13":"shipping-taxable","14":"purchasable","15":"product-type-simple"},"_links":{"self":[{"href":"https:\/\/promatmedical.com\/en\/wp-json\/wp\/v2\/product\/17885","targetHints":{"allow":["GET"]}}],"collection":[{"href":"https:\/\/promatmedical.com\/en\/wp-json\/wp\/v2\/product"}],"about":[{"href":"https:\/\/promatmedical.com\/en\/wp-json\/wp\/v2\/types\/product"}],"replies":[{"embeddable":true,"href":"https:\/\/promatmedical.com\/en\/wp-json\/wp\/v2\/comments?post=17885"}],"wp:featuredmedia":[{"embeddable":true,"href":"https:\/\/promatmedical.com\/en\/wp-json\/wp\/v2\/media\/17870"}],"wp:attachment":[{"href":"https:\/\/promatmedical.com\/en\/wp-json\/wp\/v2\/media?parent=17885"}],"wp:term":[{"taxonomy":"product_brand","embeddable":true,"href":"https:\/\/promatmedical.com\/en\/wp-json\/wp\/v2\/product_brand?post=17885"},{"taxonomy":"product_cat","embeddable":true,"href":"https:\/\/promatmedical.com\/en\/wp-json\/wp\/v2\/product_cat?post=17885"},{"taxonomy":"product_tag","embeddable":true,"href":"https:\/\/promatmedical.com\/en\/wp-json\/wp\/v2\/product_tag?post=17885"}],"curies":[{"name":"wp","href":"https:\/\/api.w.org\/{rel}","templated":true}]}}