{"id":17887,"date":"2021-05-05T16:33:50","date_gmt":"2021-05-05T15:33:50","guid":{"rendered":"https:\/\/promatmedical.com\/bj\/?post_type=product&#038;p=17887"},"modified":"2025-10-15T11:21:08","modified_gmt":"2025-10-15T10:21:08","slug":"valise-d-urgence-oxivac-2","status":"publish","type":"product","link":"https:\/\/promatmedical.com\/en\/product\/valise-d-urgence-oxivac-2\/","title":{"rendered":"OXIVAC II emergency bag"},"content":{"rendered":"<h2>OXIVAC II emergency bag<\/h2>\n<p><strong>Description<\/strong><\/p>\n<div id=\"tab-description\" class=\"woocommerce-Tabs-panel woocommerce-Tabs-panel--description panel entry-content wc-tab\" role=\"tabpanel\" aria-labelledby=\"tab-title-description\">\n<ul>\n<li>Valise en poly\u00e9thyl\u00e8ne haute densit\u00e9 (PEHD), double fond, tr\u00e8s resistant aux chocs et aux rayures. 100% recyclable.<\/li>\n<li>D\u00e9tendeur de pression d\u2019oxyg\u00e8ne P-300-F15-NFS, embout NF et 15 L\/min.<\/li>\n<li>Aspirateur manuel \u00e0 pedale VacUp pro avec r\u00e9servoir de 650 ml (capacit\u00e9 utile).<\/li>\n<li>Insufflateur manuel en silicone pour adultes REVIVATOR Res-Q, \u00e9quip\u00e9 d\u2019un r\u00e9servoir d\u2019oxyg\u00e8ne et de deux masques en PVC n\u00ba 6 et n\u00ba 3 (adulte et enfant).<\/li>\n<li>Ensemble de deux masques d\u2019oxyg\u00e8ne (adulte et enfant), couverture isotherme, ciseaux \u00e0 bandage, pince tire-langue et ouvre-bouche h\u00e9lico\u00efdal.<\/li>\n<li>Jeu de trois tubes\u00a0 G\u00fcedell n\u00ba 1, n\u00ba. 3 et n\u00ba. 5.<\/li>\n<li>Trois sacs de nylon facilement accessibles, avec couvercle transparent et fermeture \u00e0 glissi\u00e8re, fermeture Velcro.<\/li>\n<li>Bouteille d\u2019oxyg\u00e8ne m\u00e9dical non compris, en option: 400 L d\u2019oxyg\u00e8ne (volume \u00e9quivalent \u00e0 2 L d\u2019eau),\u00a0\u00d8110 mm, 321 mm (H). Il existe diff\u00e9rents mod\u00e8les de embouts de bouteilles disponibles, veuillez consulter.<\/li>\n<li>Dimensions de l\u2019\u00e9quipement: 165 x 475 x 360 mm.<\/li>\n<\/ul>\n<table width=\"588\" cellspacing=\"0\" cellpadding=\"7\">\n<colgroup>\n<col width=\"117\" \/>\n<col width=\"139\" \/>\n<col width=\"134\" \/>\n<col width=\"140\" \/><\/colgroup>\n<tbody>\n<tr>\n<td colspan=\"4\" valign=\"top\" bgcolor=\"#ffffff\" width=\"572\">\n<p align=\"center\"><b>KITS OXIVAC<\/b><\/p>\n<\/td>\n<\/tr>\n<tr>\n<td valign=\"top\" bgcolor=\"#ffffff\" width=\"117\">\n<p align=\"center\"><b>OXYG\u00c9NOTHERAPIE<\/b><\/p>\n<\/td>\n<td bgcolor=\"#ffffff\" width=\"139\">\n<p align=\"center\"><b>R\u00c9ANIMATION<\/b><\/p>\n<\/td>\n<td bgcolor=\"#ffffff\" width=\"134\">\n<p align=\"center\"><b>VOIES A\u00c9RIENNES<\/b><\/p>\n<\/td>\n<td bgcolor=\"#ffffff\" width=\"140\">\n<p align=\"center\"><b>ASPIRATION<\/b><\/p>\n<\/td>\n<\/tr>\n<tr>\n<td bgcolor=\"#ffffff\" width=\"117\">\n<p align=\"center\">Masque \u00e0 oxyg\u00e8ne pour adultes et enfants<\/p>\n<\/td>\n<td valign=\"top\" bgcolor=\"#ffffff\" width=\"139\">\n<p align=\"center\">Insufflateur manuel REVIVATOR Res-Q (voir sp\u00e9cifications ci-dessus)<\/p>\n<\/td>\n<td bgcolor=\"#ffffff\" width=\"134\">\n<p align=\"center\">Jeu de trois tubes\u00a0 G\u00fcedell n\u00ba 1, n\u00ba 3 et n\u00ba 5<\/p>\n<\/td>\n<td bgcolor=\"#ffffff\" width=\"140\">\n<p align=\"center\">Aspirateur manuel \u00e0 p\u00e9dale VacUp<sup>\u00a0<\/sup>(voir sp\u00e9cifications ci-dessus)<\/p>\n<\/td>\n<\/tr>\n<tr>\n<td bgcolor=\"#ffffff\" width=\"117\">\n<p align=\"center\">Bouteille d\u2019oxyg\u00e8ne de 400 L (2 L d\u2019eau) -vide, avec diff\u00e9rents embouts<\/p>\n<\/td>\n<td valign=\"top\" bgcolor=\"#ffffff\" width=\"139\">\n<p align=\"center\">Couverture thermique<\/p>\n<p align=\"center\">Ciseaux \u00e0 bandage<\/p>\n<p align=\"center\">Pince tire-langue<\/p>\n<p align=\"center\">Ouvre-bouche<\/p>\n<\/td>\n<td bgcolor=\"#ffffff\" width=\"134\">\n<p align=\"center\">Stylet endotrach\u00e9al et deux unit\u00e9s de tube endotrach\u00e9al avec brassard (enfants et adultes)<\/p>\n<\/td>\n<td bgcolor=\"#ffffff\" width=\"140\">\n<p align=\"center\">Cath\u00e9ter d\u2019aspiration<\/p>\n<p align=\"center\">n\u00ba 16<\/p>\n<p align=\"center\">Canule d\u2019aspiration Yankauer<\/p>\n<\/td>\n<\/tr>\n<\/tbody>\n<\/table>\n<\/div>","protected":false},"excerpt":{"rendered":"<ul>\n<li>Valise en poly\u00e9thyl\u00e8ne haute densit\u00e9 (PEHD)<\/li>\n<li>DP P-300-F15-NFS, embout NF et 15 L\/min.<\/li>\n<li>Aspirateur manuel \u00e0 pedale VacUp<sup>\u00ae<\/sup>\u00a0pro avec r\u00e9servoir de 650 ml (capacit\u00e9 utile).<\/li>\n<\/ul>","protected":false},"featured_media":17876,"comment_status":"open","ping_status":"closed","template":"","meta":[],"product_brand":[],"product_cat":[147,53,90,148,153,152,164,83],"product_tag":[135],"class_list":{"0":"post-17887","1":"product","2":"type-product","3":"status-publish","4":"has-post-thumbnail","6":"product_cat-bloc-operatoire","7":"product_cat-equipement-de-specialites","8":"product_cat-materiel-de-diagnostic-medical","9":"product_cat-reanimation","10":"product_cat-secours-respiratoires","11":"product_cat-surveillance-et-reanimation","12":"product_cat-traitements-specialises","13":"product_cat-urgences-secours","14":"product_tag-instruments-accessoires","15":"ts_product_brand-hersill","17":"first","18":"instock","19":"shipping-taxable","20":"purchasable","21":"product-type-simple"},"_links":{"self":[{"href":"https:\/\/promatmedical.com\/en\/wp-json\/wp\/v2\/product\/17887","targetHints":{"allow":["GET"]}}],"collection":[{"href":"https:\/\/promatmedical.com\/en\/wp-json\/wp\/v2\/product"}],"about":[{"href":"https:\/\/promatmedical.com\/en\/wp-json\/wp\/v2\/types\/product"}],"replies":[{"embeddable":true,"href":"https:\/\/promatmedical.com\/en\/wp-json\/wp\/v2\/comments?post=17887"}],"wp:featuredmedia":[{"embeddable":true,"href":"https:\/\/promatmedical.com\/en\/wp-json\/wp\/v2\/media\/17876"}],"wp:attachment":[{"href":"https:\/\/promatmedical.com\/en\/wp-json\/wp\/v2\/media?parent=17887"}],"wp:term":[{"taxonomy":"product_brand","embeddable":true,"href":"https:\/\/promatmedical.com\/en\/wp-json\/wp\/v2\/product_brand?post=17887"},{"taxonomy":"product_cat","embeddable":true,"href":"https:\/\/promatmedical.com\/en\/wp-json\/wp\/v2\/product_cat?post=17887"},{"taxonomy":"product_tag","embeddable":true,"href":"https:\/\/promatmedical.com\/en\/wp-json\/wp\/v2\/product_tag?post=17887"}],"curies":[{"name":"wp","href":"https:\/\/api.w.org\/{rel}","templated":true}]}}