{"id":32505,"date":"2025-03-21T10:14:39","date_gmt":"2025-03-21T09:14:39","guid":{"rendered":"https:\/\/promatmedical.com\/bj\/produit\/chaise-cuneo-sans-accoudoirs-skai-noire\/"},"modified":"2025-03-21T10:14:39","modified_gmt":"2025-03-21T09:14:39","slug":"chaise-cuneo-sans-accoudoirs-skai-noire","status":"publish","type":"product","link":"https:\/\/promatmedical.com\/en\/product\/chaise-cuneo-sans-accoudoirs-skai-noire\/","title":{"rendered":"Chaise cuneo sans accoudoirs &#8211; skai &#8211; noire"},"content":{"rendered":"<p>Chaise de bureau, capitonn\u00e9e, base pivotante en polypropyl\u00e8ne et dossier mobile \u00e0 contact permanent. <\/p>\n<p>&#8211; Skai<br \/>\n&#8211; Noir<\/p>","protected":false},"excerpt":{"rendered":"<p>Chaise de bureau, capitonn\u00e9e, base pivotante en polypropyl\u00e8ne et dossier mobile \u00e0 contact permanent. &#8211; Skai &#8211; Noir<\/p>","protected":false},"featured_media":32504,"comment_status":"open","ping_status":"closed","template":"","meta":[],"product_brand":[],"product_cat":[166],"product_tag":[],"class_list":{"0":"post-32505","1":"product","2":"type-product","3":"status-publish","4":"has-post-thumbnail","6":"product_cat-equipements-medicaux-et-chirurgicaux","8":"first","9":"instock","10":"taxable","11":"shipping-taxable","12":"purchasable","13":"product-type-simple"},"_links":{"self":[{"href":"https:\/\/promatmedical.com\/en\/wp-json\/wp\/v2\/product\/32505","targetHints":{"allow":["GET"]}}],"collection":[{"href":"https:\/\/promatmedical.com\/en\/wp-json\/wp\/v2\/product"}],"about":[{"href":"https:\/\/promatmedical.com\/en\/wp-json\/wp\/v2\/types\/product"}],"replies":[{"embeddable":true,"href":"https:\/\/promatmedical.com\/en\/wp-json\/wp\/v2\/comments?post=32505"}],"wp:featuredmedia":[{"embeddable":true,"href":"https:\/\/promatmedical.com\/en\/wp-json\/wp\/v2\/media\/32504"}],"wp:attachment":[{"href":"https:\/\/promatmedical.com\/en\/wp-json\/wp\/v2\/media?parent=32505"}],"wp:term":[{"taxonomy":"product_brand","embeddable":true,"href":"https:\/\/promatmedical.com\/en\/wp-json\/wp\/v2\/product_brand?post=32505"},{"taxonomy":"product_cat","embeddable":true,"href":"https:\/\/promatmedical.com\/en\/wp-json\/wp\/v2\/product_cat?post=32505"},{"taxonomy":"product_tag","embeddable":true,"href":"https:\/\/promatmedical.com\/en\/wp-json\/wp\/v2\/product_tag?post=32505"}],"curies":[{"name":"wp","href":"https:\/\/api.w.org\/{rel}","templated":true}]}}