{"id":32511,"date":"2025-03-21T10:14:59","date_gmt":"2025-03-21T09:14:59","guid":{"rendered":"https:\/\/promatmedical.com\/bj\/produit\/chaise-cuneo-avec-accoudoirs-tissu-grise\/"},"modified":"2025-03-21T10:14:59","modified_gmt":"2025-03-21T09:14:59","slug":"chaise-cuneo-avec-accoudoirs-tissu-grise","status":"publish","type":"product","link":"https:\/\/promatmedical.com\/en\/product\/chaise-cuneo-avec-accoudoirs-tissu-grise\/","title":{"rendered":"Chaise cuneo avec accoudoirs &#8211; tissu &#8211; grise"},"content":{"rendered":"<p>Chaise de bureau, capitonn\u00e9e, avec accoudoirs, base en polypropyl\u00e8ne pivotante et dossier mobile \u00e0 contact permanent.<\/p>\n<p>Made in Italy.<\/p>\n<p>&#8211; Tissu<br \/>\n&#8211; Gris<\/p>","protected":false},"excerpt":{"rendered":"<p>Chaise de bureau, capitonn\u00e9e, avec accoudoirs, base en polypropyl\u00e8ne pivotante et dossier mobile \u00e0 contact permanent. Made in Italy. &#8211; Tissu &#8211; Gris<\/p>","protected":false},"featured_media":32510,"comment_status":"open","ping_status":"closed","template":"","meta":[],"product_brand":[],"product_cat":[166],"product_tag":[],"class_list":{"0":"post-32511","1":"product","2":"type-product","3":"status-publish","4":"has-post-thumbnail","6":"product_cat-equipements-medicaux-et-chirurgicaux","8":"first","9":"instock","10":"taxable","11":"shipping-taxable","12":"purchasable","13":"product-type-simple"},"_links":{"self":[{"href":"https:\/\/promatmedical.com\/en\/wp-json\/wp\/v2\/product\/32511","targetHints":{"allow":["GET"]}}],"collection":[{"href":"https:\/\/promatmedical.com\/en\/wp-json\/wp\/v2\/product"}],"about":[{"href":"https:\/\/promatmedical.com\/en\/wp-json\/wp\/v2\/types\/product"}],"replies":[{"embeddable":true,"href":"https:\/\/promatmedical.com\/en\/wp-json\/wp\/v2\/comments?post=32511"}],"wp:featuredmedia":[{"embeddable":true,"href":"https:\/\/promatmedical.com\/en\/wp-json\/wp\/v2\/media\/32510"}],"wp:attachment":[{"href":"https:\/\/promatmedical.com\/en\/wp-json\/wp\/v2\/media?parent=32511"}],"wp:term":[{"taxonomy":"product_brand","embeddable":true,"href":"https:\/\/promatmedical.com\/en\/wp-json\/wp\/v2\/product_brand?post=32511"},{"taxonomy":"product_cat","embeddable":true,"href":"https:\/\/promatmedical.com\/en\/wp-json\/wp\/v2\/product_cat?post=32511"},{"taxonomy":"product_tag","embeddable":true,"href":"https:\/\/promatmedical.com\/en\/wp-json\/wp\/v2\/product_tag?post=32511"}],"curies":[{"name":"wp","href":"https:\/\/api.w.org\/{rel}","templated":true}]}}