{"id":32539,"date":"2025-03-21T10:16:22","date_gmt":"2025-03-21T09:16:22","guid":{"rendered":"https:\/\/promatmedical.com\/bj\/produit\/fauteuil-elite-dossier-bas-tissu-rouge\/"},"modified":"2025-03-21T10:16:22","modified_gmt":"2025-03-21T09:16:22","slug":"fauteuil-elite-dossier-bas-tissu-rouge","status":"publish","type":"product","link":"https:\/\/promatmedical.com\/en\/product\/fauteuil-elite-dossier-bas-tissu-rouge\/","title":{"rendered":"Fauteuil elite dossier bas &#8211; tissu &#8211; rouge"},"content":{"rendered":"<p>Fauteuil direction \u00e0 dossiers bas.<br \/>\nBase et accoudoirs en acier et chrome.<br \/>\nHauteur r\u00e9glable par piston \u00e0 gaz.<\/p>\n<p>Made in Italy.<\/p>","protected":false},"excerpt":{"rendered":"<p>Fauteuil direction \u00e0 dossiers bas. Base et accoudoirs en acier et chrome. Hauteur r\u00e9glable par piston \u00e0 gaz. Made in Italy.<\/p>","protected":false},"featured_media":32538,"comment_status":"open","ping_status":"closed","template":"","meta":[],"product_brand":[],"product_cat":[166],"product_tag":[],"class_list":{"0":"post-32539","1":"product","2":"type-product","3":"status-publish","4":"has-post-thumbnail","6":"product_cat-equipements-medicaux-et-chirurgicaux","8":"first","9":"instock","10":"taxable","11":"shipping-taxable","12":"purchasable","13":"product-type-simple"},"_links":{"self":[{"href":"https:\/\/promatmedical.com\/en\/wp-json\/wp\/v2\/product\/32539","targetHints":{"allow":["GET"]}}],"collection":[{"href":"https:\/\/promatmedical.com\/en\/wp-json\/wp\/v2\/product"}],"about":[{"href":"https:\/\/promatmedical.com\/en\/wp-json\/wp\/v2\/types\/product"}],"replies":[{"embeddable":true,"href":"https:\/\/promatmedical.com\/en\/wp-json\/wp\/v2\/comments?post=32539"}],"wp:featuredmedia":[{"embeddable":true,"href":"https:\/\/promatmedical.com\/en\/wp-json\/wp\/v2\/media\/32538"}],"wp:attachment":[{"href":"https:\/\/promatmedical.com\/en\/wp-json\/wp\/v2\/media?parent=32539"}],"wp:term":[{"taxonomy":"product_brand","embeddable":true,"href":"https:\/\/promatmedical.com\/en\/wp-json\/wp\/v2\/product_brand?post=32539"},{"taxonomy":"product_cat","embeddable":true,"href":"https:\/\/promatmedical.com\/en\/wp-json\/wp\/v2\/product_cat?post=32539"},{"taxonomy":"product_tag","embeddable":true,"href":"https:\/\/promatmedical.com\/en\/wp-json\/wp\/v2\/product_tag?post=32539"}],"curies":[{"name":"wp","href":"https:\/\/api.w.org\/{rel}","templated":true}]}}