{"id":32590,"date":"2025-03-21T10:19:33","date_gmt":"2025-03-21T09:19:33","guid":{"rendered":"https:\/\/promatmedical.com\/bj\/produit\/tabouret-1-noir\/"},"modified":"2025-03-21T10:19:33","modified_gmt":"2025-03-21T09:19:33","slug":"tabouret-1-noir","status":"publish","type":"product","link":"https:\/\/promatmedical.com\/en\/product\/tabouret-1-noir\/","title":{"rendered":"Tabouret 1 &#8211; noir"},"content":{"rendered":"<p>Assise en similicuir rembourr\u00e9 ignifuge, \u00d8 33 cm.<br \/>\nHauteur r\u00e9glable par pivotement du si\u00e8ge de 47 \u00e0 57 cm.<br \/>\nBase en m\u00e9tal avec 5 roulettes.<\/p>\n<p>Charge max: 120 kg<\/p>\n<p>Made in Italy.<\/p>","protected":false},"excerpt":{"rendered":"<p>Assise en similicuir rembourr\u00e9 ignifuge, \u00d8 33 cm. Hauteur r\u00e9glable par pivotement du si\u00e8ge de 47 \u00e0 57 cm. Base en m\u00e9tal avec 5 roulettes. Charge max: 120 kg Made in Italy.<\/p>","protected":false},"featured_media":32589,"comment_status":"open","ping_status":"closed","template":"","meta":[],"product_brand":[],"product_cat":[166],"product_tag":[],"class_list":{"0":"post-32590","1":"product","2":"type-product","3":"status-publish","4":"has-post-thumbnail","6":"product_cat-equipements-medicaux-et-chirurgicaux","8":"first","9":"instock","10":"taxable","11":"shipping-taxable","12":"purchasable","13":"product-type-simple"},"_links":{"self":[{"href":"https:\/\/promatmedical.com\/en\/wp-json\/wp\/v2\/product\/32590","targetHints":{"allow":["GET"]}}],"collection":[{"href":"https:\/\/promatmedical.com\/en\/wp-json\/wp\/v2\/product"}],"about":[{"href":"https:\/\/promatmedical.com\/en\/wp-json\/wp\/v2\/types\/product"}],"replies":[{"embeddable":true,"href":"https:\/\/promatmedical.com\/en\/wp-json\/wp\/v2\/comments?post=32590"}],"wp:featuredmedia":[{"embeddable":true,"href":"https:\/\/promatmedical.com\/en\/wp-json\/wp\/v2\/media\/32589"}],"wp:attachment":[{"href":"https:\/\/promatmedical.com\/en\/wp-json\/wp\/v2\/media?parent=32590"}],"wp:term":[{"taxonomy":"product_brand","embeddable":true,"href":"https:\/\/promatmedical.com\/en\/wp-json\/wp\/v2\/product_brand?post=32590"},{"taxonomy":"product_cat","embeddable":true,"href":"https:\/\/promatmedical.com\/en\/wp-json\/wp\/v2\/product_cat?post=32590"},{"taxonomy":"product_tag","embeddable":true,"href":"https:\/\/promatmedical.com\/en\/wp-json\/wp\/v2\/product_tag?post=32590"}],"curies":[{"name":"wp","href":"https:\/\/api.w.org\/{rel}","templated":true}]}}