{"id":32616,"date":"2025-03-21T10:21:12","date_gmt":"2025-03-21T09:21:12","guid":{"rendered":"https:\/\/promatmedical.com\/bj\/produit\/tabouret-noir-2\/"},"modified":"2025-03-21T10:21:12","modified_gmt":"2025-03-21T09:21:12","slug":"black-stool-2","status":"publish","type":"product","link":"https:\/\/promatmedical.com\/en\/product\/black-stool-2\/","title":{"rendered":"Stool \u2013 Black"},"content":{"rendered":"<p>Seat in padded faux leather \u00d8 34 cm.<br \/>\nAdjustable height 55-75 cm.<\/p>\n<p>Multilingual Instructions: GB, FR, IT, ES, PT, DE<\/p>","protected":false},"excerpt":{"rendered":"<p>Assise en similicuir rembourr\u00e9 \u00d8 34 cm. Hauteur r\u00e9glable 55-75 cm. Instructions multilingues: GB, FR, IT, ES, PT, DE<\/p>","protected":false},"featured_media":32615,"comment_status":"open","ping_status":"closed","template":"","meta":[],"product_brand":[],"product_cat":[166],"product_tag":[],"class_list":{"0":"post-32616","1":"product","2":"type-product","3":"status-publish","4":"has-post-thumbnail","6":"product_cat-equipements-medicaux-et-chirurgicaux","8":"first","9":"instock","10":"taxable","11":"shipping-taxable","12":"purchasable","13":"product-type-simple"},"_links":{"self":[{"href":"https:\/\/promatmedical.com\/en\/wp-json\/wp\/v2\/product\/32616","targetHints":{"allow":["GET"]}}],"collection":[{"href":"https:\/\/promatmedical.com\/en\/wp-json\/wp\/v2\/product"}],"about":[{"href":"https:\/\/promatmedical.com\/en\/wp-json\/wp\/v2\/types\/product"}],"replies":[{"embeddable":true,"href":"https:\/\/promatmedical.com\/en\/wp-json\/wp\/v2\/comments?post=32616"}],"wp:featuredmedia":[{"embeddable":true,"href":"https:\/\/promatmedical.com\/en\/wp-json\/wp\/v2\/media\/32615"}],"wp:attachment":[{"href":"https:\/\/promatmedical.com\/en\/wp-json\/wp\/v2\/media?parent=32616"}],"wp:term":[{"taxonomy":"product_brand","embeddable":true,"href":"https:\/\/promatmedical.com\/en\/wp-json\/wp\/v2\/product_brand?post=32616"},{"taxonomy":"product_cat","embeddable":true,"href":"https:\/\/promatmedical.com\/en\/wp-json\/wp\/v2\/product_cat?post=32616"},{"taxonomy":"product_tag","embeddable":true,"href":"https:\/\/promatmedical.com\/en\/wp-json\/wp\/v2\/product_tag?post=32616"}],"curies":[{"name":"wp","href":"https:\/\/api.w.org\/{rel}","templated":true}]}}