{"id":32638,"date":"2025-03-21T10:22:40","date_gmt":"2025-03-21T09:22:40","guid":{"rendered":"https:\/\/promatmedical.com\/bj\/produit\/tabouret-avec-dossier-beige-clair\/"},"modified":"2025-03-21T10:22:40","modified_gmt":"2025-03-21T09:22:40","slug":"tabouret-avec-dossier-beige-clair","status":"publish","type":"product","link":"https:\/\/promatmedical.com\/en\/product\/tabouret-avec-dossier-beige-clair\/","title":{"rendered":"Tabouret avec dossier &#8211; beige clair"},"content":{"rendered":"<p>Assise en similicuir rembourr\u00e9 \u00d8 34 cm avec dossier.<br \/>\nAdjustable height 55-75 cm.<\/p>\n<p>Multilingual Instructions: GB, FR, IT, ES, PT, DE<\/p>","protected":false},"excerpt":{"rendered":"<p>Assise en similicuir rembourr\u00e9 \u00d8 34 cm avec dossier. Hauteur r\u00e9glable 55-75 cm. Instructions multilingues: GB, FR, IT, ES, PT, DE<\/p>","protected":false},"featured_media":32637,"comment_status":"open","ping_status":"closed","template":"","meta":[],"product_brand":[],"product_cat":[166],"product_tag":[],"class_list":{"0":"post-32638","1":"product","2":"type-product","3":"status-publish","4":"has-post-thumbnail","6":"product_cat-equipements-medicaux-et-chirurgicaux","8":"first","9":"instock","10":"taxable","11":"shipping-taxable","12":"purchasable","13":"product-type-simple"},"_links":{"self":[{"href":"https:\/\/promatmedical.com\/en\/wp-json\/wp\/v2\/product\/32638","targetHints":{"allow":["GET"]}}],"collection":[{"href":"https:\/\/promatmedical.com\/en\/wp-json\/wp\/v2\/product"}],"about":[{"href":"https:\/\/promatmedical.com\/en\/wp-json\/wp\/v2\/types\/product"}],"replies":[{"embeddable":true,"href":"https:\/\/promatmedical.com\/en\/wp-json\/wp\/v2\/comments?post=32638"}],"wp:featuredmedia":[{"embeddable":true,"href":"https:\/\/promatmedical.com\/en\/wp-json\/wp\/v2\/media\/32637"}],"wp:attachment":[{"href":"https:\/\/promatmedical.com\/en\/wp-json\/wp\/v2\/media?parent=32638"}],"wp:term":[{"taxonomy":"product_brand","embeddable":true,"href":"https:\/\/promatmedical.com\/en\/wp-json\/wp\/v2\/product_brand?post=32638"},{"taxonomy":"product_cat","embeddable":true,"href":"https:\/\/promatmedical.com\/en\/wp-json\/wp\/v2\/product_cat?post=32638"},{"taxonomy":"product_tag","embeddable":true,"href":"https:\/\/promatmedical.com\/en\/wp-json\/wp\/v2\/product_tag?post=32638"}],"curies":[{"name":"wp","href":"https:\/\/api.w.org\/{rel}","templated":true}]}}