{"id":32642,"date":"2025-03-21T10:22:50","date_gmt":"2025-03-21T09:22:50","guid":{"rendered":"https:\/\/promatmedical.com\/bj\/produit\/tabouret-ergo-blanc\/"},"modified":"2025-03-21T10:22:50","modified_gmt":"2025-03-21T09:22:50","slug":"tabouret-ergo-blanc","status":"publish","type":"product","link":"https:\/\/promatmedical.com\/en\/product\/tabouret-ergo-blanc\/","title":{"rendered":"Tabouret ergo &#8211; blanc"},"content":{"rendered":"<p>Tabourets ergonomiques et confortables avec assise en forme de selle et hauteur r\u00e9glable de 52 \u00e0 67 cm par v\u00e9rin \u00e0 gaz.<\/p>\n<p>Multilingual Instructions: GB, FR, IT, ES, PT, DE<\/p>","protected":false},"excerpt":{"rendered":"<p>Tabourets ergonomiques et confortables avec assise en forme de selle et hauteur r\u00e9glable de 52 \u00e0 67 cm par v\u00e9rin \u00e0 gaz. Instructions multilingues: GB, FR, IT, ES, PT, DE<\/p>","protected":false},"featured_media":32641,"comment_status":"open","ping_status":"closed","template":"","meta":[],"product_brand":[],"product_cat":[166],"product_tag":[],"class_list":{"0":"post-32642","1":"product","2":"type-product","3":"status-publish","4":"has-post-thumbnail","6":"product_cat-equipements-medicaux-et-chirurgicaux","8":"first","9":"instock","10":"taxable","11":"shipping-taxable","12":"purchasable","13":"product-type-simple"},"_links":{"self":[{"href":"https:\/\/promatmedical.com\/en\/wp-json\/wp\/v2\/product\/32642","targetHints":{"allow":["GET"]}}],"collection":[{"href":"https:\/\/promatmedical.com\/en\/wp-json\/wp\/v2\/product"}],"about":[{"href":"https:\/\/promatmedical.com\/en\/wp-json\/wp\/v2\/types\/product"}],"replies":[{"embeddable":true,"href":"https:\/\/promatmedical.com\/en\/wp-json\/wp\/v2\/comments?post=32642"}],"wp:featuredmedia":[{"embeddable":true,"href":"https:\/\/promatmedical.com\/en\/wp-json\/wp\/v2\/media\/32641"}],"wp:attachment":[{"href":"https:\/\/promatmedical.com\/en\/wp-json\/wp\/v2\/media?parent=32642"}],"wp:term":[{"taxonomy":"product_brand","embeddable":true,"href":"https:\/\/promatmedical.com\/en\/wp-json\/wp\/v2\/product_brand?post=32642"},{"taxonomy":"product_cat","embeddable":true,"href":"https:\/\/promatmedical.com\/en\/wp-json\/wp\/v2\/product_cat?post=32642"},{"taxonomy":"product_tag","embeddable":true,"href":"https:\/\/promatmedical.com\/en\/wp-json\/wp\/v2\/product_tag?post=32642"}],"curies":[{"name":"wp","href":"https:\/\/api.w.org\/{rel}","templated":true}]}}