{"id":32648,"date":"2025-03-21T10:23:09","date_gmt":"2025-03-21T09:23:09","guid":{"rendered":"https:\/\/promatmedical.com\/bj\/produit\/tabouret-ergo-b-avec-dossier-blanc\/"},"modified":"2025-03-21T10:23:09","modified_gmt":"2025-03-21T09:23:09","slug":"tabouret-ergo-b-avec-dossier-blanc","status":"publish","type":"product","link":"https:\/\/promatmedical.com\/en\/product\/tabouret-ergo-b-avec-dossier-blanc\/","title":{"rendered":"Tabouret ergo b avec dossier &#8211; blanc"},"content":{"rendered":"<p>Tabourets ergonomiques et confortables. assise en forme de selle et 3 leviers avec v\u00e9rin \u00e0 gaz pour r\u00e9gler la hauteur, l\u2019inclinaison du dossier et de l\u2019assise.<br \/>\nHauteur r\u00e9glable de 63 \u00e0 83 cm.<\/p>\n<p>3 r\u00e9glages:<br \/>\nInclinaison du dossier<br \/>\nInclinaison de l\u2019assise<br \/>\nHauteur de l\u2019assise<\/p>\n<p>Multilingual Instructions: GB, FR, IT, ES, PT, DE<\/p>","protected":false},"excerpt":{"rendered":"<p>Tabourets ergonomiques et confortables. assise en forme de selle et 3 leviers avec v\u00e9rin \u00e0 gaz pour r\u00e9gler la hauteur, l\u2019inclinaison du dossier et de l\u2019assise. Hauteur r\u00e9glable de 63 \u00e0 83 cm. 3 r\u00e9glages: Inclinaison du dossier Inclinaison de l\u2019assise Hauteur de l\u2019assise Instructions multilingues: GB, FR, IT, ES, PT, DE<\/p>","protected":false},"featured_media":32647,"comment_status":"open","ping_status":"closed","template":"","meta":[],"product_brand":[],"product_cat":[166],"product_tag":[],"class_list":{"0":"post-32648","1":"product","2":"type-product","3":"status-publish","4":"has-post-thumbnail","6":"product_cat-equipements-medicaux-et-chirurgicaux","8":"first","9":"instock","10":"taxable","11":"shipping-taxable","12":"purchasable","13":"product-type-simple"},"_links":{"self":[{"href":"https:\/\/promatmedical.com\/en\/wp-json\/wp\/v2\/product\/32648","targetHints":{"allow":["GET"]}}],"collection":[{"href":"https:\/\/promatmedical.com\/en\/wp-json\/wp\/v2\/product"}],"about":[{"href":"https:\/\/promatmedical.com\/en\/wp-json\/wp\/v2\/types\/product"}],"replies":[{"embeddable":true,"href":"https:\/\/promatmedical.com\/en\/wp-json\/wp\/v2\/comments?post=32648"}],"wp:featuredmedia":[{"embeddable":true,"href":"https:\/\/promatmedical.com\/en\/wp-json\/wp\/v2\/media\/32647"}],"wp:attachment":[{"href":"https:\/\/promatmedical.com\/en\/wp-json\/wp\/v2\/media?parent=32648"}],"wp:term":[{"taxonomy":"product_brand","embeddable":true,"href":"https:\/\/promatmedical.com\/en\/wp-json\/wp\/v2\/product_brand?post=32648"},{"taxonomy":"product_cat","embeddable":true,"href":"https:\/\/promatmedical.com\/en\/wp-json\/wp\/v2\/product_cat?post=32648"},{"taxonomy":"product_tag","embeddable":true,"href":"https:\/\/promatmedical.com\/en\/wp-json\/wp\/v2\/product_tag?post=32648"}],"curies":[{"name":"wp","href":"https:\/\/api.w.org\/{rel}","templated":true}]}}