{"id":32654,"date":"2025-03-21T10:23:30","date_gmt":"2025-03-21T09:23:30","guid":{"rendered":"https:\/\/promatmedical.com\/bj\/produit\/armoire-murale-multifonctions-standard-couleur-au-choix\/"},"modified":"2025-03-21T10:23:30","modified_gmt":"2025-03-21T09:23:30","slug":"armoire-murale-multifonctions-standard-couleur-au-choix","status":"publish","type":"product","link":"https:\/\/promatmedical.com\/en\/product\/armoire-murale-multifonctions-standard-couleur-au-choix\/","title":{"rendered":"Armoire murale multifonctions &#8211; standard &#8211; couleur au choix"},"content":{"rendered":"<p>ARMOIRE MURALE MULTIFONCTIONS &#8211; TAILLE STANDARD &#8211; COULEUR AU CHOIX<\/p>\n<p>Dimensions: 103 x 20 x h 40 cm<\/p>\n<p>Multi-function wall cabinet for organizing disposable products.<br \/>\nComponents and slots are modular and can be arranged according to the user's needs.<br \/>\nDoor in powder-coated metal, with zinc coating and vertical opening.<br \/>\nAvec distributeur automatique de savon, distributeur de gobelets et 5 fentes.<\/p>","protected":false},"excerpt":{"rendered":"<p>ARMOIRE MURALE MULTIFONCTIONS &#8211; TAILLE STANDARD &#8211; COULEUR AU CHOIX Dimensions: 103 x 20 x h 40 cm Armoire murale multifonctions pour organiser les produits jetables. Les composants et les fentes sont modulables et peuvent \u00eatre organis\u00e9s selon les besoins de l\u2019utilisateur. Porte en m\u00e9tal peint-\u00e0-poudre, avec rev\u00eatement en zinc et ouverture verticale. Avec distributeur [&hellip;]<\/p>\n","protected":false},"featured_media":32653,"comment_status":"open","ping_status":"closed","template":"","meta":[],"product_brand":[],"product_cat":[166],"product_tag":[],"class_list":{"0":"post-32654","1":"product","2":"type-product","3":"status-publish","4":"has-post-thumbnail","6":"product_cat-equipements-medicaux-et-chirurgicaux","8":"first","9":"instock","10":"taxable","11":"shipping-taxable","12":"purchasable","13":"product-type-simple"},"_links":{"self":[{"href":"https:\/\/promatmedical.com\/en\/wp-json\/wp\/v2\/product\/32654","targetHints":{"allow":["GET"]}}],"collection":[{"href":"https:\/\/promatmedical.com\/en\/wp-json\/wp\/v2\/product"}],"about":[{"href":"https:\/\/promatmedical.com\/en\/wp-json\/wp\/v2\/types\/product"}],"replies":[{"embeddable":true,"href":"https:\/\/promatmedical.com\/en\/wp-json\/wp\/v2\/comments?post=32654"}],"wp:featuredmedia":[{"embeddable":true,"href":"https:\/\/promatmedical.com\/en\/wp-json\/wp\/v2\/media\/32653"}],"wp:attachment":[{"href":"https:\/\/promatmedical.com\/en\/wp-json\/wp\/v2\/media?parent=32654"}],"wp:term":[{"taxonomy":"product_brand","embeddable":true,"href":"https:\/\/promatmedical.com\/en\/wp-json\/wp\/v2\/product_brand?post=32654"},{"taxonomy":"product_cat","embeddable":true,"href":"https:\/\/promatmedical.com\/en\/wp-json\/wp\/v2\/product_cat?post=32654"},{"taxonomy":"product_tag","embeddable":true,"href":"https:\/\/promatmedical.com\/en\/wp-json\/wp\/v2\/product_tag?post=32654"}],"curies":[{"name":"wp","href":"https:\/\/api.w.org\/{rel}","templated":true}]}}