{"id":32656,"date":"2025-03-21T10:23:34","date_gmt":"2025-03-21T09:23:34","guid":{"rendered":"https:\/\/promatmedical.com\/bj\/produit\/armoire-murale-multifonctions-grande-blanche\/"},"modified":"2025-03-21T10:23:34","modified_gmt":"2025-03-21T09:23:34","slug":"large-white-multifunction-wall-cabinet","status":"publish","type":"product","link":"https:\/\/promatmedical.com\/en\/product\/large-white-multifunction-wall-cabinet\/","title":{"rendered":"Multifunctional wall cabinet \u2013 large \u2013 white"},"content":{"rendered":"<p>wall cabinet Multifunctional \u2013 Large Size<\/p>\n<p>Color: White<br \/>\nDimensions: 153 x 20 x H 40 cm<\/p>\n<p>Multi-function wall cabinet for organizing disposable products.<br \/>\nComponents and slots are modular and can be arranged according to the user's needs.<br \/>\nDoor in powder-coated metal, with zinc coating and vertical opening.<br \/>\nWith soap vending machine, cup dispenser and 7 slots.<\/p>","protected":false},"excerpt":{"rendered":"<p>ARMOIRE MURALE MULTIFONCTIONS &#8211; TAILLE GRAND Couleur: blanc Dimensions: 153 x 20 x h 40 cm Armoire murale multifonctions pour organiser les produits jetables. Les composants et les fentes sont modulables et peuvent \u00eatre organis\u00e9s selon les besoins de l\u2019utilisateur. Porte en m\u00e9tal peint-\u00e0-poudre, avec rev\u00eatement en zinc et ouverture verticale. Avec distributeur automatique de [&hellip;]<\/p>\n","protected":false},"featured_media":32655,"comment_status":"open","ping_status":"closed","template":"","meta":[],"product_brand":[],"product_cat":[166],"product_tag":[],"class_list":{"0":"post-32656","1":"product","2":"type-product","3":"status-publish","4":"has-post-thumbnail","6":"product_cat-equipements-medicaux-et-chirurgicaux","8":"first","9":"instock","10":"taxable","11":"shipping-taxable","12":"purchasable","13":"product-type-simple"},"_links":{"self":[{"href":"https:\/\/promatmedical.com\/en\/wp-json\/wp\/v2\/product\/32656","targetHints":{"allow":["GET"]}}],"collection":[{"href":"https:\/\/promatmedical.com\/en\/wp-json\/wp\/v2\/product"}],"about":[{"href":"https:\/\/promatmedical.com\/en\/wp-json\/wp\/v2\/types\/product"}],"replies":[{"embeddable":true,"href":"https:\/\/promatmedical.com\/en\/wp-json\/wp\/v2\/comments?post=32656"}],"wp:featuredmedia":[{"embeddable":true,"href":"https:\/\/promatmedical.com\/en\/wp-json\/wp\/v2\/media\/32655"}],"wp:attachment":[{"href":"https:\/\/promatmedical.com\/en\/wp-json\/wp\/v2\/media?parent=32656"}],"wp:term":[{"taxonomy":"product_brand","embeddable":true,"href":"https:\/\/promatmedical.com\/en\/wp-json\/wp\/v2\/product_brand?post=32656"},{"taxonomy":"product_cat","embeddable":true,"href":"https:\/\/promatmedical.com\/en\/wp-json\/wp\/v2\/product_cat?post=32656"},{"taxonomy":"product_tag","embeddable":true,"href":"https:\/\/promatmedical.com\/en\/wp-json\/wp\/v2\/product_tag?post=32656"}],"curies":[{"name":"wp","href":"https:\/\/api.w.org\/{rel}","templated":true}]}}