{"id":32670,"date":"2025-03-21T10:24:13","date_gmt":"2025-03-21T09:24:13","guid":{"rendered":"https:\/\/promatmedical.com\/bj\/produit\/plan-de-travail-156-cm-lave-mains-a-gauche\/"},"modified":"2025-03-21T10:24:13","modified_gmt":"2025-03-21T09:24:13","slug":"plan-de-travail-156-cm-lave-mains-a-gauche","status":"publish","type":"product","link":"https:\/\/promatmedical.com\/en\/product\/plan-de-travail-156-cm-lave-mains-a-gauche\/","title":{"rendered":"Plan de travail 156 cm &#8211; lave-mains \u00e0 gauche"},"content":{"rendered":"<p>PLANS DE TRAVAIL STANDARD &#8211; BLANC<\/p>\n<p>Plan de travail 156 cm &#8211; lave-mains \u00e0 gauche<\/p>\n<p>Mobile space est un programme de mobilier technique s\u00fbr et ergonomique pour les cabinets m\u00e9dicaux, les centres de physioth\u00e9rapie et les salons de beaut\u00e9. Ces unit\u00e9s pr\u00e9sentent des roulettes et offrent les m\u00eames degr\u00e9s de fonctionnalit\u00e9 que les chariots. Les bords visibles sont rayonnants et rev\u00eatus de mat\u00e9riau anti-choc. Les poign\u00e9es en acier fournissent une bonne pr\u00e9hension sans bords dangereux. La stabilit\u00e9 est optimis\u00e9e par les c\u00f4t\u00e9s internes et externes, par les dos ayant une \u00e9paisseur extraordinaire et par le positionnement invisible des roulettes. Les rails en acier des tiroirs avec fermeture \u00e0 bras oscillant garantissent une ouverture ais\u00e9e, tout en \u00e9vitant l\u2019ouverture accidentelle pendant le transport. Le plan de travail ind\u00e9pendant permet d\u2019extraire compl\u00e8tement les unit\u00e9s pour faciliter le nettoyage du sol et le positionnement des chariots selon les besoins. Disponibles avec ou sans lave-mains (\u00e0 gauche ou \u00e0 droite). Le vaste choix de configurations des unit\u00e9s et la vaste gamme de couleurs permettent de personnaliser les int\u00e9rieurs selon les n\u00e9cessit\u00e9s individuelles.<\/p>\n<p>Made in Italy.<\/p>","protected":false},"excerpt":{"rendered":"<p>PLANS DE TRAVAIL STANDARD &#8211; BLANC Plan de travail 156 cm &#8211; lave-mains \u00e0 gauche Mobile space est un programme de mobilier technique s\u00fbr et ergonomique pour les cabinets m\u00e9dicaux, les centres de physioth\u00e9rapie et les salons de beaut\u00e9. Ces unit\u00e9s pr\u00e9sentent des roulettes et offrent les m\u00eames degr\u00e9s de fonctionnalit\u00e9 que les chariots. Les [&hellip;]<\/p>\n","protected":false},"featured_media":32669,"comment_status":"open","ping_status":"closed","template":"","meta":[],"product_brand":[],"product_cat":[166],"product_tag":[],"class_list":{"0":"post-32670","1":"product","2":"type-product","3":"status-publish","4":"has-post-thumbnail","6":"product_cat-equipements-medicaux-et-chirurgicaux","8":"first","9":"instock","10":"taxable","11":"shipping-taxable","12":"purchasable","13":"product-type-simple"},"_links":{"self":[{"href":"https:\/\/promatmedical.com\/en\/wp-json\/wp\/v2\/product\/32670","targetHints":{"allow":["GET"]}}],"collection":[{"href":"https:\/\/promatmedical.com\/en\/wp-json\/wp\/v2\/product"}],"about":[{"href":"https:\/\/promatmedical.com\/en\/wp-json\/wp\/v2\/types\/product"}],"replies":[{"embeddable":true,"href":"https:\/\/promatmedical.com\/en\/wp-json\/wp\/v2\/comments?post=32670"}],"wp:featuredmedia":[{"embeddable":true,"href":"https:\/\/promatmedical.com\/en\/wp-json\/wp\/v2\/media\/32669"}],"wp:attachment":[{"href":"https:\/\/promatmedical.com\/en\/wp-json\/wp\/v2\/media?parent=32670"}],"wp:term":[{"taxonomy":"product_brand","embeddable":true,"href":"https:\/\/promatmedical.com\/en\/wp-json\/wp\/v2\/product_brand?post=32670"},{"taxonomy":"product_cat","embeddable":true,"href":"https:\/\/promatmedical.com\/en\/wp-json\/wp\/v2\/product_cat?post=32670"},{"taxonomy":"product_tag","embeddable":true,"href":"https:\/\/promatmedical.com\/en\/wp-json\/wp\/v2\/product_tag?post=32670"}],"curies":[{"name":"wp","href":"https:\/\/api.w.org\/{rel}","templated":true}]}}