{"id":32719,"date":"2025-03-21T10:26:53","date_gmt":"2025-03-21T09:26:53","guid":{"rendered":"https:\/\/promatmedical.com\/bj\/produit\/rideaux-trevira-pour-chariot-long-225-x-h145-cm-blancs\/"},"modified":"2025-03-21T10:26:53","modified_gmt":"2025-03-21T09:26:53","slug":"rideaux-trevira-pour-chariot-long-225-x-h145-cm-blancs","status":"publish","type":"product","link":"https:\/\/promatmedical.com\/en\/product\/rideaux-trevira-pour-chariot-long-225-x-h145-cm-blancs\/","title":{"rendered":"Rideaux tr\u00e9vira pour chariot &#8211; long 225 x h145 cm &#8211; blancs"},"content":{"rendered":"<p>Trevira\u00ae curtains<\/p>\n<p>\u2022 Rideau pour chariots et fen\u00eatres (Bras\/Tringle, Chariot long)<br \/>\n\u2022 Dimensions: 225 x h 145 cm<br \/>\n\u2022 Couleur: blanc<\/p>\n<p>Fireproof curtains (class 1), anti-allergic, antibacterial, water and abrasion resistant.<br \/>\nThe thick weft avoids dust infiltration and increases privacy, washable up to 60\u00b0C. <\/p>\n<p>Made in Italy.<\/p>","protected":false},"excerpt":{"rendered":"<p>Rideaux en Tr\u00e9vira\u00ae \u2022 Rideau pour chariots et fen\u00eatres (Bras\/Tringle, Chariot long) \u2022 Dimensions: 225 x h 145 cm \u2022 Couleur: blanc Rideaux ignifug\u00e9s (Classe 1), antiallergiques, antibact\u00e9riens, r\u00e9sistants \u00e0 l\u2019eau et \u00e0 l\u2019abrasion. La trame \u00e9paisse \u00e9vite l\u2019infiltration de poussi\u00e8re et augmente l\u2019intimit\u00e9, lavable jusqu\u2019\u00e0 60\u00b0C. Fabriqu\u00e9s en Italie.<\/p>","protected":false},"featured_media":18466,"comment_status":"open","ping_status":"closed","template":"","meta":[],"product_brand":[],"product_cat":[166],"product_tag":[],"class_list":{"0":"post-32719","1":"product","2":"type-product","3":"status-publish","4":"has-post-thumbnail","6":"product_cat-equipements-medicaux-et-chirurgicaux","8":"first","9":"instock","10":"taxable","11":"shipping-taxable","12":"purchasable","13":"product-type-simple"},"_links":{"self":[{"href":"https:\/\/promatmedical.com\/en\/wp-json\/wp\/v2\/product\/32719","targetHints":{"allow":["GET"]}}],"collection":[{"href":"https:\/\/promatmedical.com\/en\/wp-json\/wp\/v2\/product"}],"about":[{"href":"https:\/\/promatmedical.com\/en\/wp-json\/wp\/v2\/types\/product"}],"replies":[{"embeddable":true,"href":"https:\/\/promatmedical.com\/en\/wp-json\/wp\/v2\/comments?post=32719"}],"wp:featuredmedia":[{"embeddable":true,"href":"https:\/\/promatmedical.com\/en\/wp-json\/wp\/v2\/media\/18466"}],"wp:attachment":[{"href":"https:\/\/promatmedical.com\/en\/wp-json\/wp\/v2\/media?parent=32719"}],"wp:term":[{"taxonomy":"product_brand","embeddable":true,"href":"https:\/\/promatmedical.com\/en\/wp-json\/wp\/v2\/product_brand?post=32719"},{"taxonomy":"product_cat","embeddable":true,"href":"https:\/\/promatmedical.com\/en\/wp-json\/wp\/v2\/product_cat?post=32719"},{"taxonomy":"product_tag","embeddable":true,"href":"https:\/\/promatmedical.com\/en\/wp-json\/wp\/v2\/product_tag?post=32719"}],"curies":[{"name":"wp","href":"https:\/\/api.w.org\/{rel}","templated":true}]}}