{"id":32762,"date":"2025-03-21T10:29:16","date_gmt":"2025-03-21T09:29:16","guid":{"rendered":"https:\/\/promatmedical.com\/bj\/produit\/chariot-modulaire-acier-peint-avec-211-tiroirs\/"},"modified":"2025-03-21T10:29:16","modified_gmt":"2025-03-21T09:29:16","slug":"chariot-modulaire-acier-peint-avec-211-tiroirs","status":"publish","type":"product","link":"https:\/\/promatmedical.com\/en\/product\/chariot-modulaire-acier-peint-avec-211-tiroirs\/","title":{"rendered":"Chariot modulaire acier peint avec 2+1+1 tiroirs"},"content":{"rendered":"<p>SYST\u00c8MES DE CHARIOTS MODULAIRES<\/p>\n<p>\u2022 Chariot avec 2 petits, 1 moyen, 1 grand tiroirs<br \/>\n\u2022 Acier laqu\u00e9<\/p>\n<p>Chariots modulaires en acier peint ou inox, structure d\u2019une seule pi\u00e8ce, avec plateau large en plastique technopolym\u00e8re \u00e0 3 bords pour un nettoyage facile, pas d\u2019angle pointu, poign\u00e9e tubulaire ergonomique. Plusieurs tiroirs sur la face avant (petit-jaune, moyen-bleu, grand-rouge), selon les mod\u00e8les, panneaux peints en \u00e9poxy et poign\u00e9e integr\u00e9e, glissement silencieux et blocage de fin de course. Possibilit\u00e9 de retirer les tiroirs pour la d\u00e9sinfection et le nettoyage. Verrouillage central. Pare-chocs sur I\u2019ensemble et 4 roulettes antistatiques \u00d8 125 mm, 2 avec freins.<\/p>\n<p>Dimensions: 67 x 63 x 104 cm.<br \/>\nPoids 53 kg.<\/p>\n<p>Made in Italy.<\/p>","protected":false},"excerpt":{"rendered":"<p>SYST\u00c8MES DE CHARIOTS MODULAIRES \u2022 Chariot avec 2 petits, 1 moyen, 1 grand tiroirs \u2022 Acier laqu\u00e9 Chariots modulaires en acier peint ou inox, structure d\u2019une seule pi\u00e8ce, avec plateau large en plastique technopolym\u00e8re \u00e0 3 bords pour un nettoyage facile, pas d\u2019angle pointu, poign\u00e9e tubulaire ergonomique. Plusieurs tiroirs sur la face avant (petit-jaune, moyen-bleu, [&hellip;]<\/p>\n","protected":false},"featured_media":32761,"comment_status":"open","ping_status":"closed","template":"","meta":[],"product_brand":[],"product_cat":[166],"product_tag":[],"class_list":{"0":"post-32762","1":"product","2":"type-product","3":"status-publish","4":"has-post-thumbnail","6":"product_cat-equipements-medicaux-et-chirurgicaux","8":"first","9":"instock","10":"taxable","11":"shipping-taxable","12":"purchasable","13":"product-type-simple"},"_links":{"self":[{"href":"https:\/\/promatmedical.com\/en\/wp-json\/wp\/v2\/product\/32762","targetHints":{"allow":["GET"]}}],"collection":[{"href":"https:\/\/promatmedical.com\/en\/wp-json\/wp\/v2\/product"}],"about":[{"href":"https:\/\/promatmedical.com\/en\/wp-json\/wp\/v2\/types\/product"}],"replies":[{"embeddable":true,"href":"https:\/\/promatmedical.com\/en\/wp-json\/wp\/v2\/comments?post=32762"}],"wp:featuredmedia":[{"embeddable":true,"href":"https:\/\/promatmedical.com\/en\/wp-json\/wp\/v2\/media\/32761"}],"wp:attachment":[{"href":"https:\/\/promatmedical.com\/en\/wp-json\/wp\/v2\/media?parent=32762"}],"wp:term":[{"taxonomy":"product_brand","embeddable":true,"href":"https:\/\/promatmedical.com\/en\/wp-json\/wp\/v2\/product_brand?post=32762"},{"taxonomy":"product_cat","embeddable":true,"href":"https:\/\/promatmedical.com\/en\/wp-json\/wp\/v2\/product_cat?post=32762"},{"taxonomy":"product_tag","embeddable":true,"href":"https:\/\/promatmedical.com\/en\/wp-json\/wp\/v2\/product_tag?post=32762"}],"curies":[{"name":"wp","href":"https:\/\/api.w.org\/{rel}","templated":true}]}}