{"id":32791,"date":"2025-03-21T10:30:53","date_gmt":"2025-03-21T09:30:53","guid":{"rendered":"https:\/\/promatmedical.com\/bj\/produit\/tiroirs-superieurs-pour-45656\/"},"modified":"2025-03-21T10:30:53","modified_gmt":"2025-03-21T09:30:53","slug":"tiroirs-superieurs-pour-45656","status":"publish","type":"product","link":"https:\/\/promatmedical.com\/en\/product\/tiroirs-superieurs-pour-45656\/","title":{"rendered":"Tiroirs sup\u00e9rieurs pour 45656"},"content":{"rendered":"<p>\u00c9tag\u00e8re sup\u00e9rieure \u00e0 14 tiroirs (9 + 5)<\/p>\n<p>Accessoire pour chariot multifonction p\u00e9diatrique code 45656<\/p>","protected":false},"excerpt":{"rendered":"<p>\u00c9tag\u00e8re sup\u00e9rieure \u00e0 14 tiroirs (9 + 5) Accessoire pour chariot multifonction p\u00e9diatrique code 45656<\/p>","protected":false},"featured_media":32790,"comment_status":"open","ping_status":"closed","template":"","meta":[],"product_brand":[],"product_cat":[166],"product_tag":[],"class_list":{"0":"post-32791","1":"product","2":"type-product","3":"status-publish","4":"has-post-thumbnail","6":"product_cat-equipements-medicaux-et-chirurgicaux","8":"first","9":"instock","10":"taxable","11":"shipping-taxable","12":"purchasable","13":"product-type-simple"},"_links":{"self":[{"href":"https:\/\/promatmedical.com\/en\/wp-json\/wp\/v2\/product\/32791","targetHints":{"allow":["GET"]}}],"collection":[{"href":"https:\/\/promatmedical.com\/en\/wp-json\/wp\/v2\/product"}],"about":[{"href":"https:\/\/promatmedical.com\/en\/wp-json\/wp\/v2\/types\/product"}],"replies":[{"embeddable":true,"href":"https:\/\/promatmedical.com\/en\/wp-json\/wp\/v2\/comments?post=32791"}],"wp:featuredmedia":[{"embeddable":true,"href":"https:\/\/promatmedical.com\/en\/wp-json\/wp\/v2\/media\/32790"}],"wp:attachment":[{"href":"https:\/\/promatmedical.com\/en\/wp-json\/wp\/v2\/media?parent=32791"}],"wp:term":[{"taxonomy":"product_brand","embeddable":true,"href":"https:\/\/promatmedical.com\/en\/wp-json\/wp\/v2\/product_brand?post=32791"},{"taxonomy":"product_cat","embeddable":true,"href":"https:\/\/promatmedical.com\/en\/wp-json\/wp\/v2\/product_cat?post=32791"},{"taxonomy":"product_tag","embeddable":true,"href":"https:\/\/promatmedical.com\/en\/wp-json\/wp\/v2\/product_tag?post=32791"}],"curies":[{"name":"wp","href":"https:\/\/api.w.org\/{rel}","templated":true}]}}