{"id":32799,"date":"2025-03-21T10:31:19","date_gmt":"2025-03-21T09:31:19","guid":{"rendered":"https:\/\/promatmedical.com\/bj\/produit\/tiroirs-superieurs-pour-45662\/"},"modified":"2025-03-21T10:31:19","modified_gmt":"2025-03-21T09:31:19","slug":"tiroirs-superieurs-pour-45662","status":"publish","type":"product","link":"https:\/\/promatmedical.com\/en\/product\/tiroirs-superieurs-pour-45662\/","title":{"rendered":"Tiroirs sup\u00e9rieurs pour 45662"},"content":{"rendered":"<p>\u00c9tag\u00e8re sup\u00e9rieure \u00e0 14 tiroirs (9 + 5)<\/p>\n<p>Couleur: bleu<\/p>\n<p>Accessoire pour chariot multifonctions code 45662<\/p>","protected":false},"excerpt":{"rendered":"<p>\u00c9tag\u00e8re sup\u00e9rieure \u00e0 14 tiroirs (9 + 5) Couleur: bleu Accessoire pour chariot multifonctions code 45662<\/p>","protected":false},"featured_media":32798,"comment_status":"open","ping_status":"closed","template":"","meta":[],"product_brand":[],"product_cat":[166],"product_tag":[],"class_list":{"0":"post-32799","1":"product","2":"type-product","3":"status-publish","4":"has-post-thumbnail","6":"product_cat-equipements-medicaux-et-chirurgicaux","8":"first","9":"instock","10":"taxable","11":"shipping-taxable","12":"purchasable","13":"product-type-simple"},"_links":{"self":[{"href":"https:\/\/promatmedical.com\/en\/wp-json\/wp\/v2\/product\/32799","targetHints":{"allow":["GET"]}}],"collection":[{"href":"https:\/\/promatmedical.com\/en\/wp-json\/wp\/v2\/product"}],"about":[{"href":"https:\/\/promatmedical.com\/en\/wp-json\/wp\/v2\/types\/product"}],"replies":[{"embeddable":true,"href":"https:\/\/promatmedical.com\/en\/wp-json\/wp\/v2\/comments?post=32799"}],"wp:featuredmedia":[{"embeddable":true,"href":"https:\/\/promatmedical.com\/en\/wp-json\/wp\/v2\/media\/32798"}],"wp:attachment":[{"href":"https:\/\/promatmedical.com\/en\/wp-json\/wp\/v2\/media?parent=32799"}],"wp:term":[{"taxonomy":"product_brand","embeddable":true,"href":"https:\/\/promatmedical.com\/en\/wp-json\/wp\/v2\/product_brand?post=32799"},{"taxonomy":"product_cat","embeddable":true,"href":"https:\/\/promatmedical.com\/en\/wp-json\/wp\/v2\/product_cat?post=32799"},{"taxonomy":"product_tag","embeddable":true,"href":"https:\/\/promatmedical.com\/en\/wp-json\/wp\/v2\/product_tag?post=32799"}],"curies":[{"name":"wp","href":"https:\/\/api.w.org\/{rel}","templated":true}]}}