{"id":32821,"date":"2025-03-21T10:32:40","date_gmt":"2025-03-21T09:32:40","guid":{"rendered":"https:\/\/promatmedical.com\/bj\/produit\/chariot-ks-de-base-petit\/"},"modified":"2025-03-21T10:32:40","modified_gmt":"2025-03-21T09:32:40","slug":"chariot-ks-de-base-petit","status":"publish","type":"product","link":"https:\/\/promatmedical.com\/en\/product\/chariot-ks-de-base-petit\/","title":{"rendered":"Chariot ks de base &#8211; petit"},"content":{"rendered":"<p>CHARIOT DE BASE &#8211; petit<\/p>\n<p>&#8211; Peinture \u00e9poxy anti-microbes et serrure \u00e0 \u00e0 cl\u00e9<br \/>\n&#8211; Tablette sup\u00e9rieure avec compartiment int\u00e9gr\u00e9 et 4 bords<br \/>\n&#8211; Tiroirs sur rails avec roulement \u00e0 billes et but\u00e9e d\u2019arr\u00eat<br \/>\n&#8211; Poign\u00e9e int\u00e9gr\u00e9e<br \/>\n&#8211; 4 roulettes pivotantes \u00d8 125 mm &#8211; 2 antistatiques avec frein<br \/>\n&#8211; Conteneur \u00e0 d\u00e9chets lat\u00e9ral de 15 l avec couvercle et support pour cath\u00e9ters<br \/>\n&#8211; Dimensions: petit 760 x 714 x h 1 022 mm<\/p>\n<p>Made in Italy.<\/p>","protected":false},"excerpt":{"rendered":"<p>CHARIOT DE BASE &#8211; petit &#8211; Peinture \u00e9poxy anti-microbes et serrure \u00e0 \u00e0 cl\u00e9 &#8211; Tablette sup\u00e9rieure avec compartiment int\u00e9gr\u00e9 et 4 bords &#8211; Tiroirs sur rails avec roulement \u00e0 billes et but\u00e9e d\u2019arr\u00eat &#8211; Poign\u00e9e int\u00e9gr\u00e9e &#8211; 4 roulettes pivotantes \u00d8 125 mm &#8211; 2 antistatiques avec frein &#8211; Conteneur \u00e0 d\u00e9chets lat\u00e9ral de [&hellip;]<\/p>\n","protected":false},"featured_media":32820,"comment_status":"open","ping_status":"closed","template":"","meta":[],"product_brand":[],"product_cat":[166],"product_tag":[],"class_list":{"0":"post-32821","1":"product","2":"type-product","3":"status-publish","4":"has-post-thumbnail","6":"product_cat-equipements-medicaux-et-chirurgicaux","8":"first","9":"instock","10":"taxable","11":"shipping-taxable","12":"purchasable","13":"product-type-simple"},"_links":{"self":[{"href":"https:\/\/promatmedical.com\/en\/wp-json\/wp\/v2\/product\/32821","targetHints":{"allow":["GET"]}}],"collection":[{"href":"https:\/\/promatmedical.com\/en\/wp-json\/wp\/v2\/product"}],"about":[{"href":"https:\/\/promatmedical.com\/en\/wp-json\/wp\/v2\/types\/product"}],"replies":[{"embeddable":true,"href":"https:\/\/promatmedical.com\/en\/wp-json\/wp\/v2\/comments?post=32821"}],"wp:featuredmedia":[{"embeddable":true,"href":"https:\/\/promatmedical.com\/en\/wp-json\/wp\/v2\/media\/32820"}],"wp:attachment":[{"href":"https:\/\/promatmedical.com\/en\/wp-json\/wp\/v2\/media?parent=32821"}],"wp:term":[{"taxonomy":"product_brand","embeddable":true,"href":"https:\/\/promatmedical.com\/en\/wp-json\/wp\/v2\/product_brand?post=32821"},{"taxonomy":"product_cat","embeddable":true,"href":"https:\/\/promatmedical.com\/en\/wp-json\/wp\/v2\/product_cat?post=32821"},{"taxonomy":"product_tag","embeddable":true,"href":"https:\/\/promatmedical.com\/en\/wp-json\/wp\/v2\/product_tag?post=32821"}],"curies":[{"name":"wp","href":"https:\/\/api.w.org\/{rel}","templated":true}]}}