{"id":32834,"date":"2025-03-21T10:33:31","date_gmt":"2025-03-21T09:33:31","guid":{"rendered":"https:\/\/promatmedical.com\/bj\/produit\/chariot-durgence-acier-peint-standard\/"},"modified":"2025-03-21T10:33:31","modified_gmt":"2025-03-21T09:33:31","slug":"chariot-durgence-acier-peint-standard","status":"publish","type":"product","link":"https:\/\/promatmedical.com\/en\/product\/chariot-durgence-acier-peint-standard\/","title":{"rendered":"Chariot d&#8217;urgence acier peint &#8211; standard"},"content":{"rendered":"<p>Chariot d\u2019urgence an acier peint &#8211; standard<br \/>\nDimensions du chariot (cm): 82x64xh 100-160<br \/>\nNombre de tiroirs: 5<br \/>\nMat\u00e9riau des tiroirs: plastique<\/p>\n<p>Chariots professionnels solides et robustes avec des composants en mat\u00e9riau plastique technopolym\u00e8re ou en feuille d\u2019acier inox peint \u00e0 poudre \u00e9poxy pour obtenir le maximum de l\u00e9g\u00e8ret\u00e9, manoeuvrabilit\u00e9 et facilit\u00e9 d\u2019utilisation.<br \/>\nStructure autoportante et monocoque.<br \/>\nLa partie sup\u00e9rieure a une vaste surface de support en mat\u00e9riau plastique technopolym\u00e8re pour faciliter le nettoyage et la d\u00e9sinfection.<br \/>\nPoign\u00e9e de pouss\u00e9e ergonomique fermement fix\u00e9e au c\u00f4t\u00e9 droit du chariot.<br \/>\nPartie frontale con\u00e7ue pour l\u2019introduction de tiroirs modulaires: d\u00e9placement silencieux des tiroirs sur guides pourvues de roulements \u00e0 billes, but\u00e9es de fin de course, verrouillage central par cl\u00e9.<br \/>\nLe support pour d\u00e9fibrillateur est constitu\u00e9 d\u2019un plateau en plexiglass et d\u2019un bras tubulaire en acier inox, peut tourner 360\u00b0 et \u00eatre bloqu\u00e9 \u00e0 intervals de 10\u00b0; le dispositif peut \u00eatre bloqu\u00e9 moyennant des sangles adaptables \u00e0 toute dimension.<br \/>\nPotence \u00e0 s\u00e9rum en acier inox \u00e0 hauteur r\u00e9glable, avec dispositif de blocage.<br \/>\nTable pour massage cardiaque en plexiglass transparent.<br \/>\nQuatre ou cinq tiroirs enti\u00e8rement en acier inox AISI 304 (45695-6) ou en mat\u00e9riau plastique (27479, 27482, 45693-4).<br \/>\nPlan de travail suppl\u00e9mentaire extractible en mat\u00e9riau plastique technopolym\u00e8re sur le c\u00f4t\u00e9 gauche; compartiment int\u00e9gr\u00e9 avec quatre tablettes avec un panneau frontal, tout en mat\u00e9riau plastique technopolym\u00e8re.<br \/>\n4 roulettes pivotantes non marquantes \u00d8 125 mm, dont 2 antistatiques et 2 pourvues de levier de blocage, roue et fourche mont\u00e9es sur roulements \u00e0 billes.<\/p>","protected":false},"excerpt":{"rendered":"<p>Chariot d\u2019urgence an acier peint &#8211; standard Dimensions du chariot (cm): 82x64xh 100-160 Nombre de tiroirs: 5 Mat\u00e9riau des tiroirs: plastique Chariots professionnels solides et robustes avec des composants en mat\u00e9riau plastique technopolym\u00e8re ou en feuille d\u2019acier inox peint \u00e0 poudre \u00e9poxy pour obtenir le maximum de l\u00e9g\u00e8ret\u00e9, manoeuvrabilit\u00e9 et facilit\u00e9 d\u2019utilisation. Structure autoportante et [&hellip;]<\/p>\n","protected":false},"featured_media":32833,"comment_status":"open","ping_status":"closed","template":"","meta":[],"product_brand":[],"product_cat":[166],"product_tag":[],"class_list":{"0":"post-32834","1":"product","2":"type-product","3":"status-publish","4":"has-post-thumbnail","6":"product_cat-equipements-medicaux-et-chirurgicaux","8":"first","9":"instock","10":"taxable","11":"shipping-taxable","12":"purchasable","13":"product-type-simple"},"_links":{"self":[{"href":"https:\/\/promatmedical.com\/en\/wp-json\/wp\/v2\/product\/32834","targetHints":{"allow":["GET"]}}],"collection":[{"href":"https:\/\/promatmedical.com\/en\/wp-json\/wp\/v2\/product"}],"about":[{"href":"https:\/\/promatmedical.com\/en\/wp-json\/wp\/v2\/types\/product"}],"replies":[{"embeddable":true,"href":"https:\/\/promatmedical.com\/en\/wp-json\/wp\/v2\/comments?post=32834"}],"wp:featuredmedia":[{"embeddable":true,"href":"https:\/\/promatmedical.com\/en\/wp-json\/wp\/v2\/media\/32833"}],"wp:attachment":[{"href":"https:\/\/promatmedical.com\/en\/wp-json\/wp\/v2\/media?parent=32834"}],"wp:term":[{"taxonomy":"product_brand","embeddable":true,"href":"https:\/\/promatmedical.com\/en\/wp-json\/wp\/v2\/product_brand?post=32834"},{"taxonomy":"product_cat","embeddable":true,"href":"https:\/\/promatmedical.com\/en\/wp-json\/wp\/v2\/product_cat?post=32834"},{"taxonomy":"product_tag","embeddable":true,"href":"https:\/\/promatmedical.com\/en\/wp-json\/wp\/v2\/product_tag?post=32834"}],"curies":[{"name":"wp","href":"https:\/\/api.w.org\/{rel}","templated":true}]}}