{"id":32841,"date":"2025-03-21T10:33:58","date_gmt":"2025-03-21T09:33:58","guid":{"rendered":"https:\/\/promatmedical.com\/bj\/produit\/chariot-de-soins-petit-bleu\/"},"modified":"2025-03-21T10:33:58","modified_gmt":"2025-03-21T09:33:58","slug":"chariot-de-soins-petit-bleu","status":"publish","type":"product","link":"https:\/\/promatmedical.com\/en\/product\/chariot-de-soins-petit-bleu\/","title":{"rendered":"Chariot de soins &#8211; petit &#8211; bleu"},"content":{"rendered":"<p>CHARIOTS MULTIFONCTIONS SOINS &#8211; Petit<br \/>\nCouleur: bleu<br \/>\nTaille du chariot (sans accessoires): 67 x 64 x h 100 cm<br \/>\nNombre de tiroirs: 4<br \/>\nTaille de tiroirs:<br \/>\n&#8211; 45 x 48 x h 13 cm (3)<br \/>\n&#8211; 45 x 48 x h 27 cm (1)<\/p>\n<p>Ces chariots multifonctions professionnels sont dot\u00e9s d\u2019une structure en acier peint et d\u2019un rev\u00eatement externe en plastique.<br \/>\nFournis avec 4, 8 ou 9 tiroirs, une poubelle lat\u00e9rale (ouverture manuelle, capacit\u00e9 de 15 l) et une table lat\u00e9rale suppl\u00e9mentaire.<br \/>\n4 roulettes pivotantes en caoutchouc \u00d8 125 mm (2 avec frein).<br \/>\nPlateau pour instruments et d\u2019un distributeur sup\u00e9rieur (10 bacs basculants).<\/p>\n<p>Made in Italy.<\/p>","protected":false},"excerpt":{"rendered":"<p>CHARIOTS MULTIFONCTIONS SOINS &#8211; Petit Couleur: bleu Taille du chariot (sans accessoires): 67 x 64 x h 100 cm Nombre de tiroirs: 4 Taille de tiroirs: &#8211; 45 x 48 x h 13 cm (3) &#8211; 45 x 48 x h 27 cm (1) Ces chariots multifonctions professionnels sont dot\u00e9s d\u2019une structure en acier peint [&hellip;]<\/p>\n","protected":false},"featured_media":32840,"comment_status":"open","ping_status":"closed","template":"","meta":[],"product_brand":[],"product_cat":[166],"product_tag":[],"class_list":{"0":"post-32841","1":"product","2":"type-product","3":"status-publish","4":"has-post-thumbnail","6":"product_cat-equipements-medicaux-et-chirurgicaux","8":"first","9":"instock","10":"taxable","11":"shipping-taxable","12":"purchasable","13":"product-type-simple"},"_links":{"self":[{"href":"https:\/\/promatmedical.com\/en\/wp-json\/wp\/v2\/product\/32841","targetHints":{"allow":["GET"]}}],"collection":[{"href":"https:\/\/promatmedical.com\/en\/wp-json\/wp\/v2\/product"}],"about":[{"href":"https:\/\/promatmedical.com\/en\/wp-json\/wp\/v2\/types\/product"}],"replies":[{"embeddable":true,"href":"https:\/\/promatmedical.com\/en\/wp-json\/wp\/v2\/comments?post=32841"}],"wp:featuredmedia":[{"embeddable":true,"href":"https:\/\/promatmedical.com\/en\/wp-json\/wp\/v2\/media\/32840"}],"wp:attachment":[{"href":"https:\/\/promatmedical.com\/en\/wp-json\/wp\/v2\/media?parent=32841"}],"wp:term":[{"taxonomy":"product_brand","embeddable":true,"href":"https:\/\/promatmedical.com\/en\/wp-json\/wp\/v2\/product_brand?post=32841"},{"taxonomy":"product_cat","embeddable":true,"href":"https:\/\/promatmedical.com\/en\/wp-json\/wp\/v2\/product_cat?post=32841"},{"taxonomy":"product_tag","embeddable":true,"href":"https:\/\/promatmedical.com\/en\/wp-json\/wp\/v2\/product_tag?post=32841"}],"curies":[{"name":"wp","href":"https:\/\/api.w.org\/{rel}","templated":true}]}}