{"id":32849,"date":"2025-03-21T10:34:29","date_gmt":"2025-03-21T09:34:29","guid":{"rendered":"https:\/\/promatmedical.com\/bj\/produit\/chariot-de-soins-standard-blanc-bleu\/"},"modified":"2025-03-21T10:34:29","modified_gmt":"2025-03-21T09:34:29","slug":"chariot-de-soins-standard-blanc-bleu","status":"publish","type":"product","link":"https:\/\/promatmedical.com\/en\/product\/chariot-de-soins-standard-blanc-bleu\/","title":{"rendered":"Chariot de soins &#8211; standard &#8211; blanc\/bleu"},"content":{"rendered":"<p>CHARIOT MULTIFONCTIO NS 65x88xh 100 cm avec distributeur<\/p>\n<p>Solid and robust structure in painted steel sheet with antimicrobial epoxy powders and technopolymers to achieve maximum lightness, maneuverability and ease of use.<br \/>\nUpper part: Large PST support surface with integrated ergonomic push handle, with central mechanism to lock and unlock the wheel brakes.<br \/>\nFront part: retractable worktop with opening by pushing and traction.<br \/>\n4 modular drawers with soft automatic closure, ball bearings and central lock with key.<br \/>\nPainted steel drawers.<\/p>\n<p>Left side: recessed compartment and retractable worktop in technopolymer; 10 l bin with knee opening and technopolymer catheter support.<br \/>\nRight side: recessed compartment with 3 technopolymer tilting pockets.<br \/>\n4 double castors \u00d8 100 with automatic locking system.<\/p>\n<p>Made in Italy.<\/p>","protected":false},"excerpt":{"rendered":"<p>CHARIOT MULTIFONCTIO NS 65x88xh 100 cm avec distributeur Structure solide et robuste en feuille d\u2019acier peinte avec poudres \u00e9poxy antimicrobiennes et technopolym\u00e8res pour obtenir le maximum de l\u00e9g\u00e8ret\u00e9, manoeuvrabilit\u00e9 et facilit\u00e9 d\u2019utilisation. Partie sup\u00e9rieure: large surface d\u2019appui en PST avec poign\u00e9e de pouss\u00e9e ergonomique int\u00e9gr\u00e9e, pourvue de m\u00e9canisme central pour bloquer et d\u00e9bloquer les freins [&hellip;]<\/p>\n","protected":false},"featured_media":32848,"comment_status":"open","ping_status":"closed","template":"","meta":[],"product_brand":[],"product_cat":[166],"product_tag":[],"class_list":{"0":"post-32849","1":"product","2":"type-product","3":"status-publish","4":"has-post-thumbnail","6":"product_cat-equipements-medicaux-et-chirurgicaux","8":"first","9":"instock","10":"taxable","11":"shipping-taxable","12":"purchasable","13":"product-type-simple"},"_links":{"self":[{"href":"https:\/\/promatmedical.com\/en\/wp-json\/wp\/v2\/product\/32849","targetHints":{"allow":["GET"]}}],"collection":[{"href":"https:\/\/promatmedical.com\/en\/wp-json\/wp\/v2\/product"}],"about":[{"href":"https:\/\/promatmedical.com\/en\/wp-json\/wp\/v2\/types\/product"}],"replies":[{"embeddable":true,"href":"https:\/\/promatmedical.com\/en\/wp-json\/wp\/v2\/comments?post=32849"}],"wp:featuredmedia":[{"embeddable":true,"href":"https:\/\/promatmedical.com\/en\/wp-json\/wp\/v2\/media\/32848"}],"wp:attachment":[{"href":"https:\/\/promatmedical.com\/en\/wp-json\/wp\/v2\/media?parent=32849"}],"wp:term":[{"taxonomy":"product_brand","embeddable":true,"href":"https:\/\/promatmedical.com\/en\/wp-json\/wp\/v2\/product_brand?post=32849"},{"taxonomy":"product_cat","embeddable":true,"href":"https:\/\/promatmedical.com\/en\/wp-json\/wp\/v2\/product_cat?post=32849"},{"taxonomy":"product_tag","embeddable":true,"href":"https:\/\/promatmedical.com\/en\/wp-json\/wp\/v2\/product_tag?post=32849"}],"curies":[{"name":"wp","href":"https:\/\/api.w.org\/{rel}","templated":true}]}}