{"id":32852,"date":"2025-03-21T10:34:38","date_gmt":"2025-03-21T09:34:38","guid":{"rendered":"https:\/\/promatmedical.com\/bj\/produit\/chariot-a-traitement-neo-plus\/"},"modified":"2025-03-21T10:34:38","modified_gmt":"2025-03-21T09:34:38","slug":"chariot-a-traitement-neo-plus","status":"publish","type":"product","link":"https:\/\/promatmedical.com\/en\/product\/chariot-a-traitement-neo-plus\/","title":{"rendered":"Chariot \u00e0 traitement neo plus"},"content":{"rendered":"<p>CHARIOT \u00c0 TRAITEMENT NEO PLUS<\/p>\n<p>Chariot de traitement en ABS et en mat\u00e9riau antibact\u00e9rien \u00e0 l\u2019ext\u00e9ieur, alors que la structure interne est constitu\u00e9e d\u2019acier et aluminium.<br \/>\n4 roulettes \u00d8 10 cm (dont deux dot\u00e9es de frein) et 2 tiroirs avec inserts en ABS, qui peuvent \u00eatre organis\u00e9s librement.<br \/>\nDimensions: 75&#215;47,5&#215;92 cm.<\/p>\n<p>Panneau sup\u00e9rieur recouvert de verre transparent<br \/>\nPoign\u00e9e de transport sur les deux c\u00f4t\u00e9s<br \/>\nDimensions internes: 42,4&#215;37,5&#215;11<br \/>\nSupport gel \u00e0 mains<\/p>","protected":false},"excerpt":{"rendered":"<p>CHARIOT \u00c0 TRAITEMENT NEO PLUS Chariot de traitement en ABS et en mat\u00e9riau antibact\u00e9rien \u00e0 l\u2019ext\u00e9ieur, alors que la structure interne est constitu\u00e9e d\u2019acier et aluminium. 4 roulettes \u00d8 10 cm (dont deux dot\u00e9es de frein) et 2 tiroirs avec inserts en ABS, qui peuvent \u00eatre organis\u00e9s librement. Dimensions: 75&#215;47,5&#215;92 cm. Panneau sup\u00e9rieur recouvert de [&hellip;]<\/p>\n","protected":false},"featured_media":32851,"comment_status":"open","ping_status":"closed","template":"","meta":[],"product_brand":[],"product_cat":[166],"product_tag":[],"class_list":{"0":"post-32852","1":"product","2":"type-product","3":"status-publish","4":"has-post-thumbnail","6":"product_cat-equipements-medicaux-et-chirurgicaux","8":"first","9":"instock","10":"taxable","11":"shipping-taxable","12":"purchasable","13":"product-type-simple"},"_links":{"self":[{"href":"https:\/\/promatmedical.com\/en\/wp-json\/wp\/v2\/product\/32852","targetHints":{"allow":["GET"]}}],"collection":[{"href":"https:\/\/promatmedical.com\/en\/wp-json\/wp\/v2\/product"}],"about":[{"href":"https:\/\/promatmedical.com\/en\/wp-json\/wp\/v2\/types\/product"}],"replies":[{"embeddable":true,"href":"https:\/\/promatmedical.com\/en\/wp-json\/wp\/v2\/comments?post=32852"}],"wp:featuredmedia":[{"embeddable":true,"href":"https:\/\/promatmedical.com\/en\/wp-json\/wp\/v2\/media\/32851"}],"wp:attachment":[{"href":"https:\/\/promatmedical.com\/en\/wp-json\/wp\/v2\/media?parent=32852"}],"wp:term":[{"taxonomy":"product_brand","embeddable":true,"href":"https:\/\/promatmedical.com\/en\/wp-json\/wp\/v2\/product_brand?post=32852"},{"taxonomy":"product_cat","embeddable":true,"href":"https:\/\/promatmedical.com\/en\/wp-json\/wp\/v2\/product_cat?post=32852"},{"taxonomy":"product_tag","embeddable":true,"href":"https:\/\/promatmedical.com\/en\/wp-json\/wp\/v2\/product_tag?post=32852"}],"curies":[{"name":"wp","href":"https:\/\/api.w.org\/{rel}","templated":true}]}}