{"id":32856,"date":"2025-03-21T10:34:57","date_gmt":"2025-03-21T09:34:57","guid":{"rendered":"https:\/\/promatmedical.com\/bj\/produit\/chariot-durgence-neo-plus\/"},"modified":"2025-03-21T10:34:57","modified_gmt":"2025-03-21T09:34:57","slug":"chariot-durgence-neo-plus","status":"publish","type":"product","link":"https:\/\/promatmedical.com\/en\/product\/chariot-durgence-neo-plus\/","title":{"rendered":"Chariot d&#8217;urgence neo plus"},"content":{"rendered":"<p>CHARIOT D\u2019URGENCE NEO PLUS<\/p>\n<p>Chariot d\u2019urgence en ABS et en mat\u00e9riau antibact\u00e9rien \u00e0 l\u2019ext\u00e9ieur, alors que la structure interne est constitu\u00e9e d\u2019acier et aluminium. 5 tiroirs grands et profonds avec diviseurs et 4 roulettes \u00d8 10 cm (dont deux avec frein).<br \/>\nDimensions: 75&#215;47,5&#215;93 cm<\/p>\n<p>Dimensions internes des tiroirs:<br \/>\n2 tiroirs 42,4&#215;37,5&#215;6,8 cm<br \/>\n2 tiroirs 42,4&#215;37,5&#215;11 cm<br \/>\n1 tiroir 42,4&#215;37,5&#215;22 cm<\/p>\n<p>Potence \u00e0 s\u00e9rum mobile et plaque d\u00e9fibrillateur<br \/>\nPanneau sup\u00e9rieur recouvert de verre transparent<br \/>\nPoign\u00e9e de transport sur les deux c\u00f4t\u00e9s <\/p>","protected":false},"excerpt":{"rendered":"<p>CHARIOT D\u2019URGENCE NEO PLUS Chariot d\u2019urgence en ABS et en mat\u00e9riau antibact\u00e9rien \u00e0 l\u2019ext\u00e9ieur, alors que la structure interne est constitu\u00e9e d\u2019acier et aluminium. 5 tiroirs grands et profonds avec diviseurs et 4 roulettes \u00d8 10 cm (dont deux avec frein). Dimensions: 75&#215;47,5&#215;93 cm Dimensions internes des tiroirs: 2 tiroirs 42,4&#215;37,5&#215;6,8 cm 2 tiroirs 42,4&#215;37,5&#215;11 [&hellip;]<\/p>\n","protected":false},"featured_media":32855,"comment_status":"open","ping_status":"closed","template":"","meta":[],"product_brand":[],"product_cat":[166],"product_tag":[],"class_list":{"0":"post-32856","1":"product","2":"type-product","3":"status-publish","4":"has-post-thumbnail","6":"product_cat-equipements-medicaux-et-chirurgicaux","8":"first","9":"instock","10":"taxable","11":"shipping-taxable","12":"purchasable","13":"product-type-simple"},"_links":{"self":[{"href":"https:\/\/promatmedical.com\/en\/wp-json\/wp\/v2\/product\/32856","targetHints":{"allow":["GET"]}}],"collection":[{"href":"https:\/\/promatmedical.com\/en\/wp-json\/wp\/v2\/product"}],"about":[{"href":"https:\/\/promatmedical.com\/en\/wp-json\/wp\/v2\/types\/product"}],"replies":[{"embeddable":true,"href":"https:\/\/promatmedical.com\/en\/wp-json\/wp\/v2\/comments?post=32856"}],"wp:featuredmedia":[{"embeddable":true,"href":"https:\/\/promatmedical.com\/en\/wp-json\/wp\/v2\/media\/32855"}],"wp:attachment":[{"href":"https:\/\/promatmedical.com\/en\/wp-json\/wp\/v2\/media?parent=32856"}],"wp:term":[{"taxonomy":"product_brand","embeddable":true,"href":"https:\/\/promatmedical.com\/en\/wp-json\/wp\/v2\/product_brand?post=32856"},{"taxonomy":"product_cat","embeddable":true,"href":"https:\/\/promatmedical.com\/en\/wp-json\/wp\/v2\/product_cat?post=32856"},{"taxonomy":"product_tag","embeddable":true,"href":"https:\/\/promatmedical.com\/en\/wp-json\/wp\/v2\/product_tag?post=32856"}],"curies":[{"name":"wp","href":"https:\/\/api.w.org\/{rel}","templated":true}]}}