{"id":32858,"date":"2025-03-21T10:35:03","date_gmt":"2025-03-21T09:35:03","guid":{"rendered":"https:\/\/promatmedical.com\/bj\/produit\/chariot-durgence-neo\/"},"modified":"2025-03-21T10:35:03","modified_gmt":"2025-03-21T09:35:03","slug":"chariot-durgence-neo","status":"publish","type":"product","link":"https:\/\/promatmedical.com\/en\/product\/chariot-durgence-neo\/","title":{"rendered":"Chariot d&#8217;urgence neo"},"content":{"rendered":"<p>CHARIOT D\u2019URGENCE NEO<\/p>\n<p>Chariot d\u2019urgence robuste, dimensions 75&#215;47,5&#215;92 cm, avec 5 tiroirs.<\/p>\n<p>4 roulettes (\u00d8 10 cm) mont\u00e9es sur la ligne de la colonne verticale pour une meilleure stabilit\u00e9.<\/p>\n<p>Plateau sup\u00e9rieur en une seule pi\u00e8ce avec une poign\u00e9e pratique et prot\u00e9g\u00e9e.<\/p>","protected":false},"excerpt":{"rendered":"<p>CHARIOT D\u2019URGENCE NEO Chariot d\u2019urgence robuste, dimensions 75&#215;47,5&#215;92 cm, avec 5 tiroirs. 4 roulettes (\u00d8 10 cm) mont\u00e9es sur la ligne de la colonne verticale pour une meilleure stabilit\u00e9. Plateau sup\u00e9rieur en une seule pi\u00e8ce avec une poign\u00e9e pratique et prot\u00e9g\u00e9e.<\/p>","protected":false},"featured_media":32857,"comment_status":"open","ping_status":"closed","template":"","meta":[],"product_brand":[],"product_cat":[166],"product_tag":[],"class_list":{"0":"post-32858","1":"product","2":"type-product","3":"status-publish","4":"has-post-thumbnail","6":"product_cat-equipements-medicaux-et-chirurgicaux","8":"first","9":"instock","10":"taxable","11":"shipping-taxable","12":"purchasable","13":"product-type-simple"},"_links":{"self":[{"href":"https:\/\/promatmedical.com\/en\/wp-json\/wp\/v2\/product\/32858","targetHints":{"allow":["GET"]}}],"collection":[{"href":"https:\/\/promatmedical.com\/en\/wp-json\/wp\/v2\/product"}],"about":[{"href":"https:\/\/promatmedical.com\/en\/wp-json\/wp\/v2\/types\/product"}],"replies":[{"embeddable":true,"href":"https:\/\/promatmedical.com\/en\/wp-json\/wp\/v2\/comments?post=32858"}],"wp:featuredmedia":[{"embeddable":true,"href":"https:\/\/promatmedical.com\/en\/wp-json\/wp\/v2\/media\/32857"}],"wp:attachment":[{"href":"https:\/\/promatmedical.com\/en\/wp-json\/wp\/v2\/media?parent=32858"}],"wp:term":[{"taxonomy":"product_brand","embeddable":true,"href":"https:\/\/promatmedical.com\/en\/wp-json\/wp\/v2\/product_brand?post=32858"},{"taxonomy":"product_cat","embeddable":true,"href":"https:\/\/promatmedical.com\/en\/wp-json\/wp\/v2\/product_cat?post=32858"},{"taxonomy":"product_tag","embeddable":true,"href":"https:\/\/promatmedical.com\/en\/wp-json\/wp\/v2\/product_tag?post=32858"}],"curies":[{"name":"wp","href":"https:\/\/api.w.org\/{rel}","templated":true}]}}