{"id":32880,"date":"2025-03-21T10:36:24","date_gmt":"2025-03-21T09:36:24","guid":{"rendered":"https:\/\/promatmedical.com\/bj\/produit\/chariot-pour-moniteur-patient-necessite-plaque-dadaptation\/"},"modified":"2025-03-21T10:36:24","modified_gmt":"2025-03-21T09:36:24","slug":"chariot-pour-moniteur-patient-necessite-plaque-dadaptation","status":"publish","type":"product","link":"https:\/\/promatmedical.com\/en\/product\/chariot-pour-moniteur-patient-necessite-plaque-dadaptation\/","title":{"rendered":"Chariot pour moniteur patient &#8211; n\u00e9cessite plaque d&#8217;adaptation"},"content":{"rendered":"<p>CHARIOT POUR MONITEURS &#8211; sans adaptateur plaques<\/p>\n<p>Chariot sp\u00e9cialement con\u00e7u pour le support et la mobilit\u00e9 des moniteurs patients et des ventilateurs de la plupart des marques.<\/p>\n<p>N\u00e9cessaire adaptateur pour plaques (non compris), \u00e0 s\u00e9lectionner selon la marque et le mod\u00e8le.<\/p>\n<p>&#8211; base en acier de 10 mm d\u2019\u00e9paisseur, couverture ABS \u00e0 haute r\u00e9sistance<br \/>\n&#8211; colonne en aluminium extrud\u00e9 avec surface recouverte \u00e9poxy<br \/>\n&#8211; poign\u00e9e arri\u00e8re ergonomique en ABS avec structure renforc\u00e9e<br \/>\n&#8211; 5 roues doubles pivotantes anti-bruit \u00d8 65 mm en caoutchouc thermoplastique et ABS, dont 3 avec frein<\/p>\n<p>Panier en plastique ABS (30,5&#215;15,6xh 14,9 cm).<br \/>\nDimensions: 52,5x50xh 105 cm.<br \/>\nCharge max: 15 kg.<\/p>\n<p>Made in Italy.<\/p>","protected":false},"excerpt":{"rendered":"<p>CHARIOT POUR MONITEURS &#8211; sans adaptateur plaques Chariot sp\u00e9cialement con\u00e7u pour le support et la mobilit\u00e9 des moniteurs patients et des ventilateurs de la plupart des marques. N\u00e9cessaire adaptateur pour plaques (non compris), \u00e0 s\u00e9lectionner selon la marque et le mod\u00e8le. &#8211; base en acier de 10 mm d\u2019\u00e9paisseur, couverture ABS \u00e0 haute r\u00e9sistance &#8211; [&hellip;]<\/p>\n","protected":false},"featured_media":32879,"comment_status":"open","ping_status":"closed","template":"","meta":[],"product_brand":[],"product_cat":[166],"product_tag":[],"class_list":{"0":"post-32880","1":"product","2":"type-product","3":"status-publish","4":"has-post-thumbnail","6":"product_cat-equipements-medicaux-et-chirurgicaux","8":"first","9":"instock","10":"taxable","11":"shipping-taxable","12":"purchasable","13":"product-type-simple"},"_links":{"self":[{"href":"https:\/\/promatmedical.com\/en\/wp-json\/wp\/v2\/product\/32880","targetHints":{"allow":["GET"]}}],"collection":[{"href":"https:\/\/promatmedical.com\/en\/wp-json\/wp\/v2\/product"}],"about":[{"href":"https:\/\/promatmedical.com\/en\/wp-json\/wp\/v2\/types\/product"}],"replies":[{"embeddable":true,"href":"https:\/\/promatmedical.com\/en\/wp-json\/wp\/v2\/comments?post=32880"}],"wp:featuredmedia":[{"embeddable":true,"href":"https:\/\/promatmedical.com\/en\/wp-json\/wp\/v2\/media\/32879"}],"wp:attachment":[{"href":"https:\/\/promatmedical.com\/en\/wp-json\/wp\/v2\/media?parent=32880"}],"wp:term":[{"taxonomy":"product_brand","embeddable":true,"href":"https:\/\/promatmedical.com\/en\/wp-json\/wp\/v2\/product_brand?post=32880"},{"taxonomy":"product_cat","embeddable":true,"href":"https:\/\/promatmedical.com\/en\/wp-json\/wp\/v2\/product_cat?post=32880"},{"taxonomy":"product_tag","embeddable":true,"href":"https:\/\/promatmedical.com\/en\/wp-json\/wp\/v2\/product_tag?post=32880"}],"curies":[{"name":"wp","href":"https:\/\/api.w.org\/{rel}","templated":true}]}}