{"id":32890,"date":"2025-03-21T10:36:58","date_gmt":"2025-03-21T09:36:58","guid":{"rendered":"https:\/\/promatmedical.com\/bj\/produit\/chariot-utility-3-tablettes\/"},"modified":"2025-03-21T10:36:58","modified_gmt":"2025-03-21T09:36:58","slug":"chariot-utility-3-tablettes","status":"publish","type":"product","link":"https:\/\/promatmedical.com\/en\/product\/chariot-utility-3-tablettes\/","title":{"rendered":"Chariot utility &#8211; 3 tablettes"},"content":{"rendered":"<p>CHARIOT UTILITY 3 tablettes<\/p>\n<p>Pratiques chariots en acier inox, avec deux ou trois tablettes en ABS de haute qualit\u00e9.<br \/>\nToutes les tablettes sont pourvues de rebord lat\u00e9ral en acier inox sur trois c\u00f4t\u00e9s pour \u00e9viter la chute des objets.<br \/>\nDeux poign\u00e9es de manoeuvre facilitent le d\u00e9placement. R\u00e9sistants \u00e0 l\u2019usure, roulettes silencieuses de haute qualit\u00e9, \u00d8 100 mm, deux avec frein.<\/p>\n<p>Dimensions: 73x48x90 cm<br \/>\nCharge max: 60 kg (30 kg per tablette).<\/p>","protected":false},"excerpt":{"rendered":"<p>CHARIOT UTILITY 3 tablettes Pratiques chariots en acier inox, avec deux ou trois tablettes en ABS de haute qualit\u00e9. Toutes les tablettes sont pourvues de rebord lat\u00e9ral en acier inox sur trois c\u00f4t\u00e9s pour \u00e9viter la chute des objets. Deux poign\u00e9es de manoeuvre facilitent le d\u00e9placement. R\u00e9sistants \u00e0 l\u2019usure, roulettes silencieuses de haute qualit\u00e9, \u00d8 [&hellip;]<\/p>\n","protected":false},"featured_media":32889,"comment_status":"open","ping_status":"closed","template":"","meta":[],"product_brand":[],"product_cat":[166],"product_tag":[],"class_list":{"0":"post-32890","1":"product","2":"type-product","3":"status-publish","4":"has-post-thumbnail","6":"product_cat-equipements-medicaux-et-chirurgicaux","8":"first","9":"instock","10":"taxable","11":"shipping-taxable","12":"purchasable","13":"product-type-simple"},"_links":{"self":[{"href":"https:\/\/promatmedical.com\/en\/wp-json\/wp\/v2\/product\/32890","targetHints":{"allow":["GET"]}}],"collection":[{"href":"https:\/\/promatmedical.com\/en\/wp-json\/wp\/v2\/product"}],"about":[{"href":"https:\/\/promatmedical.com\/en\/wp-json\/wp\/v2\/types\/product"}],"replies":[{"embeddable":true,"href":"https:\/\/promatmedical.com\/en\/wp-json\/wp\/v2\/comments?post=32890"}],"wp:featuredmedia":[{"embeddable":true,"href":"https:\/\/promatmedical.com\/en\/wp-json\/wp\/v2\/media\/32889"}],"wp:attachment":[{"href":"https:\/\/promatmedical.com\/en\/wp-json\/wp\/v2\/media?parent=32890"}],"wp:term":[{"taxonomy":"product_brand","embeddable":true,"href":"https:\/\/promatmedical.com\/en\/wp-json\/wp\/v2\/product_brand?post=32890"},{"taxonomy":"product_cat","embeddable":true,"href":"https:\/\/promatmedical.com\/en\/wp-json\/wp\/v2\/product_cat?post=32890"},{"taxonomy":"product_tag","embeddable":true,"href":"https:\/\/promatmedical.com\/en\/wp-json\/wp\/v2\/product_tag?post=32890"}],"curies":[{"name":"wp","href":"https:\/\/api.w.org\/{rel}","templated":true}]}}