{"id":32919,"date":"2025-03-21T10:38:37","date_gmt":"2025-03-21T09:38:37","guid":{"rendered":"https:\/\/promatmedical.com\/bj\/produit\/table-mayo-en-forme-de-u\/"},"modified":"2025-03-21T10:38:37","modified_gmt":"2025-03-21T09:38:37","slug":"table-mayo-en-forme-de-u","status":"publish","type":"product","link":"https:\/\/promatmedical.com\/en\/product\/table-mayo-en-forme-de-u\/","title":{"rendered":"Table mayo &#8211; en forme de u"},"content":{"rendered":"<p>TABLE MAYO &#8211; EN FORME DE U<\/p>\n<p>Base en acier inox \u00e0 roulettes \u00d8 50 mm: forme de U.<br \/>\nStructure inox avec plateau amovible.<br \/>\nHauteur r\u00e9glable.<br \/>\nLivr\u00e9e en kit.<\/p>\n<p>Dimensions internes plateau: 70x45xh 1,7 cm<\/p>\n<p>Made in Italy.<\/p>","protected":false},"excerpt":{"rendered":"<p>TABLE MAYO &#8211; EN FORME DE U Base en acier inox \u00e0 roulettes \u00d8 50 mm: forme de U. Structure inox avec plateau amovible. Hauteur r\u00e9glable. Livr\u00e9e en kit. Dimensions internes plateau: 70x45xh 1,7 cm Made in Italy.<\/p>","protected":false},"featured_media":32918,"comment_status":"open","ping_status":"closed","template":"","meta":[],"product_brand":[],"product_cat":[166],"product_tag":[],"class_list":{"0":"post-32919","1":"product","2":"type-product","3":"status-publish","4":"has-post-thumbnail","6":"product_cat-equipements-medicaux-et-chirurgicaux","8":"first","9":"instock","10":"taxable","11":"shipping-taxable","12":"purchasable","13":"product-type-simple"},"_links":{"self":[{"href":"https:\/\/promatmedical.com\/en\/wp-json\/wp\/v2\/product\/32919","targetHints":{"allow":["GET"]}}],"collection":[{"href":"https:\/\/promatmedical.com\/en\/wp-json\/wp\/v2\/product"}],"about":[{"href":"https:\/\/promatmedical.com\/en\/wp-json\/wp\/v2\/types\/product"}],"replies":[{"embeddable":true,"href":"https:\/\/promatmedical.com\/en\/wp-json\/wp\/v2\/comments?post=32919"}],"wp:featuredmedia":[{"embeddable":true,"href":"https:\/\/promatmedical.com\/en\/wp-json\/wp\/v2\/media\/32918"}],"wp:attachment":[{"href":"https:\/\/promatmedical.com\/en\/wp-json\/wp\/v2\/media?parent=32919"}],"wp:term":[{"taxonomy":"product_brand","embeddable":true,"href":"https:\/\/promatmedical.com\/en\/wp-json\/wp\/v2\/product_brand?post=32919"},{"taxonomy":"product_cat","embeddable":true,"href":"https:\/\/promatmedical.com\/en\/wp-json\/wp\/v2\/product_cat?post=32919"},{"taxonomy":"product_tag","embeddable":true,"href":"https:\/\/promatmedical.com\/en\/wp-json\/wp\/v2\/product_tag?post=32919"}],"curies":[{"name":"wp","href":"https:\/\/api.w.org\/{rel}","templated":true}]}}