{"id":32923,"date":"2025-03-21T10:38:53","date_gmt":"2025-03-21T09:38:53","guid":{"rendered":"https:\/\/promatmedical.com\/bj\/produit\/table-mayo-hydraulique-5-branches\/"},"modified":"2025-03-21T10:38:53","modified_gmt":"2025-03-21T09:38:53","slug":"table-mayo-hydraulique-5-branches","status":"publish","type":"product","link":"https:\/\/promatmedical.com\/en\/product\/table-mayo-hydraulique-5-branches\/","title":{"rendered":"Table mayo hydraulique &#8211; 5 branches"},"content":{"rendered":"<p>TABLE MAYO HYDRAULIQUE avec pompe<\/p>\n<p>Chariot de service utilis\u00e9 comme support d\u2019instruments dans les blocs op\u00e9ratoires.<br \/>\nPlateau non amovible en acier inox AISI 304.<br \/>\nPompe hydraulique pour r\u00e9gler la hauteur.<br \/>\nBase en aluminium avec 5 branches et roulettes pivotantes \u00d8 50 mm.<br \/>\nLivr\u00e9e en kit.<\/p>\n<p>Made in Italy.<\/p>","protected":false},"excerpt":{"rendered":"<p>TABLE MAYO HYDRAULIQUE avec pompe Chariot de service utilis\u00e9 comme support d\u2019instruments dans les blocs op\u00e9ratoires. Plateau non amovible en acier inox AISI 304. Pompe hydraulique pour r\u00e9gler la hauteur. Base en aluminium avec 5 branches et roulettes pivotantes \u00d8 50 mm. Livr\u00e9e en kit. Made in Italy.<\/p>","protected":false},"featured_media":32922,"comment_status":"open","ping_status":"closed","template":"","meta":[],"product_brand":[],"product_cat":[166],"product_tag":[],"class_list":{"0":"post-32923","1":"product","2":"type-product","3":"status-publish","4":"has-post-thumbnail","6":"product_cat-equipements-medicaux-et-chirurgicaux","8":"first","9":"instock","10":"taxable","11":"shipping-taxable","12":"purchasable","13":"product-type-simple"},"_links":{"self":[{"href":"https:\/\/promatmedical.com\/en\/wp-json\/wp\/v2\/product\/32923","targetHints":{"allow":["GET"]}}],"collection":[{"href":"https:\/\/promatmedical.com\/en\/wp-json\/wp\/v2\/product"}],"about":[{"href":"https:\/\/promatmedical.com\/en\/wp-json\/wp\/v2\/types\/product"}],"replies":[{"embeddable":true,"href":"https:\/\/promatmedical.com\/en\/wp-json\/wp\/v2\/comments?post=32923"}],"wp:featuredmedia":[{"embeddable":true,"href":"https:\/\/promatmedical.com\/en\/wp-json\/wp\/v2\/media\/32922"}],"wp:attachment":[{"href":"https:\/\/promatmedical.com\/en\/wp-json\/wp\/v2\/media?parent=32923"}],"wp:term":[{"taxonomy":"product_brand","embeddable":true,"href":"https:\/\/promatmedical.com\/en\/wp-json\/wp\/v2\/product_brand?post=32923"},{"taxonomy":"product_cat","embeddable":true,"href":"https:\/\/promatmedical.com\/en\/wp-json\/wp\/v2\/product_cat?post=32923"},{"taxonomy":"product_tag","embeddable":true,"href":"https:\/\/promatmedical.com\/en\/wp-json\/wp\/v2\/product_tag?post=32923"}],"curies":[{"name":"wp","href":"https:\/\/api.w.org\/{rel}","templated":true}]}}