{"id":32925,"date":"2025-03-21T10:39:00","date_gmt":"2025-03-21T09:39:00","guid":{"rendered":"https:\/\/promatmedical.com\/bj\/produit\/table-mayo-hydraulique-en-forme-de-t-plateau-tournant\/"},"modified":"2025-03-21T10:39:00","modified_gmt":"2025-03-21T09:39:00","slug":"table-mayo-hydraulique-en-forme-de-t-plateau-tournant","status":"publish","type":"product","link":"https:\/\/promatmedical.com\/en\/product\/table-mayo-hydraulique-en-forme-de-t-plateau-tournant\/","title":{"rendered":"Table mayo hydraulique &#8211; en forme de t &#8211; plateau tournant"},"content":{"rendered":"<p>TABLE MAYO HYDRAULIQUE avec pompe et plateau amovible<\/p>\n<p>Chariot porte-instruments \u00e0 hauteur r\u00e9glable avec plateau amovible en acier inox AISI 304, finition scotch brite.<br \/>\nLe plateau peut tourner \u00e0 360\u00b0, avec bouton de serrage.<br \/>\nBase avec structure tubulaire en acier inox AISI 304 fix\u00e9e \u00e0 la pompe hydraulique qui permet de r\u00e9gler la hauteur moyennant une p\u00e9dale.<br \/>\n3 roulettes \u00d8 75 mm, dont une antistatique et deux avec frein.<br \/>\nLivr\u00e9e en kit.<\/p>\n<p>Made in Italy.<\/p>","protected":false},"excerpt":{"rendered":"<p>TABLE MAYO HYDRAULIQUE avec pompe et plateau amovible Chariot porte-instruments \u00e0 hauteur r\u00e9glable avec plateau amovible en acier inox AISI 304, finition scotch brite. Le plateau peut tourner \u00e0 360\u00b0, avec bouton de serrage. Base avec structure tubulaire en acier inox AISI 304 fix\u00e9e \u00e0 la pompe hydraulique qui permet de r\u00e9gler la hauteur moyennant [&hellip;]<\/p>\n","protected":false},"featured_media":32924,"comment_status":"open","ping_status":"closed","template":"","meta":[],"product_brand":[],"product_cat":[166],"product_tag":[],"class_list":{"0":"post-32925","1":"product","2":"type-product","3":"status-publish","4":"has-post-thumbnail","6":"product_cat-equipements-medicaux-et-chirurgicaux","8":"first","9":"instock","10":"taxable","11":"shipping-taxable","12":"purchasable","13":"product-type-simple"},"_links":{"self":[{"href":"https:\/\/promatmedical.com\/en\/wp-json\/wp\/v2\/product\/32925","targetHints":{"allow":["GET"]}}],"collection":[{"href":"https:\/\/promatmedical.com\/en\/wp-json\/wp\/v2\/product"}],"about":[{"href":"https:\/\/promatmedical.com\/en\/wp-json\/wp\/v2\/types\/product"}],"replies":[{"embeddable":true,"href":"https:\/\/promatmedical.com\/en\/wp-json\/wp\/v2\/comments?post=32925"}],"wp:featuredmedia":[{"embeddable":true,"href":"https:\/\/promatmedical.com\/en\/wp-json\/wp\/v2\/media\/32924"}],"wp:attachment":[{"href":"https:\/\/promatmedical.com\/en\/wp-json\/wp\/v2\/media?parent=32925"}],"wp:term":[{"taxonomy":"product_brand","embeddable":true,"href":"https:\/\/promatmedical.com\/en\/wp-json\/wp\/v2\/product_brand?post=32925"},{"taxonomy":"product_cat","embeddable":true,"href":"https:\/\/promatmedical.com\/en\/wp-json\/wp\/v2\/product_cat?post=32925"},{"taxonomy":"product_tag","embeddable":true,"href":"https:\/\/promatmedical.com\/en\/wp-json\/wp\/v2\/product_tag?post=32925"}],"curies":[{"name":"wp","href":"https:\/\/api.w.org\/{rel}","templated":true}]}}