{"id":32930,"date":"2025-03-21T10:39:45","date_gmt":"2025-03-21T09:39:45","guid":{"rendered":"https:\/\/promatmedical.com\/bj\/produit\/support-por-sac-shut\/"},"modified":"2025-03-21T10:39:45","modified_gmt":"2025-03-21T09:39:45","slug":"support-por-sac-shut","status":"publish","type":"product","link":"https:\/\/promatmedical.com\/en\/product\/support-por-sac-shut\/","title":{"rendered":"Support por sac shut"},"content":{"rendered":"<p>CHARIOT FERME SAC &#8211; 70 l<\/p>\n<p>Chariot id\u00e9al pour transporter un sac de 70 l (non compris).<br \/>\nStructure en acier inoxydable AISI 304.<br \/>\n\u00c9quip\u00e9 de roulettes pivotantes avec freins et pare-chocs.<br \/>\nPour usage avec sacs en plastique standard de 70 l, ainsi que pour usage avec sac \u00e0 linge (27462, 27466, 45908)<\/p>\n<p>Made in Italy.<\/p>","protected":false},"excerpt":{"rendered":"<p>CHARIOT FERME SAC &#8211; 70 l Chariot id\u00e9al pour transporter un sac de 70 l (non compris). Structure en acier inoxydable AISI 304. \u00c9quip\u00e9 de roulettes pivotantes avec freins et pare-chocs. Pour usage avec sacs en plastique standard de 70 l, ainsi que pour usage avec sac \u00e0 linge (27462, 27466, 45908) Made in Italy.<\/p>","protected":false},"featured_media":32929,"comment_status":"open","ping_status":"closed","template":"","meta":[],"product_brand":[],"product_cat":[166],"product_tag":[],"class_list":{"0":"post-32930","1":"product","2":"type-product","3":"status-publish","4":"has-post-thumbnail","6":"product_cat-equipements-medicaux-et-chirurgicaux","8":"first","9":"instock","10":"taxable","11":"shipping-taxable","12":"purchasable","13":"product-type-simple"},"_links":{"self":[{"href":"https:\/\/promatmedical.com\/en\/wp-json\/wp\/v2\/product\/32930","targetHints":{"allow":["GET"]}}],"collection":[{"href":"https:\/\/promatmedical.com\/en\/wp-json\/wp\/v2\/product"}],"about":[{"href":"https:\/\/promatmedical.com\/en\/wp-json\/wp\/v2\/types\/product"}],"replies":[{"embeddable":true,"href":"https:\/\/promatmedical.com\/en\/wp-json\/wp\/v2\/comments?post=32930"}],"wp:featuredmedia":[{"embeddable":true,"href":"https:\/\/promatmedical.com\/en\/wp-json\/wp\/v2\/media\/32929"}],"wp:attachment":[{"href":"https:\/\/promatmedical.com\/en\/wp-json\/wp\/v2\/media?parent=32930"}],"wp:term":[{"taxonomy":"product_brand","embeddable":true,"href":"https:\/\/promatmedical.com\/en\/wp-json\/wp\/v2\/product_brand?post=32930"},{"taxonomy":"product_cat","embeddable":true,"href":"https:\/\/promatmedical.com\/en\/wp-json\/wp\/v2\/product_cat?post=32930"},{"taxonomy":"product_tag","embeddable":true,"href":"https:\/\/promatmedical.com\/en\/wp-json\/wp\/v2\/product_tag?post=32930"}],"curies":[{"name":"wp","href":"https:\/\/api.w.org\/{rel}","templated":true}]}}