{"id":32934,"date":"2025-03-21T10:39:56","date_gmt":"2025-03-21T09:39:56","guid":{"rendered":"https:\/\/promatmedical.com\/bj\/produit\/chariot-pour-sac-a-pedale-2-sacs\/"},"modified":"2025-03-21T10:39:56","modified_gmt":"2025-03-21T09:39:56","slug":"chariot-pour-sac-a-pedale-2-sacs","status":"publish","type":"product","link":"https:\/\/promatmedical.com\/en\/product\/chariot-pour-sac-a-pedale-2-sacs\/","title":{"rendered":"Chariot pour sac \u00e0 p\u00e9dale &#8211; 2 sacs"},"content":{"rendered":"<p>CHARIOT \u00c0 LINGE &#8211; 2 sacs<\/p>\n<p>Chariots \u00e0 linge avec ouverture \u00e0 p\u00e9dale.<br \/>\nBase en plastique ABS solide, autoportante et rigide avec bords.<br \/>\nAnneau pour bloquer le sac (35&#215;25,5 cm) en nylon renforc\u00e9 en verre-r\u00e9sine avec un joint en caoutchouc pour retenir le sac.<br \/>\n2 tubes verticaux en acier inoxydable AISI 304 sont soud\u00e9s \u00e0 la base et retiennent l\u2019anneau pour bloquer le sac.<br \/>\nRoulettes pivotantes non marquantes en caoutchouc gris \u00d8 80 mm (2 avec frein \u00e0 p\u00e9dale).<br \/>\nSyst\u00e8me \u00e0 p\u00e9dale avec amortisseur pour fermer le couvercle sans bruit.<\/p>\n<p>Made in Italy.<\/p>","protected":false},"excerpt":{"rendered":"<p>CHARIOT \u00c0 LINGE &#8211; 2 sacs Chariots \u00e0 linge avec ouverture \u00e0 p\u00e9dale. Base en plastique ABS solide, autoportante et rigide avec bords. Anneau pour bloquer le sac (35&#215;25,5 cm) en nylon renforc\u00e9 en verre-r\u00e9sine avec un joint en caoutchouc pour retenir le sac. 2 tubes verticaux en acier inoxydable AISI 304 sont soud\u00e9s \u00e0 [&hellip;]<\/p>\n","protected":false},"featured_media":32933,"comment_status":"open","ping_status":"closed","template":"","meta":[],"product_brand":[],"product_cat":[166],"product_tag":[],"class_list":{"0":"post-32934","1":"product","2":"type-product","3":"status-publish","4":"has-post-thumbnail","6":"product_cat-equipements-medicaux-et-chirurgicaux","8":"first","9":"instock","10":"taxable","11":"shipping-taxable","12":"purchasable","13":"product-type-simple"},"_links":{"self":[{"href":"https:\/\/promatmedical.com\/en\/wp-json\/wp\/v2\/product\/32934","targetHints":{"allow":["GET"]}}],"collection":[{"href":"https:\/\/promatmedical.com\/en\/wp-json\/wp\/v2\/product"}],"about":[{"href":"https:\/\/promatmedical.com\/en\/wp-json\/wp\/v2\/types\/product"}],"replies":[{"embeddable":true,"href":"https:\/\/promatmedical.com\/en\/wp-json\/wp\/v2\/comments?post=32934"}],"wp:featuredmedia":[{"embeddable":true,"href":"https:\/\/promatmedical.com\/en\/wp-json\/wp\/v2\/media\/32933"}],"wp:attachment":[{"href":"https:\/\/promatmedical.com\/en\/wp-json\/wp\/v2\/media?parent=32934"}],"wp:term":[{"taxonomy":"product_brand","embeddable":true,"href":"https:\/\/promatmedical.com\/en\/wp-json\/wp\/v2\/product_brand?post=32934"},{"taxonomy":"product_cat","embeddable":true,"href":"https:\/\/promatmedical.com\/en\/wp-json\/wp\/v2\/product_cat?post=32934"},{"taxonomy":"product_tag","embeddable":true,"href":"https:\/\/promatmedical.com\/en\/wp-json\/wp\/v2\/product_tag?post=32934"}],"curies":[{"name":"wp","href":"https:\/\/api.w.org\/{rel}","templated":true}]}}