{"id":32946,"date":"2025-03-21T10:40:45","date_gmt":"2025-03-21T09:40:45","guid":{"rendered":"https:\/\/promatmedical.com\/bj\/produit\/chariot-a-linge-lamine\/"},"modified":"2025-03-21T10:40:45","modified_gmt":"2025-03-21T09:40:45","slug":"chariot-a-linge-lamine","status":"publish","type":"product","link":"https:\/\/promatmedical.com\/en\/product\/chariot-a-linge-lamine\/","title":{"rendered":"Chariot a linge &#8211; lamin\u00e9"},"content":{"rendered":"<p>CHARIOT \u00c0 LINGE &#8211; lamin\u00e9<\/p>\n<p>Chariot ferm\u00e9 avec portes, 3 \u00e9tag\u00e8res + plateau sup\u00e9rieur et 2 porte-sacs.<br \/>\nPanneaux en agglom\u00e9r\u00e9 lamin\u00e9 et structure en acier inox AISI 304.<br \/>\n\u00c9quip\u00e9 de roulettes pivotantes (2 avec freins) et pare-chocs.<\/p>\n<p>Dimensions: 110x66x132 cm.<\/p>\n<p>Made in Italy.<\/p>","protected":false},"excerpt":{"rendered":"<p>CHARIOT \u00c0 LINGE &#8211; lamin\u00e9 Chariot ferm\u00e9 avec portes, 3 \u00e9tag\u00e8res + plateau sup\u00e9rieur et 2 porte-sacs. Panneaux en agglom\u00e9r\u00e9 lamin\u00e9 et structure en acier inox AISI 304. \u00c9quip\u00e9 de roulettes pivotantes (2 avec freins) et pare-chocs. Dimensions: 110x66x132 cm. Made in Italy.<\/p>","protected":false},"featured_media":32945,"comment_status":"open","ping_status":"closed","template":"","meta":[],"product_brand":[],"product_cat":[166],"product_tag":[],"class_list":{"0":"post-32946","1":"product","2":"type-product","3":"status-publish","4":"has-post-thumbnail","6":"product_cat-equipements-medicaux-et-chirurgicaux","8":"first","9":"instock","10":"taxable","11":"shipping-taxable","12":"purchasable","13":"product-type-simple"},"_links":{"self":[{"href":"https:\/\/promatmedical.com\/en\/wp-json\/wp\/v2\/product\/32946","targetHints":{"allow":["GET"]}}],"collection":[{"href":"https:\/\/promatmedical.com\/en\/wp-json\/wp\/v2\/product"}],"about":[{"href":"https:\/\/promatmedical.com\/en\/wp-json\/wp\/v2\/types\/product"}],"replies":[{"embeddable":true,"href":"https:\/\/promatmedical.com\/en\/wp-json\/wp\/v2\/comments?post=32946"}],"wp:featuredmedia":[{"embeddable":true,"href":"https:\/\/promatmedical.com\/en\/wp-json\/wp\/v2\/media\/32945"}],"wp:attachment":[{"href":"https:\/\/promatmedical.com\/en\/wp-json\/wp\/v2\/media?parent=32946"}],"wp:term":[{"taxonomy":"product_brand","embeddable":true,"href":"https:\/\/promatmedical.com\/en\/wp-json\/wp\/v2\/product_brand?post=32946"},{"taxonomy":"product_cat","embeddable":true,"href":"https:\/\/promatmedical.com\/en\/wp-json\/wp\/v2\/product_cat?post=32946"},{"taxonomy":"product_tag","embeddable":true,"href":"https:\/\/promatmedical.com\/en\/wp-json\/wp\/v2\/product_tag?post=32946"}],"curies":[{"name":"wp","href":"https:\/\/api.w.org\/{rel}","templated":true}]}}