{"id":32992,"date":"2025-03-21T10:43:34","date_gmt":"2025-03-21T09:43:34","guid":{"rendered":"https:\/\/promatmedical.com\/bj\/produit\/bandes-de-resistance-sans-latex-45-m-x-14-cm-x-040-mm-noir\/"},"modified":"2025-03-21T10:43:34","modified_gmt":"2025-03-21T09:43:34","slug":"bandes-de-resistance-sans-latex-45-m-x-14-cm-x-040-mm-noir","status":"publish","type":"product","link":"https:\/\/promatmedical.com\/en\/product\/bandes-de-resistance-sans-latex-45-m-x-14-cm-x-040-mm-noir\/","title":{"rendered":"Bandes de r\u00e9sistance sans latex 45 m x 14 cm x 0,40 mm &#8211; noir"},"content":{"rendered":"<p>BANDE DE R\u00c9SISTANCE SANS LATEX<\/p>\n<p>\u2022 Bande 45 m x 14 cm x 0,40 mm<br \/>\n\u2022 Couleur: noir (X-Heavy)<\/p>\n<p>Bandes sans latex en 7 couleurs diff\u00e9rentes, chacune correspondante \u00e0 un niveau de r\u00e9sistance et 3 longueurs (1,5, 5,5 et 45 m).<br \/>\nFiables et efficaces, elles sont id\u00e9ales pour am\u00e9liorer la force et l&#8217;ampleur du mouvement.<\/p>\n<p>Leur utilisation fr\u00e9quente accro\u00eet la force musculaire.<br \/>\nConvient aussi bien pour les membres sup\u00e9rieurs et inf\u00e9rieurs.<\/p>\n<p>Ces bandes sans latex assurent les m\u00eames r\u00e9sultats que les bandes traditionnelles.<\/p>","protected":false},"excerpt":{"rendered":"<p>BANDE DE R\u00c9SISTANCE SANS LATEX \u2022 Bande 45 m x 14 cm x 0,40 mm \u2022 Couleur: noir (X-Heavy) Bandes sans latex en 7 couleurs diff\u00e9rentes, chacune correspondante \u00e0 un niveau de r\u00e9sistance et 3 longueurs (1,5, 5,5 et 45 m). Fiables et efficaces, elles sont id\u00e9ales pour am\u00e9liorer la force et l&#8217;ampleur du mouvement. [&hellip;]<\/p>\n","protected":false},"featured_media":32991,"comment_status":"open","ping_status":"closed","template":"","meta":[],"product_brand":[],"product_cat":[166],"product_tag":[],"class_list":{"0":"post-32992","1":"product","2":"type-product","3":"status-publish","4":"has-post-thumbnail","6":"product_cat-equipements-medicaux-et-chirurgicaux","8":"first","9":"instock","10":"taxable","11":"shipping-taxable","12":"purchasable","13":"product-type-simple"},"_links":{"self":[{"href":"https:\/\/promatmedical.com\/en\/wp-json\/wp\/v2\/product\/32992","targetHints":{"allow":["GET"]}}],"collection":[{"href":"https:\/\/promatmedical.com\/en\/wp-json\/wp\/v2\/product"}],"about":[{"href":"https:\/\/promatmedical.com\/en\/wp-json\/wp\/v2\/types\/product"}],"replies":[{"embeddable":true,"href":"https:\/\/promatmedical.com\/en\/wp-json\/wp\/v2\/comments?post=32992"}],"wp:featuredmedia":[{"embeddable":true,"href":"https:\/\/promatmedical.com\/en\/wp-json\/wp\/v2\/media\/32991"}],"wp:attachment":[{"href":"https:\/\/promatmedical.com\/en\/wp-json\/wp\/v2\/media?parent=32992"}],"wp:term":[{"taxonomy":"product_brand","embeddable":true,"href":"https:\/\/promatmedical.com\/en\/wp-json\/wp\/v2\/product_brand?post=32992"},{"taxonomy":"product_cat","embeddable":true,"href":"https:\/\/promatmedical.com\/en\/wp-json\/wp\/v2\/product_cat?post=32992"},{"taxonomy":"product_tag","embeddable":true,"href":"https:\/\/promatmedical.com\/en\/wp-json\/wp\/v2\/product_tag?post=32992"}],"curies":[{"name":"wp","href":"https:\/\/api.w.org\/{rel}","templated":true}]}}