{"id":33016,"date":"2025-03-21T10:45:02","date_gmt":"2025-03-21T09:45:02","guid":{"rendered":"https:\/\/promatmedical.com\/bj\/produit\/tapis-pour-exercices-180x60xh16-cm-bleu-clair\/"},"modified":"2025-03-21T10:45:02","modified_gmt":"2025-03-21T09:45:02","slug":"tapis-pour-exercices-180x60xh16-cm-bleu-clair","status":"publish","type":"product","link":"https:\/\/promatmedical.com\/en\/product\/tapis-pour-exercices-180x60xh16-cm-bleu-clair\/","title":{"rendered":"Tapis pour exercices 180x60xh1,6 cm &#8211; bleu clair"},"content":{"rendered":"<p>TAPIS 180 x 60 xh 1,6 cm &#8211; bleu clair<\/p>\n<p>Tapis \u00e9pais avec structure en mousse d&#8217;\u00e9ponge qui garantit une sensation de confort.<br \/>\nLa structure de mousse \u00e0 cellules ferm\u00e9es r\u00e9siste \u00e0 l&#8217;humidit\u00e9.<br \/>\nFacile \u00e0 rouler pour le rangement.<\/p>","protected":false},"excerpt":{"rendered":"<p>TAPIS 180 x 60 xh 1,6 cm &#8211; bleu clair Tapis \u00e9pais avec structure en mousse d&#8217;\u00e9ponge qui garantit une sensation de confort. La structure de mousse \u00e0 cellules ferm\u00e9es r\u00e9siste \u00e0 l&#8217;humidit\u00e9. Facile \u00e0 rouler pour le rangement.<\/p>","protected":false},"featured_media":33015,"comment_status":"open","ping_status":"closed","template":"","meta":[],"product_brand":[],"product_cat":[166],"product_tag":[],"class_list":{"0":"post-33016","1":"product","2":"type-product","3":"status-publish","4":"has-post-thumbnail","6":"product_cat-equipements-medicaux-et-chirurgicaux","8":"first","9":"instock","10":"taxable","11":"shipping-taxable","12":"purchasable","13":"product-type-simple"},"_links":{"self":[{"href":"https:\/\/promatmedical.com\/en\/wp-json\/wp\/v2\/product\/33016","targetHints":{"allow":["GET"]}}],"collection":[{"href":"https:\/\/promatmedical.com\/en\/wp-json\/wp\/v2\/product"}],"about":[{"href":"https:\/\/promatmedical.com\/en\/wp-json\/wp\/v2\/types\/product"}],"replies":[{"embeddable":true,"href":"https:\/\/promatmedical.com\/en\/wp-json\/wp\/v2\/comments?post=33016"}],"wp:featuredmedia":[{"embeddable":true,"href":"https:\/\/promatmedical.com\/en\/wp-json\/wp\/v2\/media\/33015"}],"wp:attachment":[{"href":"https:\/\/promatmedical.com\/en\/wp-json\/wp\/v2\/media?parent=33016"}],"wp:term":[{"taxonomy":"product_brand","embeddable":true,"href":"https:\/\/promatmedical.com\/en\/wp-json\/wp\/v2\/product_brand?post=33016"},{"taxonomy":"product_cat","embeddable":true,"href":"https:\/\/promatmedical.com\/en\/wp-json\/wp\/v2\/product_cat?post=33016"},{"taxonomy":"product_tag","embeddable":true,"href":"https:\/\/promatmedical.com\/en\/wp-json\/wp\/v2\/product_tag?post=33016"}],"curies":[{"name":"wp","href":"https:\/\/api.w.org\/{rel}","templated":true}]}}