{"id":33020,"date":"2025-03-21T10:45:20","date_gmt":"2025-03-21T09:45:20","guid":{"rendered":"https:\/\/promatmedical.com\/bj\/produit\/coussin-pour-equilibre\/"},"modified":"2025-03-21T10:45:20","modified_gmt":"2025-03-21T09:45:20","slug":"coussin-pour-equilibre","status":"publish","type":"product","link":"https:\/\/promatmedical.com\/en\/product\/coussin-pour-equilibre\/","title":{"rendered":"Coussin pour \u00e9quilibre"},"content":{"rendered":"<p>Coussin \u00e0 air hypoallerg\u00e9nique et non-toxique, fabriqu\u00e9 en mat\u00e9riau souple et flexible et sans latex, PVC, phtalates et chlorure.<\/p>\n<p>Deux surfaces: une lisse et une \u00e0 bulles qui permettent d&#8217;effectuer diff\u00e9rents types d&#8217;exercices.<br \/>\nAm\u00e9liorent la coordination intramusculaire, l&#8217;\u00e9quilibre d&#8217;assise ergonomique et la r\u00e9habilitation.<\/p>\n<p>Charge maximale: 136 kg (300 lb).<br \/>\n\u00d8 35 cm.<\/p>","protected":false},"excerpt":{"rendered":"<p>Coussin \u00e0 air hypoallerg\u00e9nique et non-toxique, fabriqu\u00e9 en mat\u00e9riau souple et flexible et sans latex, PVC, phtalates et chlorure. Deux surfaces: une lisse et une \u00e0 bulles qui permettent d&#8217;effectuer diff\u00e9rents types d&#8217;exercices. Am\u00e9liorent la coordination intramusculaire, l&#8217;\u00e9quilibre d&#8217;assise ergonomique et la r\u00e9habilitation. Charge maximale: 136 kg (300 lb). \u00d8 35 cm.<\/p>","protected":false},"featured_media":33019,"comment_status":"open","ping_status":"closed","template":"","meta":[],"product_brand":[],"product_cat":[166],"product_tag":[],"class_list":{"0":"post-33020","1":"product","2":"type-product","3":"status-publish","4":"has-post-thumbnail","6":"product_cat-equipements-medicaux-et-chirurgicaux","8":"first","9":"instock","10":"taxable","11":"shipping-taxable","12":"purchasable","13":"product-type-simple"},"_links":{"self":[{"href":"https:\/\/promatmedical.com\/en\/wp-json\/wp\/v2\/product\/33020","targetHints":{"allow":["GET"]}}],"collection":[{"href":"https:\/\/promatmedical.com\/en\/wp-json\/wp\/v2\/product"}],"about":[{"href":"https:\/\/promatmedical.com\/en\/wp-json\/wp\/v2\/types\/product"}],"replies":[{"embeddable":true,"href":"https:\/\/promatmedical.com\/en\/wp-json\/wp\/v2\/comments?post=33020"}],"wp:featuredmedia":[{"embeddable":true,"href":"https:\/\/promatmedical.com\/en\/wp-json\/wp\/v2\/media\/33019"}],"wp:attachment":[{"href":"https:\/\/promatmedical.com\/en\/wp-json\/wp\/v2\/media?parent=33020"}],"wp:term":[{"taxonomy":"product_brand","embeddable":true,"href":"https:\/\/promatmedical.com\/en\/wp-json\/wp\/v2\/product_brand?post=33020"},{"taxonomy":"product_cat","embeddable":true,"href":"https:\/\/promatmedical.com\/en\/wp-json\/wp\/v2\/product_cat?post=33020"},{"taxonomy":"product_tag","embeddable":true,"href":"https:\/\/promatmedical.com\/en\/wp-json\/wp\/v2\/product_tag?post=33020"}],"curies":[{"name":"wp","href":"https:\/\/api.w.org\/{rel}","templated":true}]}}