{"id":33054,"date":"2025-03-21T10:47:43","date_gmt":"2025-03-21T09:47:43","guid":{"rendered":"https:\/\/promatmedical.com\/bj\/produit\/barre-flexible-legere-jaune\/"},"modified":"2025-03-21T10:47:43","modified_gmt":"2025-03-21T09:47:43","slug":"barre-flexible-legere-jaune","status":"publish","type":"product","link":"https:\/\/promatmedical.com\/en\/product\/barre-flexible-legere-jaune\/","title":{"rendered":"Barre flexible &#8211; l\u00e9g\u00e8re &#8211; jaune"},"content":{"rendered":"<p>Barre flexible et durable avec surface ondul\u00e9e pour effectuer des exercices d&#8217;am\u00e9lioration de la prise.<\/p>\n<p>Augmente la force de pr\u00e9hension par flexion, torsion ou vibration.<\/p>","protected":false},"excerpt":{"rendered":"<p>Barre flexible et durable avec surface ondul\u00e9e pour effectuer des exercices d&#8217;am\u00e9lioration de la prise. Augmente la force de pr\u00e9hension par flexion, torsion ou vibration.<\/p>","protected":false},"featured_media":33053,"comment_status":"open","ping_status":"closed","template":"","meta":[],"product_brand":[],"product_cat":[166],"product_tag":[],"class_list":{"0":"post-33054","1":"product","2":"type-product","3":"status-publish","4":"has-post-thumbnail","6":"product_cat-equipements-medicaux-et-chirurgicaux","8":"first","9":"instock","10":"taxable","11":"shipping-taxable","12":"purchasable","13":"product-type-simple"},"_links":{"self":[{"href":"https:\/\/promatmedical.com\/en\/wp-json\/wp\/v2\/product\/33054","targetHints":{"allow":["GET"]}}],"collection":[{"href":"https:\/\/promatmedical.com\/en\/wp-json\/wp\/v2\/product"}],"about":[{"href":"https:\/\/promatmedical.com\/en\/wp-json\/wp\/v2\/types\/product"}],"replies":[{"embeddable":true,"href":"https:\/\/promatmedical.com\/en\/wp-json\/wp\/v2\/comments?post=33054"}],"wp:featuredmedia":[{"embeddable":true,"href":"https:\/\/promatmedical.com\/en\/wp-json\/wp\/v2\/media\/33053"}],"wp:attachment":[{"href":"https:\/\/promatmedical.com\/en\/wp-json\/wp\/v2\/media?parent=33054"}],"wp:term":[{"taxonomy":"product_brand","embeddable":true,"href":"https:\/\/promatmedical.com\/en\/wp-json\/wp\/v2\/product_brand?post=33054"},{"taxonomy":"product_cat","embeddable":true,"href":"https:\/\/promatmedical.com\/en\/wp-json\/wp\/v2\/product_cat?post=33054"},{"taxonomy":"product_tag","embeddable":true,"href":"https:\/\/promatmedical.com\/en\/wp-json\/wp\/v2\/product_tag?post=33054"}],"curies":[{"name":"wp","href":"https:\/\/api.w.org\/{rel}","templated":true}]}}