{"id":33065,"date":"2025-03-21T10:48:29","date_gmt":"2025-03-21T09:48:29","guid":{"rendered":"https:\/\/promatmedical.com\/bj\/produit\/lampe-a-led-luxiflex-ii-25-000-lux-sur-socle-a-roulettes\/"},"modified":"2025-03-21T10:48:29","modified_gmt":"2025-03-21T09:48:29","slug":"lampe-a-led-luxiflex-ii-25-000-lux-sur-socle-a-roulettes","status":"publish","type":"product","link":"https:\/\/promatmedical.com\/en\/product\/lampe-a-led-luxiflex-ii-25-000-lux-sur-socle-a-roulettes\/","title":{"rendered":"Lampe \u00e0 led luxiflex ii 25 000 lux &#8211; sur socle \u00e0 roulettes"},"content":{"rendered":"<p>LUXIFLEX II chariot &#8211; LED<\/p>\n<p>Puissante lumi\u00e8re LED offrant une qualit\u00e9 optique exceptionnelle. Le bras flexible, r\u00e9glable en hauteur et tr\u00e8s pr\u00e9cis permet le r\u00e9glage dans toute position. T\u00eate compacte et interrupteur situ\u00e9 sur la base de la lampe. Classe II.<\/p>\n<p>Mode d&#8217;emploi en: GB, FR, IT, DE, ES, PT<\/p>\n<p>Made in Spain.<\/p>","protected":false},"excerpt":{"rendered":"<p>LUXIFLEX II chariot &#8211; LED Puissante lumi\u00e8re LED offrant une qualit\u00e9 optique exceptionnelle. Le bras flexible, r\u00e9glable en hauteur et tr\u00e8s pr\u00e9cis permet le r\u00e9glage dans toute position. T\u00eate compacte et interrupteur situ\u00e9 sur la base de la lampe. Classe II. Mode d&#8217;emploi en: GB, FR, IT, DE, ES, PT Made in Spain.<\/p>","protected":false},"featured_media":18466,"comment_status":"open","ping_status":"closed","template":"","meta":[],"product_brand":[],"product_cat":[166],"product_tag":[],"class_list":{"0":"post-33065","1":"product","2":"type-product","3":"status-publish","4":"has-post-thumbnail","6":"product_cat-equipements-medicaux-et-chirurgicaux","8":"first","9":"instock","10":"taxable","11":"shipping-taxable","12":"purchasable","13":"product-type-simple"},"_links":{"self":[{"href":"https:\/\/promatmedical.com\/en\/wp-json\/wp\/v2\/product\/33065","targetHints":{"allow":["GET"]}}],"collection":[{"href":"https:\/\/promatmedical.com\/en\/wp-json\/wp\/v2\/product"}],"about":[{"href":"https:\/\/promatmedical.com\/en\/wp-json\/wp\/v2\/types\/product"}],"replies":[{"embeddable":true,"href":"https:\/\/promatmedical.com\/en\/wp-json\/wp\/v2\/comments?post=33065"}],"wp:featuredmedia":[{"embeddable":true,"href":"https:\/\/promatmedical.com\/en\/wp-json\/wp\/v2\/media\/18466"}],"wp:attachment":[{"href":"https:\/\/promatmedical.com\/en\/wp-json\/wp\/v2\/media?parent=33065"}],"wp:term":[{"taxonomy":"product_brand","embeddable":true,"href":"https:\/\/promatmedical.com\/en\/wp-json\/wp\/v2\/product_brand?post=33065"},{"taxonomy":"product_cat","embeddable":true,"href":"https:\/\/promatmedical.com\/en\/wp-json\/wp\/v2\/product_cat?post=33065"},{"taxonomy":"product_tag","embeddable":true,"href":"https:\/\/promatmedical.com\/en\/wp-json\/wp\/v2\/product_tag?post=33065"}],"curies":[{"name":"wp","href":"https:\/\/api.w.org\/{rel}","templated":true}]}}