{"id":33068,"date":"2025-03-21T10:48:50","date_gmt":"2025-03-21T09:48:50","guid":{"rendered":"https:\/\/promatmedical.com\/bj\/produit\/lampe-a-led-lumina-chariot\/"},"modified":"2025-03-21T10:48:50","modified_gmt":"2025-03-21T09:48:50","slug":"lampe-a-led-lumina-chariot","status":"publish","type":"product","link":"https:\/\/promatmedical.com\/en\/product\/lampe-a-led-lumina-chariot\/","title":{"rendered":"Lampe \u00e0 led lumina &#8211; chariot"},"content":{"rendered":"<p>LAMPE \u00c0 LED LUMINA &#8211; chariot<\/p>\n<p>Lampe d\u2019exploration traditionnelle \u00e0 LED avec bras flexible.<\/p>\n<p>Mode d\u2019emploi: GB, FR, IT, ES, PT, DE, PL, GR.<\/p>\n<p>Bras flexible extension76 cm r\u00e9glable.<br \/>\nPoign\u00e9e int\u00e9gr\u00e9e sur la t\u00eate de la lampe.<br \/>\nBras flexible en m\u00e9tal rev\u00eatu de PVC avec une position libre \u00e0 360\u00b0<br \/>\nContr\u00f4le de la luminosit\u00e9.<br \/>\nBase en ABS avec frein.<\/p>","protected":false},"excerpt":{"rendered":"<p>LAMPE \u00c0 LED LUMINA &#8211; chariot Lampe d\u2019exploration traditionnelle \u00e0 LED avec bras flexible. Mode d\u2019emploi: GB, FR, IT, ES, PT, DE, PL, GR. Bras flexible extension76 cm r\u00e9glable. Poign\u00e9e int\u00e9gr\u00e9e sur la t\u00eate de la lampe. Bras flexible en m\u00e9tal rev\u00eatu de PVC avec une position libre \u00e0 360\u00b0 Contr\u00f4le de la luminosit\u00e9. Base [&hellip;]<\/p>\n","protected":false},"featured_media":33067,"comment_status":"open","ping_status":"closed","template":"","meta":[],"product_brand":[],"product_cat":[166],"product_tag":[],"class_list":{"0":"post-33068","1":"product","2":"type-product","3":"status-publish","4":"has-post-thumbnail","6":"product_cat-equipements-medicaux-et-chirurgicaux","8":"first","9":"instock","10":"taxable","11":"shipping-taxable","12":"purchasable","13":"product-type-simple"},"_links":{"self":[{"href":"https:\/\/promatmedical.com\/en\/wp-json\/wp\/v2\/product\/33068","targetHints":{"allow":["GET"]}}],"collection":[{"href":"https:\/\/promatmedical.com\/en\/wp-json\/wp\/v2\/product"}],"about":[{"href":"https:\/\/promatmedical.com\/en\/wp-json\/wp\/v2\/types\/product"}],"replies":[{"embeddable":true,"href":"https:\/\/promatmedical.com\/en\/wp-json\/wp\/v2\/comments?post=33068"}],"wp:featuredmedia":[{"embeddable":true,"href":"https:\/\/promatmedical.com\/en\/wp-json\/wp\/v2\/media\/33067"}],"wp:attachment":[{"href":"https:\/\/promatmedical.com\/en\/wp-json\/wp\/v2\/media?parent=33068"}],"wp:term":[{"taxonomy":"product_brand","embeddable":true,"href":"https:\/\/promatmedical.com\/en\/wp-json\/wp\/v2\/product_brand?post=33068"},{"taxonomy":"product_cat","embeddable":true,"href":"https:\/\/promatmedical.com\/en\/wp-json\/wp\/v2\/product_cat?post=33068"},{"taxonomy":"product_tag","embeddable":true,"href":"https:\/\/promatmedical.com\/en\/wp-json\/wp\/v2\/product_tag?post=33068"}],"curies":[{"name":"wp","href":"https:\/\/api.w.org\/{rel}","templated":true}]}}