{"id":33070,"date":"2025-03-21T10:49:00","date_gmt":"2025-03-21T09:49:00","guid":{"rendered":"https:\/\/promatmedical.com\/bj\/produit\/lampe-a-7-leds-hyridia-avec-bras-flexible-chariot\/"},"modified":"2025-03-21T10:49:00","modified_gmt":"2025-03-21T09:49:00","slug":"lampe-a-7-leds-hyridia-avec-bras-flexible-chariot","status":"publish","type":"product","link":"https:\/\/promatmedical.com\/en\/product\/lampe-a-7-leds-hyridia-avec-bras-flexible-chariot\/","title":{"rendered":"Lampe \u00e0 7 leds hyridia avec bras flexible &#8211; chariot"},"content":{"rendered":"<p>LAMPE \u00c0 7 LEDS HYRIDIA &#8211; avec bras flexible &#8211; chariot<\/p>\n<p>Lampes 10W \u00e0 7 leds pour proc\u00e9dures m\u00e9dicales, install\u00e9es sur chariot avec bras souple flexible ou avec bras \u00e0 ressort en m\u00e9tal.<\/p>\n<p>Contr\u00f4le num\u00e9rique de la luminosit\u00e9.<\/p>\n<p>Mode d\u2019emploi: GB, FR, IT, ES, PT, DE, PL, GR.<\/p>\n<p>Poign\u00e9e sur la t\u00eate de la lampe.<br \/>\nLa t\u00eate de guidage en m\u00e9tal permet de r\u00e9gler la direction avec plus de flexibilit\u00e9.<br \/>\nBras flexible en m\u00e9tal avec une position libre \u00e0 360\u00b0, longueur 76 cm.<br \/>\nLarge base amovible pourvue de frein.<\/p>","protected":false},"excerpt":{"rendered":"<p>LAMPE \u00c0 7 LEDS HYRIDIA &#8211; avec bras flexible &#8211; chariot Lampes 10W \u00e0 7 leds pour proc\u00e9dures m\u00e9dicales, install\u00e9es sur chariot avec bras souple flexible ou avec bras \u00e0 ressort en m\u00e9tal. Contr\u00f4le num\u00e9rique de la luminosit\u00e9. Mode d\u2019emploi: GB, FR, IT, ES, PT, DE, PL, GR. Poign\u00e9e sur la t\u00eate de la lampe. [&hellip;]<\/p>\n","protected":false},"featured_media":33069,"comment_status":"open","ping_status":"closed","template":"","meta":[],"product_brand":[],"product_cat":[166],"product_tag":[],"class_list":{"0":"post-33070","1":"product","2":"type-product","3":"status-publish","4":"has-post-thumbnail","6":"product_cat-equipements-medicaux-et-chirurgicaux","8":"first","9":"instock","10":"taxable","11":"shipping-taxable","12":"purchasable","13":"product-type-simple"},"_links":{"self":[{"href":"https:\/\/promatmedical.com\/en\/wp-json\/wp\/v2\/product\/33070","targetHints":{"allow":["GET"]}}],"collection":[{"href":"https:\/\/promatmedical.com\/en\/wp-json\/wp\/v2\/product"}],"about":[{"href":"https:\/\/promatmedical.com\/en\/wp-json\/wp\/v2\/types\/product"}],"replies":[{"embeddable":true,"href":"https:\/\/promatmedical.com\/en\/wp-json\/wp\/v2\/comments?post=33070"}],"wp:featuredmedia":[{"embeddable":true,"href":"https:\/\/promatmedical.com\/en\/wp-json\/wp\/v2\/media\/33069"}],"wp:attachment":[{"href":"https:\/\/promatmedical.com\/en\/wp-json\/wp\/v2\/media?parent=33070"}],"wp:term":[{"taxonomy":"product_brand","embeddable":true,"href":"https:\/\/promatmedical.com\/en\/wp-json\/wp\/v2\/product_brand?post=33070"},{"taxonomy":"product_cat","embeddable":true,"href":"https:\/\/promatmedical.com\/en\/wp-json\/wp\/v2\/product_cat?post=33070"},{"taxonomy":"product_tag","embeddable":true,"href":"https:\/\/promatmedical.com\/en\/wp-json\/wp\/v2\/product_tag?post=33070"}],"curies":[{"name":"wp","href":"https:\/\/api.w.org\/{rel}","templated":true}]}}