{"id":33076,"date":"2025-03-21T10:49:25","date_gmt":"2025-03-21T09:49:25","guid":{"rendered":"https:\/\/promatmedical.com\/bj\/produit\/lampe-a-led-spot-adjusted-chariot\/"},"modified":"2025-03-21T10:49:25","modified_gmt":"2025-03-21T09:49:25","slug":"lampe-a-led-spot-adjusted-chariot","status":"publish","type":"product","link":"https:\/\/promatmedical.com\/en\/product\/lampe-a-led-spot-adjusted-chariot\/","title":{"rendered":"Lampe \u00e0 led &#8216;spot-adjusted&#8217; &#8211; chariot"},"content":{"rendered":"<p>LAMPE \u00c0 LED \u2018SPOT-ADJUSTED\u2019 &#8211; chariot<\/p>\n<p>Lampe d\u2019exploration \u00e0 LED avec lentille optique multi-focale et spot lumineux r\u00e9glable par le mini r\u00e9seau de diffraction interne.<\/p>\n<p>Caract\u00e9ristiques suppl\u00e9mentaires:<br \/>\n&#8211; spot lumineux uniforme et pure<br \/>\n&#8211; lentille optique frontale<br \/>\n&#8211; r\u00e9seau de diffraction interne<br \/>\n&#8211; lentille optique post\u00e9rieure double<br \/>\n&#8211; bras flexible en m\u00e9tal rev\u00eatu de PVC, tr\u00e8s long (100 cm) et avec position libre \u00e0 360\u00b0<\/p>\n<p>Mode d\u2019emploi: GB, FR, IT, ES, PT, DE, PL, GR.<\/p>\n<p>Poign\u00e9e en acier inox.<br \/>\nBras souple flexible et tr\u00e8s long, longueur 100 cm.<br \/>\nLe spot lumineux est r\u00e9glable moyennant le cercle sur la t\u00eate de la lampe.<br \/>\nContr\u00f4le num\u00e9rique de la luminosit\u00e9.<br \/>\nBase modulaire en ABS.<\/p>","protected":false},"excerpt":{"rendered":"<p>LAMPE \u00c0 LED \u2018SPOT-ADJUSTED\u2019 &#8211; chariot Lampe d\u2019exploration \u00e0 LED avec lentille optique multi-focale et spot lumineux r\u00e9glable par le mini r\u00e9seau de diffraction interne. Caract\u00e9ristiques suppl\u00e9mentaires: &#8211; spot lumineux uniforme et pure &#8211; lentille optique frontale &#8211; r\u00e9seau de diffraction interne &#8211; lentille optique post\u00e9rieure double &#8211; bras flexible en m\u00e9tal rev\u00eatu de PVC, [&hellip;]<\/p>\n","protected":false},"featured_media":33075,"comment_status":"open","ping_status":"closed","template":"","meta":[],"product_brand":[],"product_cat":[166],"product_tag":[],"class_list":{"0":"post-33076","1":"product","2":"type-product","3":"status-publish","4":"has-post-thumbnail","6":"product_cat-equipements-medicaux-et-chirurgicaux","8":"first","9":"instock","10":"taxable","11":"shipping-taxable","12":"purchasable","13":"product-type-simple"},"_links":{"self":[{"href":"https:\/\/promatmedical.com\/en\/wp-json\/wp\/v2\/product\/33076","targetHints":{"allow":["GET"]}}],"collection":[{"href":"https:\/\/promatmedical.com\/en\/wp-json\/wp\/v2\/product"}],"about":[{"href":"https:\/\/promatmedical.com\/en\/wp-json\/wp\/v2\/types\/product"}],"replies":[{"embeddable":true,"href":"https:\/\/promatmedical.com\/en\/wp-json\/wp\/v2\/comments?post=33076"}],"wp:featuredmedia":[{"embeddable":true,"href":"https:\/\/promatmedical.com\/en\/wp-json\/wp\/v2\/media\/33075"}],"wp:attachment":[{"href":"https:\/\/promatmedical.com\/en\/wp-json\/wp\/v2\/media?parent=33076"}],"wp:term":[{"taxonomy":"product_brand","embeddable":true,"href":"https:\/\/promatmedical.com\/en\/wp-json\/wp\/v2\/product_brand?post=33076"},{"taxonomy":"product_cat","embeddable":true,"href":"https:\/\/promatmedical.com\/en\/wp-json\/wp\/v2\/product_cat?post=33076"},{"taxonomy":"product_tag","embeddable":true,"href":"https:\/\/promatmedical.com\/en\/wp-json\/wp\/v2\/product_tag?post=33076"}],"curies":[{"name":"wp","href":"https:\/\/api.w.org\/{rel}","templated":true}]}}