{"id":33082,"date":"2025-03-21T10:49:54","date_gmt":"2025-03-21T09:49:54","guid":{"rendered":"https:\/\/promatmedical.com\/bj\/produit\/lampe-a-led-ri-magic-murale\/"},"modified":"2025-03-21T10:49:54","modified_gmt":"2025-03-21T09:49:54","slug":"lampe-a-led-ri-magic-murale","status":"publish","type":"product","link":"https:\/\/promatmedical.com\/en\/product\/lampe-a-led-ri-magic-murale\/","title":{"rendered":"Lampe \u00e0 led ri-magic &#8211; murale"},"content":{"rendered":"<p>RI-MAGIC\u00ae HP LED &#8211; murale<\/p>\n<p>Lampes m\u00e9dicales \u00e0 LED tr\u00e8s performantes pour examens et proc\u00e9dures.<br \/>\n&#8211; technologie LED de pointe, 6 000 \u00b0K<br \/>\n&#8211; dur\u00e9e de la lampe jusqu\u2019\u00e0 50 000 h<br \/>\n&#8211; r\u00e9duction significative de la chaleur et de l\u2019\u00e9nergie<br \/>\n&#8211; dispositif de foyer \u00e0 l\u2019avant du support de lampe<br \/>\n&#8211; le long bras sp\u00e9cial tr\u00e8s flexible peut \u00eatre pli\u00e9 en toute direction<br \/>\n&#8211; poign\u00e9e avec rh\u00e9ostat pour le r\u00e9glage progressif de l\u2019intensit\u00e9 lumineuse.<\/p>\n<p>Mode d&#8217;emploi: GB, FR, IT, ES, DE, RU.<\/p>\n<p>Made in Germany.<\/p>","protected":false},"excerpt":{"rendered":"<p>RI-MAGIC\u00ae HP LED &#8211; murale Lampes m\u00e9dicales \u00e0 LED tr\u00e8s performantes pour examens et proc\u00e9dures. &#8211; technologie LED de pointe, 6 000 \u00b0K &#8211; dur\u00e9e de la lampe jusqu\u2019\u00e0 50 000 h &#8211; r\u00e9duction significative de la chaleur et de l\u2019\u00e9nergie &#8211; dispositif de foyer \u00e0 l\u2019avant du support de lampe &#8211; le long bras [&hellip;]<\/p>\n","protected":false},"featured_media":33081,"comment_status":"open","ping_status":"closed","template":"","meta":[],"product_brand":[],"product_cat":[166],"product_tag":[],"class_list":{"0":"post-33082","1":"product","2":"type-product","3":"status-publish","4":"has-post-thumbnail","6":"product_cat-equipements-medicaux-et-chirurgicaux","8":"first","9":"instock","10":"taxable","11":"shipping-taxable","12":"purchasable","13":"product-type-simple"},"_links":{"self":[{"href":"https:\/\/promatmedical.com\/en\/wp-json\/wp\/v2\/product\/33082","targetHints":{"allow":["GET"]}}],"collection":[{"href":"https:\/\/promatmedical.com\/en\/wp-json\/wp\/v2\/product"}],"about":[{"href":"https:\/\/promatmedical.com\/en\/wp-json\/wp\/v2\/types\/product"}],"replies":[{"embeddable":true,"href":"https:\/\/promatmedical.com\/en\/wp-json\/wp\/v2\/comments?post=33082"}],"wp:featuredmedia":[{"embeddable":true,"href":"https:\/\/promatmedical.com\/en\/wp-json\/wp\/v2\/media\/33081"}],"wp:attachment":[{"href":"https:\/\/promatmedical.com\/en\/wp-json\/wp\/v2\/media?parent=33082"}],"wp:term":[{"taxonomy":"product_brand","embeddable":true,"href":"https:\/\/promatmedical.com\/en\/wp-json\/wp\/v2\/product_brand?post=33082"},{"taxonomy":"product_cat","embeddable":true,"href":"https:\/\/promatmedical.com\/en\/wp-json\/wp\/v2\/product_cat?post=33082"},{"taxonomy":"product_tag","embeddable":true,"href":"https:\/\/promatmedical.com\/en\/wp-json\/wp\/v2\/product_tag?post=33082"}],"curies":[{"name":"wp","href":"https:\/\/api.w.org\/{rel}","templated":true}]}}