{"id":33086,"date":"2025-03-21T10:50:14","date_gmt":"2025-03-21T09:50:14","guid":{"rendered":"https:\/\/promatmedical.com\/bj\/produit\/lampe-a-led-saturno-chariot-avec-kit-batterie\/"},"modified":"2025-03-21T10:50:14","modified_gmt":"2025-03-21T09:50:14","slug":"lampe-a-led-saturno-chariot-avec-kit-batterie","status":"publish","type":"product","link":"https:\/\/promatmedical.com\/en\/product\/lampe-a-led-saturno-chariot-avec-kit-batterie\/","title":{"rendered":"Lampe \u00e0 led saturno &#8211; chariot avec kit batterie"},"content":{"rendered":"<p>Lampe \u00e0 LED Saturno &#8211; pied mobile avec kit batterie<\/p>\n<p>SATURNO est une lampe sans ombres pour petite chirurgie, gyn\u00e9cologie et examens.<br \/>\n&#8211; Les faisceaux lumineux sont g\u00e9n\u00e9r\u00e9s par 9 LED de 2.5 W chacun<br \/>\n&#8211; La chaleur est dissip\u00e9e \u00e0 travers le r\u00e9flecteur lumineux en aluminium<br \/>\n&#8211; Choix entre 2 types de temp\u00e9rature blanche: 4000\u00b0 K e 4500\u00b0K<br \/>\n&#8211; Intensit\u00e9 lumineuse r\u00e9glable en 6 niveaux diff\u00e9rents gr\u00e2ce \u00e0 une cl\u00e9 plac\u00e9e sur la membrane frontale<br \/>\n&#8211; Intensit\u00e9 lumineuse de 50 000 lux \u00e0 1 m diam\u00e8tre du champ lumineux de 28 cm<br \/>\n&#8211; Coussins \u00e0 friction r\u00e9glables mont\u00e9s sur chaque articulation de la lampe<br \/>\n&#8211; Pas besoin de mise au point gr\u00e2ce au concept optique<\/p>\n<p>Kit batterie avec chargeur: 4 h d\u2019autonomie, 6 h de recharge.<\/p>\n<p>Made in Italy.<\/p>","protected":false},"excerpt":{"rendered":"<p>Lampe \u00e0 LED Saturno &#8211; pied mobile avec kit batterie SATURNO est une lampe sans ombres pour petite chirurgie, gyn\u00e9cologie et examens. &#8211; Les faisceaux lumineux sont g\u00e9n\u00e9r\u00e9s par 9 LED de 2.5 W chacun &#8211; La chaleur est dissip\u00e9e \u00e0 travers le r\u00e9flecteur lumineux en aluminium &#8211; Choix entre 2 types de temp\u00e9rature blanche: [&hellip;]<\/p>\n","protected":false},"featured_media":33085,"comment_status":"open","ping_status":"closed","template":"","meta":[],"product_brand":[],"product_cat":[166],"product_tag":[],"class_list":{"0":"post-33086","1":"product","2":"type-product","3":"status-publish","4":"has-post-thumbnail","6":"product_cat-equipements-medicaux-et-chirurgicaux","8":"first","9":"instock","10":"taxable","11":"shipping-taxable","12":"purchasable","13":"product-type-simple"},"_links":{"self":[{"href":"https:\/\/promatmedical.com\/en\/wp-json\/wp\/v2\/product\/33086","targetHints":{"allow":["GET"]}}],"collection":[{"href":"https:\/\/promatmedical.com\/en\/wp-json\/wp\/v2\/product"}],"about":[{"href":"https:\/\/promatmedical.com\/en\/wp-json\/wp\/v2\/types\/product"}],"replies":[{"embeddable":true,"href":"https:\/\/promatmedical.com\/en\/wp-json\/wp\/v2\/comments?post=33086"}],"wp:featuredmedia":[{"embeddable":true,"href":"https:\/\/promatmedical.com\/en\/wp-json\/wp\/v2\/media\/33085"}],"wp:attachment":[{"href":"https:\/\/promatmedical.com\/en\/wp-json\/wp\/v2\/media?parent=33086"}],"wp:term":[{"taxonomy":"product_brand","embeddable":true,"href":"https:\/\/promatmedical.com\/en\/wp-json\/wp\/v2\/product_brand?post=33086"},{"taxonomy":"product_cat","embeddable":true,"href":"https:\/\/promatmedical.com\/en\/wp-json\/wp\/v2\/product_cat?post=33086"},{"taxonomy":"product_tag","embeddable":true,"href":"https:\/\/promatmedical.com\/en\/wp-json\/wp\/v2\/product_tag?post=33086"}],"curies":[{"name":"wp","href":"https:\/\/api.w.org\/{rel}","templated":true}]}}